{"id":831,"date":"2015-08-31T13:29:58","date_gmt":"2015-08-31T11:29:58","guid":{"rendered":"http:\/\/www.obeczubri.cz\/hasici\/?page_id=831"},"modified":"2015-08-31T13:29:58","modified_gmt":"2015-08-31T11:29:58","slug":"okolni-sbory","status":"publish","type":"page","link":"https:\/\/www.obeczubri.cz\/hasici\/okolni-sbory\/","title":{"rendered":"Okoln\u00ed sbory"},"content":{"rendered":"<div class=\"text-box\"><a href=\"http:\/\/www.sdhzdar2.cz\/\" target=\"_blank\"><strong>SDH \u017d\u010f\u00e1r nad S\u00e1zavou 2<\/strong><\/a>&#8211; SDH \u017d\u010f\u00e1r nad S\u00e1zavou z\u00e1mek<\/div>\n<div class=\"text-box\"><a href=\"http:\/\/sdh-bystricenp.mzf.cz\/\" target=\"_blank\"><strong>SDH Byst\u0159ice nad Pern\u0161tejnem<\/strong><\/a>&#8211; str\u00e1nky sboru dobrovoln\u00fdch hasi\u010d\u016f Byst\u0159ice nad Pern\u0161tejnem<\/div>\n<div class=\"text-box\"><a href=\"http:\/\/sdh.nmnm.cz\/\" target=\"_blank\"><strong>SDH Nov\u00e9 M\u011bsto na Morav\u011b<\/strong><\/a>&#8211; str\u00e1nky sboru dobrovoln\u00fdch hasi\u010d\u016f Nov\u00e9 M\u011bsto na Morav\u011b<\/div>\n<div class=\"text-box\"><a href=\"http:\/\/www.sdh-pohledec.mypage.cz\/\" target=\"_blank\"><strong>SDH Pohledec<\/strong><\/a>&#8211; str\u00e1nky sboru dobrovoln\u00fdch hasi\u010d\u016f Pohledec<\/div>\n<div class=\"text-box\"><a href=\"http:\/\/www.sdh-polnicka.cz\" target=\"_blank\"><strong>SDH Polni\u010dka<\/strong><\/a>&#8211; str\u00e1nky sboru dobrovoln\u00fdch hasi\u010d\u016f Polni\u010dka<\/div>\n","protected":false},"excerpt":{"rendered":"<p>SDH \u017d\u010f\u00e1r nad S\u00e1zavou 2&#8211; SDH \u017d\u010f\u00e1r nad S\u00e1zavou z\u00e1mek SDH Byst\u0159ice nad Pern\u0161tejnem&#8211; str\u00e1nky sboru dobrovoln\u00fdch hasi\u010d\u016f Byst\u0159ice nad Pern\u0161tejnem SDH Nov\u00e9 M\u011bsto na Morav\u011b&#8211; str\u00e1nky sboru dobrovoln\u00fdch hasi\u010d\u016f Nov\u00e9 M\u011bsto na Morav\u011b SDH Pohledec&#8211; str\u00e1nky sboru dobrovoln\u00fdch hasi\u010d\u016f Pohledec SDH Polni\u010dka&#8211; str\u00e1nky sboru dobrovoln\u00fdch hasi\u010d\u016f Polni\u010dka<\/p>\n","protected":false},"author":1,"featured_media":0,"parent":0,"menu_order":0,"comment_status":"closed","ping_status":"closed","template":"","meta":{"jetpack_post_was_ever_published":false,"footnotes":""},"class_list":["post-831","page","type-page","status-publish","hentry"],"jetpack_sharing_enabled":true,"jetpack_shortlink":"https:\/\/wp.me\/P91NNl-dp","_links":{"self":[{"href":"https:\/\/www.obeczubri.cz\/hasici\/wp-json\/wp\/v2\/pages\/831"}],"collection":[{"href":"https:\/\/www.obeczubri.cz\/hasici\/wp-json\/wp\/v2\/pages"}],"about":[{"href":"https:\/\/www.obeczubri.cz\/hasici\/wp-json\/wp\/v2\/types\/page"}],"author":[{"embeddable":true,"href":"https:\/\/www.obeczubri.cz\/hasici\/wp-json\/wp\/v2\/users\/1"}],"replies":[{"embeddable":true,"href":"https:\/\/www.obeczubri.cz\/hasici\/wp-json\/wp\/v2\/comments?post=831"}],"version-history":[{"count":1,"href":"https:\/\/www.obeczubri.cz\/hasici\/wp-json\/wp\/v2\/pages\/831\/revisions"}],"predecessor-version":[{"id":832,"href":"https:\/\/www.obeczubri.cz\/hasici\/wp-json\/wp\/v2\/pages\/831\/revisions\/832"}],"wp:attachment":[{"href":"https:\/\/www.obeczubri.cz\/hasici\/wp-json\/wp\/v2\/media?parent=831"}],"curies":[{"name":"wp","href":"https:\/\/api.w.org\/{rel}","templated":true}]}}