{"id":715,"date":"2015-08-31T11:53:34","date_gmt":"2015-08-31T09:53:34","guid":{"rendered":"http:\/\/www.obeczubri.cz\/hasici\/?page_id=715"},"modified":"2017-07-31T11:55:18","modified_gmt":"2017-07-31T09:55:18","slug":"kontakt-sdh","status":"publish","type":"page","link":"https:\/\/www.obeczubri.cz\/hasici\/kontakt-sdh\/","title":{"rendered":"Kontakt SDH"},"content":{"rendered":"<p><a href=\"http:\/\/www.obeczubri.cz\/hasici\/wp-content\/uploads\/2015\/08\/110108134634-honza.jpg\" data-rel=\"lightbox-image-0\" data-rl_title=\"\" data-rl_caption=\"\" title=\"\"><img loading=\"lazy\" decoding=\"async\" class=\"alignleft wp-image-224 size-thumbnail\" src=\"http:\/\/www.obeczubri.cz\/hasici\/wp-content\/uploads\/2015\/08\/110108134634-honza-150x150.jpg\" alt=\"\" width=\"150\" height=\"150\" \/><\/a><\/p>\n<h3 style=\"text-align: left;\">Jan Luke\u0161 &#8211; VELITEL SBORU<\/h3>\n<p style=\"text-align: left;\"><strong>Email: <\/strong><a href=\"mailto:lukes-jan@seznam.cz\">lukes-jan@seznam.cz<\/a><br \/>\n<strong>Telefon: <\/strong>+420 777 634 414<\/p>\n<p>&nbsp;<\/p>\n<p>&nbsp;<\/p>\n<hr \/>\n<h3 style=\"text-align: left;\"><a href=\"http:\/\/www.obeczubri.cz\/hasici\/team-details\/pavel-jambor\/110108133259-pavel-jambor\/\"><img loading=\"lazy\" decoding=\"async\" class=\"alignleft wp-image-360 size-thumbnail\" src=\"http:\/\/www.obeczubri.cz\/hasici\/wp-content\/uploads\/2015\/08\/110108133259-pavel-jambor-150x150.jpg\" alt=\"\" width=\"150\" height=\"150\" \/><\/a><\/h3>\n<h3 style=\"text-align: left;\">Pavel Jambor &#8211; STAROSTA SBORU<\/h3>\n<p><strong>Telefon: <\/strong>+420 603 260 850<\/p>\n<p>&nbsp;<\/p>\n<p>&nbsp;<\/p>\n<p>&nbsp;<\/p>\n<hr \/>\n<h3 style=\"text-align: left;\">Marta Jur\u00e1nkov\u00e1 &#8211; JEDNATELKA SBORU<\/h3>\n<p style=\"text-align: left;\"><strong>Email: <\/strong><a href=\"mailto:martulka7@centrum.cz\">martulka7@centrum.cz<\/a><br \/>\n<strong>Telefon: <\/strong>+420 737 973 483<\/p>\n<p>&nbsp;<\/p>\n<hr \/>\n<h3 style=\"text-align: left;\"><a href=\"http:\/\/www.obeczubri.cz\/hasici\/wp-content\/uploads\/2015\/08\/9y126ogjgbqinxj.jpg\" data-rel=\"lightbox-image-1\" data-rl_title=\"\" data-rl_caption=\"\" title=\"\"><img loading=\"lazy\" decoding=\"async\" class=\"alignleft size-thumbnail wp-image-388\" src=\"http:\/\/www.obeczubri.cz\/hasici\/wp-content\/uploads\/2015\/08\/9y126ogjgbqinxj-150x150.jpg\" alt=\"OLYMPUS DIGITAL CAMERA\" width=\"150\" height=\"150\" \/><\/a>Michal Jur\u00e1nek &#8211; ADMINISTR\u00c1TOR WEBU<\/h3>\n<p style=\"text-align: left;\"><strong>Email: <\/strong><a href=\"mailto:michal.juranek@email.cz\">michal.juranek@email.cz<\/a><br \/>\n<strong>Telefon: <\/strong>+420 737 805 568<\/p>\n","protected":false},"excerpt":{"rendered":"<p>Jan Luke\u0161 &#8211; VELITEL SBORU Email: lukes-jan@seznam.cz Telefon: +420 777 634 414 &nbsp; &nbsp; Pavel Jambor &#8211; STAROSTA SBORU Telefon: +420 603 260 850 &nbsp; &nbsp; &nbsp; Marta Jur\u00e1nkov\u00e1 &#8211; JEDNATELKA SBORU Email: martulka7@centrum.cz Telefon: +420 737 973 483 &nbsp; Michal Jur\u00e1nek &#8211; ADMINISTR\u00c1TOR WEBU Email: michal.juranek@email.cz Telefon: +420 737 805 568<\/p>\n","protected":false},"author":1,"featured_media":0,"parent":0,"menu_order":0,"comment_status":"closed","ping_status":"closed","template":"","meta":{"jetpack_post_was_ever_published":false,"footnotes":""},"class_list":["post-715","page","type-page","status-publish","hentry"],"jetpack_sharing_enabled":true,"jetpack_shortlink":"https:\/\/wp.me\/P91NNl-bx","_links":{"self":[{"href":"https:\/\/www.obeczubri.cz\/hasici\/wp-json\/wp\/v2\/pages\/715"}],"collection":[{"href":"https:\/\/www.obeczubri.cz\/hasici\/wp-json\/wp\/v2\/pages"}],"about":[{"href":"https:\/\/www.obeczubri.cz\/hasici\/wp-json\/wp\/v2\/types\/page"}],"author":[{"embeddable":true,"href":"https:\/\/www.obeczubri.cz\/hasici\/wp-json\/wp\/v2\/users\/1"}],"replies":[{"embeddable":true,"href":"https:\/\/www.obeczubri.cz\/hasici\/wp-json\/wp\/v2\/comments?post=715"}],"version-history":[{"count":15,"href":"https:\/\/www.obeczubri.cz\/hasici\/wp-json\/wp\/v2\/pages\/715\/revisions"}],"predecessor-version":[{"id":2446,"href":"https:\/\/www.obeczubri.cz\/hasici\/wp-json\/wp\/v2\/pages\/715\/revisions\/2446"}],"wp:attachment":[{"href":"https:\/\/www.obeczubri.cz\/hasici\/wp-json\/wp\/v2\/media?parent=715"}],"curies":[{"name":"wp","href":"https:\/\/api.w.org\/{rel}","templated":true}]}}