{"id":711,"date":"2015-08-31T11:48:10","date_gmt":"2015-08-31T09:48:10","guid":{"rendered":"http:\/\/www.obeczubri.cz\/hasici\/?page_id=711"},"modified":"2017-07-31T11:52:36","modified_gmt":"2017-07-31T09:52:36","slug":"kontakt-mh","status":"publish","type":"page","link":"https:\/\/www.obeczubri.cz\/hasici\/kontakt-mh\/","title":{"rendered":"Kontakt MH"},"content":{"rendered":"<h3><a href=\"http:\/\/www.obeczubri.cz\/hasici\/wp-content\/uploads\/2015\/08\/3yqbk8w5f3phhbv.jpg\" data-rel=\"lightbox-image-0\" data-rl_title=\"\" data-rl_caption=\"\" title=\"\"><img loading=\"lazy\" decoding=\"async\" class=\"alignleft size-thumbnail wp-image-229\" src=\"http:\/\/www.obeczubri.cz\/hasici\/wp-content\/uploads\/2015\/08\/3yqbk8w5f3phhbv-150x150.jpg\" alt=\"3yqbk8w5f3phhbv\" width=\"150\" height=\"150\" \/><\/a>Martin Kosteck\u00fd &#8211; vedouc\u00ed<\/h3>\n<p><strong>Email: <\/strong><a href=\"mailto:martinkostecky@email.cz\">martinkostecky@email.cz<\/a><br \/>\n<strong>Telefon: <\/strong>603 990 353<\/p>\n<p>&nbsp;<\/p>\n<p>&nbsp;<\/p>\n<p>&nbsp;<\/p>\n<hr \/>\n<h3>Roman SVOBODA &#8211; vedouc\u00ed<\/h3>\n<p><strong>Telefon: <\/strong>606 544 452<\/p>\n","protected":false},"excerpt":{"rendered":"<p>Martin Kosteck\u00fd &#8211; vedouc\u00ed Email: martinkostecky@email.cz Telefon: 603 990 353 &nbsp; &nbsp; &nbsp; Roman SVOBODA &#8211; vedouc\u00ed Telefon: 606 544 452<\/p>\n","protected":false},"author":1,"featured_media":0,"parent":0,"menu_order":0,"comment_status":"closed","ping_status":"closed","template":"","meta":{"jetpack_post_was_ever_published":false,"footnotes":""},"class_list":["post-711","page","type-page","status-publish","hentry"],"jetpack_sharing_enabled":true,"jetpack_shortlink":"https:\/\/wp.me\/P91NNl-bt","_links":{"self":[{"href":"https:\/\/www.obeczubri.cz\/hasici\/wp-json\/wp\/v2\/pages\/711"}],"collection":[{"href":"https:\/\/www.obeczubri.cz\/hasici\/wp-json\/wp\/v2\/pages"}],"about":[{"href":"https:\/\/www.obeczubri.cz\/hasici\/wp-json\/wp\/v2\/types\/page"}],"author":[{"embeddable":true,"href":"https:\/\/www.obeczubri.cz\/hasici\/wp-json\/wp\/v2\/users\/1"}],"replies":[{"embeddable":true,"href":"https:\/\/www.obeczubri.cz\/hasici\/wp-json\/wp\/v2\/comments?post=711"}],"version-history":[{"count":8,"href":"https:\/\/www.obeczubri.cz\/hasici\/wp-json\/wp\/v2\/pages\/711\/revisions"}],"predecessor-version":[{"id":2444,"href":"https:\/\/www.obeczubri.cz\/hasici\/wp-json\/wp\/v2\/pages\/711\/revisions\/2444"}],"wp:attachment":[{"href":"https:\/\/www.obeczubri.cz\/hasici\/wp-json\/wp\/v2\/media?parent=711"}],"curies":[{"name":"wp","href":"https:\/\/api.w.org\/{rel}","templated":true}]}}