{"id":635,"date":"2015-08-31T10:51:22","date_gmt":"2015-08-31T08:51:22","guid":{"rendered":"http:\/\/www.obeczubri.cz\/hasici\/?page_id=635"},"modified":"2015-08-31T10:52:20","modified_gmt":"2015-08-31T08:52:20","slug":"hasicske-desatero","status":"publish","type":"page","link":"https:\/\/www.obeczubri.cz\/hasici\/hasicske-desatero\/","title":{"rendered":"Hasi\u010dsk\u00e9 desatero"},"content":{"rendered":"<h4 style=\"text-align: center;\"><b>Bohu ke cti, vlasti k ochran\u011b, bli\u017en\u00edmu ku pomoci.<\/b><\/h4>\n<ul>\n<li>Nehledej v dobrovoln\u00e9m sboru hasi\u010dsk\u00e9m ni zisku, ni sl\u00e1vy, n\u00fdbr\u017e jen povinnosti bratrsk\u00e9 pomoci v ne\u0161t\u011bst\u00ed.<\/li>\n<li>Jsi-li hasi\u010dsk\u00fdm dobrovoln\u00edkem, bu\u010f j\u00edm celou du\u0161\u00ed a cel\u00fdm t\u011blem, nem\u00e1\u0161-li dobr\u00e9 v\u016fle, nejsi dobrovoln\u00edkem a jsi dobr\u00e9 v\u011bci na obt\u00ed\u017e.<\/li>\n<li>Bu\u010f ob\u011btav\u00fd a state\u010dn\u00fd, ale jednej v\u017edy s rozvahou, zbyte\u010dn\u011b nevyd\u00e1vej se v nebezpe\u010d\u00ed a dbej v \u010dinnosti hasi\u010dsk\u00e9 sv\u00e9ho zdrav\u00ed.<\/li>\n<li>Jsi-li \u010dinovn\u00edkem, nevyp\u00ednej se nad jin\u00e9, ale pamatuj, \u017ee ti, kte\u0159\u00ed T\u011b zvolili, o\u010dek\u00e1vaj\u00ed od Tebe \u010dinnosti zv\u00fd\u0161enou a v\u0161echny p\u0159ednosti t\u011bla i du\u0161e.<\/li>\n<li>Bratry sv\u00e9 pova\u017euj za rodn\u00e9, jsi-li vzd\u011blan\u011bj\u0161\u00ed, nepohrdej jimi, ale hle\u010f se jich povzn\u00e9st.<\/li>\n<li>Pamatuj, \u017ee na hasi\u010dsk\u00e9m dobrovoln\u00edku se \u017e\u00e1d\u00e1 povaha p\u0159\u00edm\u00e1, \u0161lechetn\u00e1 a vlasteneck\u00e1, v pospolit\u00e9m jedn\u00e1n\u00ed po\u010destn\u00e1 a vl\u00eddn\u00e1.<\/li>\n<li>U\u017eite\u010dnost hasi\u010dsk\u00e9ho z\u0159\u00edzen\u00ed dokazuje se l\u00e9pe skutky ne\u017e slovy, ale z\u00e1jmy hasi\u010dsk\u00e9 dlu\u017eno v\u017edy a v\u0161ude slu\u0161n\u00fdm zp\u016fsobem h\u00e1jit.<\/li>\n<li>Nevyvol\u00e1vej ve spolku\u00a0spor\u016f a pohor\u0161en\u00ed, ale p\u0159i\u010di\u0148 se kv\u016fli dobr\u00e9 v\u011bci, abys v\u0161elik\u00e9 neshody p\u0159\u00e1telsk\u00fdm zp\u016fsobem zamezil nebo usm\u00ed\u0159il.<\/li>\n<li>M\u00e1\u0161-li na sob\u011b \u010destn\u00fd stejnokroj hasi\u010dsk\u00e9ho dobrovoln\u00edka, pamatuj, \u017ee nevhodn\u00fdm zp\u016fsobem a chov\u00e1n\u00edm nezp\u016fsob\u00ed\u0161 hanbu jen sob\u011b, ale za\u0159\u00edzen\u00ed, jeho\u017e odznak nos\u00ed\u0161.<\/li>\n<li>Jsi-li \u010dlenem hasi\u010dsk\u00e9 dobrovolnosti, pak se t\u00edmto desaterem \u0159i\u010f a pak bude\u0161 dobr\u00fdm hasi\u010dsk\u00fdm dobrovoln\u00edkem.<\/li>\n<\/ul>\n","protected":false},"excerpt":{"rendered":"<p>Bohu ke cti, vlasti k ochran\u011b, bli\u017en\u00edmu ku pomoci. Nehledej v dobrovoln\u00e9m sboru hasi\u010dsk\u00e9m ni zisku, ni sl\u00e1vy, n\u00fdbr\u017e jen povinnosti bratrsk\u00e9 pomoci v ne\u0161t\u011bst\u00ed. Jsi-li hasi\u010dsk\u00fdm dobrovoln\u00edkem, bu\u010f j\u00edm celou du\u0161\u00ed a cel\u00fdm t\u011blem, nem\u00e1\u0161-li dobr\u00e9 v\u016fle, nejsi dobrovoln\u00edkem a jsi dobr\u00e9 v\u011bci na obt\u00ed\u017e. Bu\u010f ob\u011btav\u00fd a state\u010dn\u00fd, ale jednej v\u017edy s rozvahou, [&hellip;]<\/p>\n","protected":false},"author":1,"featured_media":0,"parent":0,"menu_order":0,"comment_status":"closed","ping_status":"closed","template":"","meta":{"jetpack_post_was_ever_published":false,"footnotes":""},"class_list":["post-635","page","type-page","status-publish","hentry"],"jetpack_sharing_enabled":true,"jetpack_shortlink":"https:\/\/wp.me\/P91NNl-af","_links":{"self":[{"href":"https:\/\/www.obeczubri.cz\/hasici\/wp-json\/wp\/v2\/pages\/635"}],"collection":[{"href":"https:\/\/www.obeczubri.cz\/hasici\/wp-json\/wp\/v2\/pages"}],"about":[{"href":"https:\/\/www.obeczubri.cz\/hasici\/wp-json\/wp\/v2\/types\/page"}],"author":[{"embeddable":true,"href":"https:\/\/www.obeczubri.cz\/hasici\/wp-json\/wp\/v2\/users\/1"}],"replies":[{"embeddable":true,"href":"https:\/\/www.obeczubri.cz\/hasici\/wp-json\/wp\/v2\/comments?post=635"}],"version-history":[{"count":2,"href":"https:\/\/www.obeczubri.cz\/hasici\/wp-json\/wp\/v2\/pages\/635\/revisions"}],"predecessor-version":[{"id":638,"href":"https:\/\/www.obeczubri.cz\/hasici\/wp-json\/wp\/v2\/pages\/635\/revisions\/638"}],"wp:attachment":[{"href":"https:\/\/www.obeczubri.cz\/hasici\/wp-json\/wp\/v2\/media?parent=635"}],"curies":[{"name":"wp","href":"https:\/\/api.w.org\/{rel}","templated":true}]}}