{"id":49,"date":"2015-08-19T19:19:44","date_gmt":"2015-08-19T17:19:44","guid":{"rendered":"http:\/\/www.obeczubri.cz\/hasici\/?page_id=49"},"modified":"2017-08-01T21:35:21","modified_gmt":"2017-08-01T19:35:21","slug":"uvodni-stranka","status":"publish","type":"page","link":"https:\/\/www.obeczubri.cz\/hasici\/","title":{"rendered":"Tituln\u00ed strana"},"content":{"rendered":"<p><a href=\"http:\/\/www.obeczubri.cz\/hasici\/header-hasici-new-jpg\/\"><img loading=\"lazy\" decoding=\"async\" class=\"alignleft wp-image-2352 size-full\" src=\"http:\/\/www.obeczubri.cz\/hasici\/wp-content\/uploads\/2015\/09\/header-hasici-new.jpg\" alt=\"\" width=\"1200\" height=\"250\" srcset=\"https:\/\/www.obeczubri.cz\/hasici\/wp-content\/uploads\/2015\/09\/header-hasici-new.jpg 1200w, https:\/\/www.obeczubri.cz\/hasici\/wp-content\/uploads\/2015\/09\/header-hasici-new-300x63.jpg 300w, https:\/\/www.obeczubri.cz\/hasici\/wp-content\/uploads\/2015\/09\/header-hasici-new-1024x213.jpg 1024w, https:\/\/www.obeczubri.cz\/hasici\/wp-content\/uploads\/2015\/09\/header-hasici-new-250x52.jpg 250w, https:\/\/www.obeczubri.cz\/hasici\/wp-content\/uploads\/2015\/09\/header-hasici-new-150x31.jpg 150w, https:\/\/www.obeczubri.cz\/hasici\/wp-content\/uploads\/2015\/09\/header-hasici-new-280x58.jpg 280w\" sizes=\"(max-width: 1200px) 100vw, 1200px\" \/><\/a><\/p>\n<p>&nbsp;<\/p>\n<p>V\u00edt\u00e1me V\u00e1s na str\u00e1nk\u00e1ch sboru dobrovoln\u00fdch hasi\u010d\u016f Zub\u0159\u00ed.<\/p>\n<p>P\u0159\u00edli\u0161 \u010dast\u00e9 po\u017e\u00e1ry a jimi nap\u00e1chan\u00e9 \u0161kody v druh\u00e9 polovin\u011b minul\u00e9ho stolet\u00ed si vynutily organizovanou obranu proti nim zakl\u00e1d\u00e1n\u00edm m\u00edstn\u00edch sbor\u016f dobrovoln\u00fdch hasi\u010d\u016f. Nejv\u00edce t\u011bchto sbor\u016f bylo v zubersk\u00e9m okol\u00ed zalo\u017eeno v 90. letech 19. stolet\u00ed. V Zub\u0159\u00ed se tak stalo v roce 1893 (stanovy byly schv\u00e1leny 18.2. 1893). Do sboru vstoupilo 20 \u010dlen\u016f, n\u00e1\u010deln\u00edkem byl zvolen Anton\u00edn Honek.<\/p>\n<p>V roce 1908 si sbor po\u0159\u00eddil \u010dty\u0159kolovou st\u0159\u00edka\u010dku a v roce 1928 novou motorovou dvoukolovou. Tehdy byla prod\u00e1na nejstar\u0161\u00ed st\u0159\u00edka\u010dka, slou\u017e\u00edc\u00ed ji\u017e od roku 1879. Nov\u00e1 doba s sebou p\u0159in\u00e1\u0161ela dal\u0161\u00ed zdokonalen\u00ed a n\u00e1kupy hasic\u00ed techniky. Nejv\u00e1\u017en\u011bj\u0161\u00edmi z\u00e1sahy m\u00edstn\u00edho hasi\u010dsk\u00e9ho sboru byly velk\u00e9 po\u017e\u00e1ry obce v roce 1922 (horn\u00ed konec), v roce 1941 (doln\u00ed konec) a po\u017e\u00e1r u Votav\u016f \u010c. 1 v roce 1960&#8230;&#8230;&#8230;. <a href=\"http:\/\/www.obeczubri.cz\/hasici\/2006\/11\/15\/zalozeni-hasicskeho-sboru\/\">pokra\u010dovat ve \u010dten\u00ed \u010dl\u00e1nku o zalo\u017een\u00ed hasi\u010dsk\u00e9ho sboru<\/a>.<\/p>\n","protected":false},"excerpt":{"rendered":"<p>&nbsp; V\u00edt\u00e1me V\u00e1s na str\u00e1nk\u00e1ch sboru dobrovoln\u00fdch hasi\u010d\u016f Zub\u0159\u00ed. P\u0159\u00edli\u0161 \u010dast\u00e9 po\u017e\u00e1ry a jimi nap\u00e1chan\u00e9 \u0161kody v druh\u00e9 polovin\u011b minul\u00e9ho stolet\u00ed si vynutily organizovanou obranu proti nim zakl\u00e1d\u00e1n\u00edm m\u00edstn\u00edch sbor\u016f dobrovoln\u00fdch hasi\u010d\u016f. Nejv\u00edce t\u011bchto sbor\u016f bylo v zubersk\u00e9m okol\u00ed zalo\u017eeno v 90. letech 19. stolet\u00ed. V Zub\u0159\u00ed se tak stalo v roce 1893 (stanovy byly [&hellip;]<\/p>\n","protected":false},"author":1,"featured_media":0,"parent":0,"menu_order":0,"comment_status":"closed","ping_status":"closed","template":"","meta":{"jetpack_post_was_ever_published":false,"footnotes":""},"class_list":["post-49","page","type-page","status-publish","hentry"],"jetpack_sharing_enabled":true,"jetpack_shortlink":"https:\/\/wp.me\/P91NNl-N","_links":{"self":[{"href":"https:\/\/www.obeczubri.cz\/hasici\/wp-json\/wp\/v2\/pages\/49"}],"collection":[{"href":"https:\/\/www.obeczubri.cz\/hasici\/wp-json\/wp\/v2\/pages"}],"about":[{"href":"https:\/\/www.obeczubri.cz\/hasici\/wp-json\/wp\/v2\/types\/page"}],"author":[{"embeddable":true,"href":"https:\/\/www.obeczubri.cz\/hasici\/wp-json\/wp\/v2\/users\/1"}],"replies":[{"embeddable":true,"href":"https:\/\/www.obeczubri.cz\/hasici\/wp-json\/wp\/v2\/comments?post=49"}],"version-history":[{"count":13,"href":"https:\/\/www.obeczubri.cz\/hasici\/wp-json\/wp\/v2\/pages\/49\/revisions"}],"predecessor-version":[{"id":2458,"href":"https:\/\/www.obeczubri.cz\/hasici\/wp-json\/wp\/v2\/pages\/49\/revisions\/2458"}],"wp:attachment":[{"href":"https:\/\/www.obeczubri.cz\/hasici\/wp-json\/wp\/v2\/media?parent=49"}],"curies":[{"name":"wp","href":"https:\/\/api.w.org\/{rel}","templated":true}]}}