{"id":4636,"date":"2026-05-07T12:46:09","date_gmt":"2026-05-07T10:46:09","guid":{"rendered":"https:\/\/www.obeczubri.cz\/hasici\/?page_id=4636"},"modified":"2026-05-07T12:47:00","modified_gmt":"2026-05-07T10:47:00","slug":"videogalerie-soptik","status":"publish","type":"page","link":"https:\/\/www.obeczubri.cz\/hasici\/videogalerie-soptik\/","title":{"rendered":"Videogalerie Sopt\u00edk"},"content":{"rendered":"\t\t<div data-elementor-type=\"wp-page\" data-elementor-id=\"4636\" class=\"elementor elementor-4636\">\n\t\t\t\t\t\t<section class=\"elementor-section elementor-top-section elementor-element elementor-element-6e239148 portfolio-details-area elementor-section-boxed elementor-section-height-default elementor-section-height-default\" data-id=\"6e239148\" data-element_type=\"section\" data-e-type=\"section\">\n\t\t\t\t\t\t<div class=\"elementor-container elementor-column-gap-default\">\n\t\t\t\t\t<div class=\"elementor-column elementor-col-100 elementor-top-column elementor-element elementor-element-25dddf35 portfolio-details-content\" data-id=\"25dddf35\" data-element_type=\"column\" data-e-type=\"column\">\n\t\t\t<div class=\"elementor-widget-wrap elementor-element-populated\">\n\t\t\t\t\t\t<div class=\"elementor-element elementor-element-68ca040 elementor-widget elementor-widget-charite-blog-widget\" data-id=\"68ca040\" data-element_type=\"widget\" data-e-type=\"widget\" data-widget_type=\"charite-blog-widget.default\">\n\t\t\t\t<div class=\"elementor-widget-container\">\n\t\t\t\t\t\r\n    <div class=\"blog-area pt-120 pb-90 rel z-1\">\r\n        <div class=\"container\">\r\n                            <div class=\"row justify-content-center\">\r\n                    <div class=\"col-xl-x col-lg-8 col-md-10\">\r\n                        <div class=\"section-title text-center mb-60\">\r\n                                                                                                            <\/div>\r\n                    <\/div>\r\n                <\/div>\r\n                        <div class=\"row justify-content-center\">\r\n                                                    <div class=\"col-xl-4 col-md-6\">\r\n                        <div class=\"blog-item\">\r\n                                                        <div class=\"blog-item__content\">\r\n                                <ul class=\"blog-meta\">\r\n                                    <li><span class=\"byline\"> <span class=\"author vcard\"><i aria-hidden=\"true\" class=\"flaticon-user\"><\/i><a class=\"url fn n\" href=\"https:\/\/www.obeczubri.cz\/hasici\/author\/kostecky\/\">Martin Kosteck\u00fd<\/a><\/span><\/span><\/li>\r\n                                    <li><i class=\"flaticon-bubble-chat\"><\/i><span>Koment\u00e1\u0159e nejsou povolen\u00e9<span class=\"screen-reader-text\"> u textu s n\u00e1zvem SDH Zub\u0159\u00ed &#8211; Sez\u00f3na 2019<\/span><\/span><\/li>\r\n                                <\/ul>\r\n                                <h4><a href=\"https:\/\/www.obeczubri.cz\/hasici\/2020\/03\/14\/sdh-zubri-sezona-2019\/\">SDH Zub\u0159\u00ed &#8211; Sez\u00f3na 2019<\/a><\/h4>\r\n                                <p>\r\n                                                                    <\/p>\r\n                                <a href=\"https:\/\/www.obeczubri.cz\/hasici\/2020\/03\/14\/sdh-zubri-sezona-2019\/\" class=\"read-more\">\u010c\u00edst v\u00edce<\/a>\r\n                            <\/div>\r\n                        <\/div>\r\n                    <\/div>\r\n                                    <div class=\"col-xl-4 col-md-6\">\r\n                        <div class=\"blog-item\">\r\n                                                        <div class=\"blog-item__content\">\r\n                                <ul class=\"blog-meta\">\r\n                                    <li><span class=\"byline\"> <span class=\"author vcard\"><i aria-hidden=\"true\" class=\"flaticon-user\"><\/i><a class=\"url fn n\" href=\"https:\/\/www.obeczubri.cz\/hasici\/author\/kostecky\/\">Martin Kosteck\u00fd<\/a><\/span><\/span><\/li>\r\n                                    <li><i class=\"flaticon-bubble-chat\"><\/i><span>Koment\u00e1\u0159e nejsou povolen\u00e9<span class=\"screen-reader-text\"> u textu s n\u00e1zvem Novom\u011bstsk\u00fd poh\u00e1r Sopt\u00edk\u016f &#8211; Sez\u00f3na 2018<\/span><\/span><\/li>\r\n                                <\/ul>\r\n                                <h4><a href=\"https:\/\/www.obeczubri.cz\/hasici\/2020\/03\/13\/novomestsky-pohar-soptiku-sezona-2018\/\">Novom\u011bstsk\u00fd poh\u00e1r Sopt\u00edk\u016f &#8211; Sez\u00f3na 2018<\/a><\/h4>\r\n                                <p>\r\n                                                                    <\/p>\r\n                                <a href=\"https:\/\/www.obeczubri.cz\/hasici\/2020\/03\/13\/novomestsky-pohar-soptiku-sezona-2018\/\" class=\"read-more\">\u010c\u00edst v\u00edce<\/a>\r\n                            <\/div>\r\n                        <\/div>\r\n                    <\/div>\r\n                                    <div class=\"col-xl-4 col-md-6\">\r\n                        <div class=\"blog-item\">\r\n                                                        <div class=\"blog-item__content\">\r\n                                <ul class=\"blog-meta\">\r\n                                    <li><span class=\"byline\"> <span class=\"author vcard\"><i aria-hidden=\"true\" class=\"flaticon-user\"><\/i><a class=\"url fn n\" href=\"https:\/\/www.obeczubri.cz\/hasici\/author\/kostecky\/\">Martin Kosteck\u00fd<\/a><\/span><\/span><\/li>\r\n                                    <li><i class=\"flaticon-bubble-chat\"><\/i><span>Koment\u00e1\u0159e nejsou povolen\u00e9<span class=\"screen-reader-text\"> u textu s n\u00e1zvem SDH Zub\u0159\u00ed &#8211; Sez\u00f3na Sopt\u00edk 2018<\/span><\/span><\/li>\r\n                                <\/ul>\r\n                                <h4><a href=\"https:\/\/www.obeczubri.cz\/hasici\/2020\/03\/13\/sdh-zubri-sezona-soptik-2018\/\">SDH Zub\u0159\u00ed &#8211; Sez\u00f3na Sopt\u00edk 2018<\/a><\/h4>\r\n                                <p>\r\n                                                                    <\/p>\r\n                                <a href=\"https:\/\/www.obeczubri.cz\/hasici\/2020\/03\/13\/sdh-zubri-sezona-soptik-2018\/\" class=\"read-more\">\u010c\u00edst v\u00edce<\/a>\r\n                            <\/div>\r\n                        <\/div>\r\n                    <\/div>\r\n                                    <div class=\"col-xl-4 col-md-6\">\r\n                        <div class=\"blog-item\">\r\n                                                        <div class=\"blog-item__content\">\r\n                                <ul class=\"blog-meta\">\r\n                                    <li><span class=\"byline\"> <span class=\"author vcard\"><i aria-hidden=\"true\" class=\"flaticon-user\"><\/i><a class=\"url fn n\" href=\"https:\/\/www.obeczubri.cz\/hasici\/author\/kostecky\/\">Martin Kosteck\u00fd<\/a><\/span><\/span><\/li>\r\n                                    <li><i class=\"flaticon-bubble-chat\"><\/i><span>Koment\u00e1\u0159e nejsou povolen\u00e9<span class=\"screen-reader-text\"> u textu s n\u00e1zvem Novom\u011bstsk\u00fd poh\u00e1r Sopt\u00edk\u016f &#8211; Sez\u00f3na 2017<\/span><\/span><\/li>\r\n                                <\/ul>\r\n                                <h4><a href=\"https:\/\/www.obeczubri.cz\/hasici\/2020\/03\/10\/novomestsky-pohar-soptiku-sezona-2017\/\">Novom\u011bstsk\u00fd poh\u00e1r Sopt\u00edk\u016f &#8211; Sez\u00f3na 2017<\/a><\/h4>\r\n                                <p>\r\n                                                                    <\/p>\r\n                                <a href=\"https:\/\/www.obeczubri.cz\/hasici\/2020\/03\/10\/novomestsky-pohar-soptiku-sezona-2017\/\" class=\"read-more\">\u010c\u00edst v\u00edce<\/a>\r\n                            <\/div>\r\n                        <\/div>\r\n                    <\/div>\r\n                                    <div class=\"col-xl-4 col-md-6\">\r\n                        <div class=\"blog-item\">\r\n                                                        <div class=\"blog-item__content\">\r\n                                <ul class=\"blog-meta\">\r\n                                    <li><span class=\"byline\"> <span class=\"author vcard\"><i aria-hidden=\"true\" class=\"flaticon-user\"><\/i><a class=\"url fn n\" href=\"https:\/\/www.obeczubri.cz\/hasici\/author\/kostecky\/\">Martin Kosteck\u00fd<\/a><\/span><\/span><\/li>\r\n                                    <li><i class=\"flaticon-bubble-chat\"><\/i><span>Koment\u00e1\u0159e nejsou povolen\u00e9<span class=\"screen-reader-text\"> u textu s n\u00e1zvem SDH Zub\u0159\u00ed &#8211; Sopt\u00edk 2017<\/span><\/span><\/li>\r\n                                <\/ul>\r\n                                <h4><a href=\"https:\/\/www.obeczubri.cz\/hasici\/2020\/03\/05\/sdh-zubri-soptik-2017\/\">SDH Zub\u0159\u00ed &#8211; Sopt\u00edk 2017<\/a><\/h4>\r\n                                <p>\r\n                                                                    <\/p>\r\n                                <a href=\"https:\/\/www.obeczubri.cz\/hasici\/2020\/03\/05\/sdh-zubri-soptik-2017\/\" class=\"read-more\">\u010c\u00edst v\u00edce<\/a>\r\n                            <\/div>\r\n                        <\/div>\r\n                    <\/div>\r\n                                    <div class=\"col-xl-4 col-md-6\">\r\n                        <div class=\"blog-item\">\r\n                                                        <div class=\"blog-item__content\">\r\n                                <ul class=\"blog-meta\">\r\n                                    <li><span class=\"byline\"> <span class=\"author vcard\"><i aria-hidden=\"true\" class=\"flaticon-user\"><\/i><a class=\"url fn n\" href=\"https:\/\/www.obeczubri.cz\/hasici\/author\/kostecky\/\">Martin Kosteck\u00fd<\/a><\/span><\/span><\/li>\r\n                                    <li><i class=\"flaticon-bubble-chat\"><\/i><span>Koment\u00e1\u0159e nejsou povolen\u00e9<span class=\"screen-reader-text\"> u textu s n\u00e1zvem Sopt\u00edk 2016<\/span><\/span><\/li>\r\n                                <\/ul>\r\n                                <h4><a href=\"https:\/\/www.obeczubri.cz\/hasici\/2020\/03\/05\/soptik-2016\/\">Sopt\u00edk 2016<\/a><\/h4>\r\n                                <p>\r\n                                                                    <\/p>\r\n                                <a href=\"https:\/\/www.obeczubri.cz\/hasici\/2020\/03\/05\/soptik-2016\/\" class=\"read-more\">\u010c\u00edst v\u00edce<\/a>\r\n                            <\/div>\r\n                        <\/div>\r\n                    <\/div>\r\n                                    <div class=\"col-xl-4 col-md-6\">\r\n                        <div class=\"blog-item\">\r\n                                                        <div class=\"blog-item__content\">\r\n                                <ul class=\"blog-meta\">\r\n                                    <li><span class=\"byline\"> <span class=\"author vcard\"><i aria-hidden=\"true\" class=\"flaticon-user\"><\/i><a class=\"url fn n\" href=\"https:\/\/www.obeczubri.cz\/hasici\/author\/kostecky\/\">Martin Kosteck\u00fd<\/a><\/span><\/span><\/li>\r\n                                    <li><i class=\"flaticon-bubble-chat\"><\/i><span>Koment\u00e1\u0159e nejsou povolen\u00e9<span class=\"screen-reader-text\"> u textu s n\u00e1zvem SDH Zub\u0159\u00ed &#8211; Sopt\u00edk 2015 &#8211; Film<\/span><\/span><\/li>\r\n                                <\/ul>\r\n                                <h4><a href=\"https:\/\/www.obeczubri.cz\/hasici\/2020\/03\/05\/sdh-zubri-soptik-2015-film\/\">SDH Zub\u0159\u00ed &#8211; Sopt\u00edk 2015 &#8211; Film<\/a><\/h4>\r\n                                <p>\r\n                                                                    <\/p>\r\n                                <a href=\"https:\/\/www.obeczubri.cz\/hasici\/2020\/03\/05\/sdh-zubri-soptik-2015-film\/\" class=\"read-more\">\u010c\u00edst v\u00edce<\/a>\r\n                            <\/div>\r\n                        <\/div>\r\n                    <\/div>\r\n                                    <div class=\"col-xl-4 col-md-6\">\r\n                        <div class=\"blog-item\">\r\n                                                        <div class=\"blog-item__content\">\r\n                                <ul class=\"blog-meta\">\r\n                                    <li><span class=\"byline\"> <span class=\"author vcard\"><i aria-hidden=\"true\" class=\"flaticon-user\"><\/i><a class=\"url fn n\" href=\"https:\/\/www.obeczubri.cz\/hasici\/author\/lukes\/\">Jan Luke\u0161<\/a><\/span><\/span><\/li>\r\n                                    <li><i class=\"flaticon-bubble-chat\"><\/i><span>Koment\u00e1\u0159e nejsou povolen\u00e9<span class=\"screen-reader-text\"> u textu s n\u00e1zvem Novom\u011bstsk\u00fd poh\u00e1r Sopt\u00edk\u016f 2012 &#8211; fin\u00e1le Zub\u0159\u00ed<\/span><\/span><\/li>\r\n                                <\/ul>\r\n                                <h4><a href=\"https:\/\/www.obeczubri.cz\/hasici\/2012\/10\/26\/novomestsky-pohar-soptiku-2012-finale-zubri\/\">Novom\u011bstsk\u00fd poh\u00e1r Sopt\u00edk\u016f 2012 &#8211; fin\u00e1le Zub\u0159\u00ed<\/a><\/h4>\r\n                                <p>\r\n                                                                    <\/p>\r\n                                <a href=\"https:\/\/www.obeczubri.cz\/hasici\/2012\/10\/26\/novomestsky-pohar-soptiku-2012-finale-zubri\/\" class=\"read-more\">\u010c\u00edst v\u00edce<\/a>\r\n                            <\/div>\r\n                        <\/div>\r\n                    <\/div>\r\n                                    <div class=\"col-xl-4 col-md-6\">\r\n                        <div class=\"blog-item\">\r\n                                                        <div class=\"blog-item__content\">\r\n                                <ul class=\"blog-meta\">\r\n                                    <li><span class=\"byline\"> <span class=\"author vcard\"><i aria-hidden=\"true\" class=\"flaticon-user\"><\/i><a class=\"url fn n\" href=\"https:\/\/www.obeczubri.cz\/hasici\/author\/lukes\/\">Jan Luke\u0161<\/a><\/span><\/span><\/li>\r\n                                    <li><i class=\"flaticon-bubble-chat\"><\/i><span>Koment\u00e1\u0159e nejsou povolen\u00e9<span class=\"screen-reader-text\"> u textu s n\u00e1zvem \u00datok star\u0161\u00ed &#8211; Zub\u0159\u00ed B<\/span><\/span><\/li>\r\n                                <\/ul>\r\n                                <h4><a href=\"https:\/\/www.obeczubri.cz\/hasici\/2012\/09\/02\/utok-starsi-zubri-b\/\">\u00datok star\u0161\u00ed &#8211; Zub\u0159\u00ed B<\/a><\/h4>\r\n                                <p>\r\n                                                                    <\/p>\r\n                                <a href=\"https:\/\/www.obeczubri.cz\/hasici\/2012\/09\/02\/utok-starsi-zubri-b\/\" class=\"read-more\">\u010c\u00edst v\u00edce<\/a>\r\n                            <\/div>\r\n                        <\/div>\r\n                    <\/div>\r\n                                \r\n            <\/div>\r\n                            <div class=\"pagination pt-20\">\r\n                                    <\/div>\r\n                    <\/div>\r\n            <\/div>\r\n\t\t\t\t<\/div>\n\t\t\t\t<\/div>\n\t\t\t\t\t<\/div>\n\t\t<\/div>\n\t\t\t\t\t<\/div>\n\t\t<\/section>\n\t\t\t\t<\/div>\n\t\t","protected":false},"excerpt":{"rendered":"<p>Martin Kosteck\u00fd Koment\u00e1\u0159e nejsou povolen\u00e9 u textu s n\u00e1zvem SDH Zub\u0159\u00ed &#8211; Sez\u00f3na 2019 SDH Zub\u0159\u00ed &#8211; Sez\u00f3na 2019 \u010c\u00edst v\u00edce Martin Kosteck\u00fd Koment\u00e1\u0159e nejsou povolen\u00e9 u textu s n\u00e1zvem Novom\u011bstsk\u00fd poh\u00e1r Sopt\u00edk\u016f &#8211; Sez\u00f3na 2018 Novom\u011bstsk\u00fd poh\u00e1r Sopt\u00edk\u016f &#8211; Sez\u00f3na 2018 \u010c\u00edst v\u00edce Martin Kosteck\u00fd Koment\u00e1\u0159e nejsou povolen\u00e9 u textu s n\u00e1zvem SDH Zub\u0159\u00ed [&hellip;]<\/p>\n","protected":false},"author":1,"featured_media":0,"parent":0,"menu_order":0,"comment_status":"closed","ping_status":"closed","template":"elementor_header_footer","meta":{"footnotes":""},"class_list":["post-4636","page","type-page","status-publish","hentry"],"jetpack_sharing_enabled":true,"jetpack_shortlink":"https:\/\/wp.me\/P91NNl-1cM","_links":{"self":[{"href":"https:\/\/www.obeczubri.cz\/hasici\/wp-json\/wp\/v2\/pages\/4636","targetHints":{"allow":["GET"]}}],"collection":[{"href":"https:\/\/www.obeczubri.cz\/hasici\/wp-json\/wp\/v2\/pages"}],"about":[{"href":"https:\/\/www.obeczubri.cz\/hasici\/wp-json\/wp\/v2\/types\/page"}],"author":[{"embeddable":true,"href":"https:\/\/www.obeczubri.cz\/hasici\/wp-json\/wp\/v2\/users\/1"}],"replies":[{"embeddable":true,"href":"https:\/\/www.obeczubri.cz\/hasici\/wp-json\/wp\/v2\/comments?post=4636"}],"version-history":[{"count":4,"href":"https:\/\/www.obeczubri.cz\/hasici\/wp-json\/wp\/v2\/pages\/4636\/revisions"}],"predecessor-version":[{"id":4640,"href":"https:\/\/www.obeczubri.cz\/hasici\/wp-json\/wp\/v2\/pages\/4636\/revisions\/4640"}],"wp:attachment":[{"href":"https:\/\/www.obeczubri.cz\/hasici\/wp-json\/wp\/v2\/media?parent=4636"}],"curies":[{"name":"wp","href":"https:\/\/api.w.org\/{rel}","templated":true}]}}