{"id":4624,"date":"2026-05-07T11:56:20","date_gmt":"2026-05-07T09:56:20","guid":{"rendered":"https:\/\/www.obeczubri.cz\/hasici\/?page_id=4624"},"modified":"2026-05-07T12:43:03","modified_gmt":"2026-05-07T10:43:03","slug":"soptik-informace","status":"publish","type":"page","link":"https:\/\/www.obeczubri.cz\/hasici\/soptik-informace\/","title":{"rendered":"Sopt\u00edk informace"},"content":{"rendered":"\t\t<div data-elementor-type=\"wp-page\" data-elementor-id=\"4624\" class=\"elementor elementor-4624\">\n\t\t\t\t\t\t<section class=\"elementor-section elementor-top-section elementor-element elementor-element-18c7fd66 portfolio-details-area elementor-section-boxed elementor-section-height-default elementor-section-height-default\" data-id=\"18c7fd66\" data-element_type=\"section\" data-e-type=\"section\">\n\t\t\t\t\t\t<div class=\"elementor-container elementor-column-gap-default\">\n\t\t\t\t\t<div class=\"elementor-column elementor-col-100 elementor-top-column elementor-element elementor-element-54c0385f portfolio-details-content\" data-id=\"54c0385f\" data-element_type=\"column\" data-e-type=\"column\">\n\t\t\t<div class=\"elementor-widget-wrap elementor-element-populated\">\n\t\t\t\t\t\t<div class=\"elementor-element elementor-element-ca274c7 elementor-widget elementor-widget-charite-blog-widget\" data-id=\"ca274c7\" data-element_type=\"widget\" data-e-type=\"widget\" data-widget_type=\"charite-blog-widget.default\">\n\t\t\t\t<div class=\"elementor-widget-container\">\n\t\t\t\t\t\r\n    <div class=\"blog-area pt-120 pb-90 rel z-1\">\r\n        <div class=\"container\">\r\n                            <div class=\"row justify-content-center\">\r\n                    <div class=\"col-xl-x col-lg-8 col-md-10\">\r\n                        <div class=\"section-title text-center mb-60\">\r\n                                                                                                            <\/div>\r\n                    <\/div>\r\n                <\/div>\r\n                        <div class=\"row justify-content-center\">\r\n                                                    <div class=\"col-xl-4 col-md-6\">\r\n                        <div class=\"blog-item\">\r\n                                                            <div class=\"blog-item__img\">\r\n                                    <img fetchpriority=\"high\" decoding=\"async\" width=\"249\" height=\"267\" src=\"https:\/\/www.obeczubri.cz\/hasici\/wp-content\/uploads\/2012\/09\/sopticek.jpeg\" class=\"attachment-charite_blog__416X267 size-charite_blog__416X267 wp-post-image\" alt=\"\" srcset=\"https:\/\/www.obeczubri.cz\/hasici\/wp-content\/uploads\/2012\/09\/sopticek.jpeg 437w, https:\/\/www.obeczubri.cz\/hasici\/wp-content\/uploads\/2012\/09\/sopticek-280x300.jpeg 280w, https:\/\/www.obeczubri.cz\/hasici\/wp-content\/uploads\/2012\/09\/sopticek-140x150.jpeg 140w, https:\/\/www.obeczubri.cz\/hasici\/wp-content\/uploads\/2012\/09\/sopticek-300x321.jpeg 300w\" sizes=\"(max-width: 249px) 100vw, 249px\" \/>                                    <div class=\"post-date\">\r\n                                        <b>09<\/b>\r\n                                        <span>Z\u00e1\u0159<\/span>\r\n                                    <\/div>\r\n                                <\/div>\r\n                                                        <div class=\"blog-item__content\">\r\n                                <ul class=\"blog-meta\">\r\n                                    <li><span class=\"byline\"> <span class=\"author vcard\"><i aria-hidden=\"true\" class=\"flaticon-user\"><\/i><a class=\"url fn n\" href=\"https:\/\/www.obeczubri.cz\/hasici\/author\/lukes\/\">Jan Luke\u0161<\/a><\/span><\/span><\/li>\r\n                                    <li><i class=\"flaticon-bubble-chat\"><\/i><span>Koment\u00e1\u0159e nejsou povolen\u00e9<span class=\"screen-reader-text\"> u textu s n\u00e1zvem Ro\u010dn\u00edk 2012<\/span><\/span><\/li>\r\n                                <\/ul>\r\n                                <h4><a href=\"https:\/\/www.obeczubri.cz\/hasici\/2012\/09\/09\/rocnik-2012\/\">Ro\u010dn\u00edk 2012<\/a><\/h4>\r\n                                <p>\r\n                                    V\u00a0regionu Nov\u00e9 M\u011bsto na Morav\u011b vznikla zcela nov\u00e1 region\u00e1ln\u00ed sout\u011b\u017e mlad\u00fdch hasi\u010d\u016f v\u00a0po\u017e\u00e1rn\u00edm \u00fatoku. Tato                                <\/p>\r\n                                <a href=\"https:\/\/www.obeczubri.cz\/hasici\/2012\/09\/09\/rocnik-2012\/\" class=\"read-more\">\u010c\u00edst v\u00edce<\/a>\r\n                            <\/div>\r\n                        <\/div>\r\n                    <\/div>\r\n                                \r\n            <\/div>\r\n                            <div class=\"pagination pt-20\">\r\n                                    <\/div>\r\n                    <\/div>\r\n            <\/div>\r\n\t\t\t\t<\/div>\n\t\t\t\t<\/div>\n\t\t\t\t\t<\/div>\n\t\t<\/div>\n\t\t\t\t\t<\/div>\n\t\t<\/section>\n\t\t\t\t<\/div>\n\t\t","protected":false},"excerpt":{"rendered":"<p>09 Z\u00e1\u0159 Jan Luke\u0161 Koment\u00e1\u0159e nejsou povolen\u00e9 u textu s n\u00e1zvem Ro\u010dn\u00edk 2012 Ro\u010dn\u00edk 2012 V\u00a0regionu Nov\u00e9 M\u011bsto na Morav\u011b vznikla zcela nov\u00e1 region\u00e1ln\u00ed sout\u011b\u017e mlad\u00fdch hasi\u010d\u016f v\u00a0po\u017e\u00e1rn\u00edm \u00fatoku. Tato \u010c\u00edst v\u00edce<\/p>\n","protected":false},"author":1,"featured_media":0,"parent":0,"menu_order":0,"comment_status":"closed","ping_status":"closed","template":"elementor_header_footer","meta":{"footnotes":""},"class_list":["post-4624","page","type-page","status-publish","hentry"],"jetpack_sharing_enabled":true,"jetpack_shortlink":"https:\/\/wp.me\/P91NNl-1cA","_links":{"self":[{"href":"https:\/\/www.obeczubri.cz\/hasici\/wp-json\/wp\/v2\/pages\/4624","targetHints":{"allow":["GET"]}}],"collection":[{"href":"https:\/\/www.obeczubri.cz\/hasici\/wp-json\/wp\/v2\/pages"}],"about":[{"href":"https:\/\/www.obeczubri.cz\/hasici\/wp-json\/wp\/v2\/types\/page"}],"author":[{"embeddable":true,"href":"https:\/\/www.obeczubri.cz\/hasici\/wp-json\/wp\/v2\/users\/1"}],"replies":[{"embeddable":true,"href":"https:\/\/www.obeczubri.cz\/hasici\/wp-json\/wp\/v2\/comments?post=4624"}],"version-history":[{"count":4,"href":"https:\/\/www.obeczubri.cz\/hasici\/wp-json\/wp\/v2\/pages\/4624\/revisions"}],"predecessor-version":[{"id":4629,"href":"https:\/\/www.obeczubri.cz\/hasici\/wp-json\/wp\/v2\/pages\/4624\/revisions\/4629"}],"wp:attachment":[{"href":"https:\/\/www.obeczubri.cz\/hasici\/wp-json\/wp\/v2\/media?parent=4624"}],"curies":[{"name":"wp","href":"https:\/\/api.w.org\/{rel}","templated":true}]}}