{"id":4618,"date":"2026-05-07T11:17:48","date_gmt":"2026-05-07T09:17:48","guid":{"rendered":"https:\/\/www.obeczubri.cz\/hasici\/?page_id=4618"},"modified":"2026-05-07T11:18:44","modified_gmt":"2026-05-07T09:18:44","slug":"videogalerie-mh","status":"publish","type":"page","link":"https:\/\/www.obeczubri.cz\/hasici\/videogalerie-mh\/","title":{"rendered":"Videogalerie MH"},"content":{"rendered":"\t\t<div data-elementor-type=\"wp-page\" data-elementor-id=\"4618\" class=\"elementor elementor-4618\">\n\t\t\t\t\t\t<section class=\"elementor-section elementor-top-section elementor-element elementor-element-7dc014b portfolio-details-area elementor-section-boxed elementor-section-height-default elementor-section-height-default\" data-id=\"7dc014b\" data-element_type=\"section\" data-e-type=\"section\">\n\t\t\t\t\t\t<div class=\"elementor-container elementor-column-gap-default\">\n\t\t\t\t\t<div class=\"elementor-column elementor-col-100 elementor-top-column elementor-element elementor-element-698eb55f portfolio-details-content\" data-id=\"698eb55f\" data-element_type=\"column\" data-e-type=\"column\">\n\t\t\t<div class=\"elementor-widget-wrap elementor-element-populated\">\n\t\t\t\t\t\t<div class=\"elementor-element elementor-element-680edce elementor-widget elementor-widget-charite-blog-widget\" data-id=\"680edce\" data-element_type=\"widget\" data-e-type=\"widget\" data-widget_type=\"charite-blog-widget.default\">\n\t\t\t\t<div class=\"elementor-widget-container\">\n\t\t\t\t\t\r\n    <div class=\"blog-area pt-120 pb-90 rel z-1\">\r\n        <div class=\"container\">\r\n                            <div class=\"row justify-content-center\">\r\n                    <div class=\"col-xl-x col-lg-8 col-md-10\">\r\n                        <div class=\"section-title text-center mb-60\">\r\n                                                                                                            <\/div>\r\n                    <\/div>\r\n                <\/div>\r\n                        <div class=\"row justify-content-center\">\r\n                                                    <div class=\"col-xl-4 col-md-6\">\r\n                        <div class=\"blog-item\">\r\n                                                        <div class=\"blog-item__content\">\r\n                                <ul class=\"blog-meta\">\r\n                                    <li><span class=\"byline\"> <span class=\"author vcard\"><i aria-hidden=\"true\" class=\"flaticon-user\"><\/i><a class=\"url fn n\" href=\"https:\/\/www.obeczubri.cz\/hasici\/author\/petra\/\">Petra Svobodov\u00e1<\/a><\/span><\/span><\/li>\r\n                                    <li><i class=\"flaticon-bubble-chat\"><\/i><span>Koment\u00e1\u0159e nejsou povolen\u00e9<span class=\"screen-reader-text\"> u textu s n\u00e1zvem p\u0159edkolo Hry Plamen 2012<\/span><\/span><\/li>\r\n                                <\/ul>\r\n                                <h4><a href=\"https:\/\/www.obeczubri.cz\/hasici\/2012\/10\/08\/predkolo-hry-plamen-2012\/\">p\u0159edkolo Hry Plamen 2012<\/a><\/h4>\r\n                                <p>\r\n                                                                    <\/p>\r\n                                <a href=\"https:\/\/www.obeczubri.cz\/hasici\/2012\/10\/08\/predkolo-hry-plamen-2012\/\" class=\"read-more\">\u010c\u00edst v\u00edce<\/a>\r\n                            <\/div>\r\n                        <\/div>\r\n                    <\/div>\r\n                                    <div class=\"col-xl-4 col-md-6\">\r\n                        <div class=\"blog-item\">\r\n                                                        <div class=\"blog-item__content\">\r\n                                <ul class=\"blog-meta\">\r\n                                    <li><span class=\"byline\"> <span class=\"author vcard\"><i aria-hidden=\"true\" class=\"flaticon-user\"><\/i><a class=\"url fn n\" href=\"https:\/\/www.obeczubri.cz\/hasici\/author\/petra\/\">Petra Svobodov\u00e1<\/a><\/span><\/span><\/li>\r\n                                    <li><i class=\"flaticon-bubble-chat\"><\/i><span>Koment\u00e1\u0159e nejsou povolen\u00e9<span class=\"screen-reader-text\"> u textu s n\u00e1zvem PS-8 Zub\u0159\u00ed u Trhov\u00e9 Kamenice 2012<\/span><\/span><\/li>\r\n                                <\/ul>\r\n                                <h4><a href=\"https:\/\/www.obeczubri.cz\/hasici\/2012\/07\/05\/ps-8-zubri-u-trhove-kamenice-2012\/\">PS-8 Zub\u0159\u00ed u Trhov\u00e9 Kamenice 2012<\/a><\/h4>\r\n                                <p>\r\n                                                                    <\/p>\r\n                                <a href=\"https:\/\/www.obeczubri.cz\/hasici\/2012\/07\/05\/ps-8-zubri-u-trhove-kamenice-2012\/\" class=\"read-more\">\u010c\u00edst v\u00edce<\/a>\r\n                            <\/div>\r\n                        <\/div>\r\n                    <\/div>\r\n                                    <div class=\"col-xl-4 col-md-6\">\r\n                        <div class=\"blog-item\">\r\n                                                        <div class=\"blog-item__content\">\r\n                                <ul class=\"blog-meta\">\r\n                                    <li><span class=\"byline\"> <span class=\"author vcard\"><i aria-hidden=\"true\" class=\"flaticon-user\"><\/i><a class=\"url fn n\" href=\"https:\/\/www.obeczubri.cz\/hasici\/author\/petra\/\">Petra Svobodov\u00e1<\/a><\/span><\/span><\/li>\r\n                                    <li><i class=\"flaticon-bubble-chat\"><\/i><span>Koment\u00e1\u0159e nejsou povolen\u00e9<span class=\"screen-reader-text\"> u textu s n\u00e1zvem Rozlou\u010den\u00ed 2011<\/span><\/span><\/li>\r\n                                <\/ul>\r\n                                <h4><a href=\"https:\/\/www.obeczubri.cz\/hasici\/2011\/12\/19\/rozlouceni-2011\/\">Rozlou\u010den\u00ed 2011<\/a><\/h4>\r\n                                <p>\r\n                                                                    <\/p>\r\n                                <a href=\"https:\/\/www.obeczubri.cz\/hasici\/2011\/12\/19\/rozlouceni-2011\/\" class=\"read-more\">\u010c\u00edst v\u00edce<\/a>\r\n                            <\/div>\r\n                        <\/div>\r\n                    <\/div>\r\n                                    <div class=\"col-xl-4 col-md-6\">\r\n                        <div class=\"blog-item\">\r\n                                                        <div class=\"blog-item__content\">\r\n                                <ul class=\"blog-meta\">\r\n                                    <li><span class=\"byline\"> <span class=\"author vcard\"><i aria-hidden=\"true\" class=\"flaticon-user\"><\/i><a class=\"url fn n\" href=\"https:\/\/www.obeczubri.cz\/hasici\/author\/petra\/\">Petra Svobodov\u00e1<\/a><\/span><\/span><\/li>\r\n                                    <li><i class=\"flaticon-bubble-chat\"><\/i><span>Koment\u00e1\u0159e nejsou povolen\u00e9<span class=\"screen-reader-text\"> u textu s n\u00e1zvem p\u0159estavba hasi\u010d\u00e1rny<\/span><\/span><\/li>\r\n                                <\/ul>\r\n                                <h4><a href=\"https:\/\/www.obeczubri.cz\/hasici\/2011\/10\/07\/prestavba-hasicarny\/\">p\u0159estavba hasi\u010d\u00e1rny<\/a><\/h4>\r\n                                <p>\r\n                                                                    <\/p>\r\n                                <a href=\"https:\/\/www.obeczubri.cz\/hasici\/2011\/10\/07\/prestavba-hasicarny\/\" class=\"read-more\">\u010c\u00edst v\u00edce<\/a>\r\n                            <\/div>\r\n                        <\/div>\r\n                    <\/div>\r\n                                    <div class=\"col-xl-4 col-md-6\">\r\n                        <div class=\"blog-item\">\r\n                                                        <div class=\"blog-item__content\">\r\n                                <ul class=\"blog-meta\">\r\n                                    <li><span class=\"byline\"> <span class=\"author vcard\"><i aria-hidden=\"true\" class=\"flaticon-user\"><\/i><a class=\"url fn n\" href=\"https:\/\/www.obeczubri.cz\/hasici\/author\/petra\/\">Petra Svobodov\u00e1<\/a><\/span><\/span><\/li>\r\n                                    <li><i class=\"flaticon-bubble-chat\"><\/i><span>Koment\u00e1\u0159e nejsou povolen\u00e9<span class=\"screen-reader-text\"> u textu s n\u00e1zvem mlad\u0161\u00ed hasi\u010di regional cup<\/span><\/span><\/li>\r\n                                <\/ul>\r\n                                <h4><a href=\"https:\/\/www.obeczubri.cz\/hasici\/2011\/09\/24\/mladsi-hasici-regional-cup\/\">mlad\u0161\u00ed hasi\u010di regional cup<\/a><\/h4>\r\n                                <p>\r\n                                                                    <\/p>\r\n                                <a href=\"https:\/\/www.obeczubri.cz\/hasici\/2011\/09\/24\/mladsi-hasici-regional-cup\/\" class=\"read-more\">\u010c\u00edst v\u00edce<\/a>\r\n                            <\/div>\r\n                        <\/div>\r\n                    <\/div>\r\n                                    <div class=\"col-xl-4 col-md-6\">\r\n                        <div class=\"blog-item\">\r\n                                                        <div class=\"blog-item__content\">\r\n                                <ul class=\"blog-meta\">\r\n                                    <li><span class=\"byline\"> <span class=\"author vcard\"><i aria-hidden=\"true\" class=\"flaticon-user\"><\/i><a class=\"url fn n\" href=\"https:\/\/www.obeczubri.cz\/hasici\/author\/petra\/\">Petra Svobodov\u00e1<\/a><\/span><\/span><\/li>\r\n                                    <li><i class=\"flaticon-bubble-chat\"><\/i><span>Koment\u00e1\u0159e nejsou povolen\u00e9<span class=\"screen-reader-text\"> u textu s n\u00e1zvem star\u0161\u00ed hasi\u010di regional cup<\/span><\/span><\/li>\r\n                                <\/ul>\r\n                                <h4><a href=\"https:\/\/www.obeczubri.cz\/hasici\/2011\/09\/24\/starsi-hasici-regional-cup\/\">star\u0161\u00ed hasi\u010di regional cup<\/a><\/h4>\r\n                                <p>\r\n                                                                    <\/p>\r\n                                <a href=\"https:\/\/www.obeczubri.cz\/hasici\/2011\/09\/24\/starsi-hasici-regional-cup\/\" class=\"read-more\">\u010c\u00edst v\u00edce<\/a>\r\n                            <\/div>\r\n                        <\/div>\r\n                    <\/div>\r\n                                    <div class=\"col-xl-4 col-md-6\">\r\n                        <div class=\"blog-item\">\r\n                                                        <div class=\"blog-item__content\">\r\n                                <ul class=\"blog-meta\">\r\n                                    <li><span class=\"byline\"> <span class=\"author vcard\"><i aria-hidden=\"true\" class=\"flaticon-user\"><\/i><a class=\"url fn n\" href=\"https:\/\/www.obeczubri.cz\/hasici\/author\/petra\/\">Petra Svobodov\u00e1<\/a><\/span><\/span><\/li>\r\n                                    <li><i class=\"flaticon-bubble-chat\"><\/i><span>Koment\u00e1\u0159e nejsou povolen\u00e9<span class=\"screen-reader-text\"> u textu s n\u00e1zvem st\u0159\u00edh\u00e1n\u00ed auta<\/span><\/span><\/li>\r\n                                <\/ul>\r\n                                <h4><a href=\"https:\/\/www.obeczubri.cz\/hasici\/2011\/09\/23\/strihani-auta\/\">st\u0159\u00edh\u00e1n\u00ed auta<\/a><\/h4>\r\n                                <p>\r\n                                                                    <\/p>\r\n                                <a href=\"https:\/\/www.obeczubri.cz\/hasici\/2011\/09\/23\/strihani-auta\/\" class=\"read-more\">\u010c\u00edst v\u00edce<\/a>\r\n                            <\/div>\r\n                        <\/div>\r\n                    <\/div>\r\n                                    <div class=\"col-xl-4 col-md-6\">\r\n                        <div class=\"blog-item\">\r\n                                                        <div class=\"blog-item__content\">\r\n                                <ul class=\"blog-meta\">\r\n                                    <li><span class=\"byline\"> <span class=\"author vcard\"><i aria-hidden=\"true\" class=\"flaticon-user\"><\/i><a class=\"url fn n\" href=\"https:\/\/www.obeczubri.cz\/hasici\/author\/petra\/\">Petra Svobodov\u00e1<\/a><\/span><\/span><\/li>\r\n                                    <li><i class=\"flaticon-bubble-chat\"><\/i><span>Koment\u00e1\u0159e nejsou povolen\u00e9<span class=\"screen-reader-text\"> u textu s n\u00e1zvem Setk\u00e1n\u00ed Zub\u0159\u00ed 6.8.2011<\/span><\/span><\/li>\r\n                                <\/ul>\r\n                                <h4><a href=\"https:\/\/www.obeczubri.cz\/hasici\/2011\/08\/08\/setkani-zubri-6-8-2011\/\">Setk\u00e1n\u00ed Zub\u0159\u00ed 6.8.2011<\/a><\/h4>\r\n                                <p>\r\n                                                                    <\/p>\r\n                                <a href=\"https:\/\/www.obeczubri.cz\/hasici\/2011\/08\/08\/setkani-zubri-6-8-2011\/\" class=\"read-more\">\u010c\u00edst v\u00edce<\/a>\r\n                            <\/div>\r\n                        <\/div>\r\n                    <\/div>\r\n                                    <div class=\"col-xl-4 col-md-6\">\r\n                        <div class=\"blog-item\">\r\n                                                        <div class=\"blog-item__content\">\r\n                                <ul class=\"blog-meta\">\r\n                                    <li><span class=\"byline\"> <span class=\"author vcard\"><i aria-hidden=\"true\" class=\"flaticon-user\"><\/i><a class=\"url fn n\" href=\"https:\/\/www.obeczubri.cz\/hasici\/author\/petra\/\">Petra Svobodov\u00e1<\/a><\/span><\/span><\/li>\r\n                                    <li><i class=\"flaticon-bubble-chat\"><\/i><span>Koment\u00e1\u0159e nejsou povolen\u00e9<span class=\"screen-reader-text\"> u textu s n\u00e1zvem PS 8<\/span><\/span><\/li>\r\n                                <\/ul>\r\n                                <h4><a href=\"https:\/\/www.obeczubri.cz\/hasici\/2011\/07\/16\/ps-8\/\">PS 8<\/a><\/h4>\r\n                                <p>\r\n                                                                    <\/p>\r\n                                <a href=\"https:\/\/www.obeczubri.cz\/hasici\/2011\/07\/16\/ps-8\/\" class=\"read-more\">\u010c\u00edst v\u00edce<\/a>\r\n                            <\/div>\r\n                        <\/div>\r\n                    <\/div>\r\n                                    <div class=\"col-xl-4 col-md-6\">\r\n                        <div class=\"blog-item\">\r\n                                                        <div class=\"blog-item__content\">\r\n                                <ul class=\"blog-meta\">\r\n                                    <li><span class=\"byline\"> <span class=\"author vcard\"><i aria-hidden=\"true\" class=\"flaticon-user\"><\/i><a class=\"url fn n\" href=\"https:\/\/www.obeczubri.cz\/hasici\/author\/petra\/\">Petra Svobodov\u00e1<\/a><\/span><\/span><\/li>\r\n                                    <li><i class=\"flaticon-bubble-chat\"><\/i><span>Koment\u00e1\u0159e nejsou povolen\u00e9<span class=\"screen-reader-text\"> u textu s n\u00e1zvem Plamen 2011 &#8211; mlad\u0161\u00ed<\/span><\/span><\/li>\r\n                                <\/ul>\r\n                                <h4><a href=\"https:\/\/www.obeczubri.cz\/hasici\/2011\/05\/28\/plamen-2011-mladsi\/\">Plamen 2011 &#8211; mlad\u0161\u00ed<\/a><\/h4>\r\n                                <p>\r\n                                                                    <\/p>\r\n                                <a href=\"https:\/\/www.obeczubri.cz\/hasici\/2011\/05\/28\/plamen-2011-mladsi\/\" class=\"read-more\">\u010c\u00edst v\u00edce<\/a>\r\n                            <\/div>\r\n                        <\/div>\r\n                    <\/div>\r\n                                    <div class=\"col-xl-4 col-md-6\">\r\n                        <div class=\"blog-item\">\r\n                                                        <div class=\"blog-item__content\">\r\n                                <ul class=\"blog-meta\">\r\n                                    <li><span class=\"byline\"> <span class=\"author vcard\"><i aria-hidden=\"true\" class=\"flaticon-user\"><\/i><a class=\"url fn n\" href=\"https:\/\/www.obeczubri.cz\/hasici\/author\/petra\/\">Petra Svobodov\u00e1<\/a><\/span><\/span><\/li>\r\n                                    <li><i class=\"flaticon-bubble-chat\"><\/i><span>Koment\u00e1\u0159e nejsou povolen\u00e9<span class=\"screen-reader-text\"> u textu s n\u00e1zvem Plamen 2011 &#8211; star\u0161\u00ed<\/span><\/span><\/li>\r\n                                <\/ul>\r\n                                <h4><a href=\"https:\/\/www.obeczubri.cz\/hasici\/2011\/05\/28\/plamen-2011-starsi\/\">Plamen 2011 &#8211; star\u0161\u00ed<\/a><\/h4>\r\n                                <p>\r\n                                                                    <\/p>\r\n                                <a href=\"https:\/\/www.obeczubri.cz\/hasici\/2011\/05\/28\/plamen-2011-starsi\/\" class=\"read-more\">\u010c\u00edst v\u00edce<\/a>\r\n                            <\/div>\r\n                        <\/div>\r\n                    <\/div>\r\n                                    <div class=\"col-xl-4 col-md-6\">\r\n                        <div class=\"blog-item\">\r\n                                                        <div class=\"blog-item__content\">\r\n                                <ul class=\"blog-meta\">\r\n                                    <li><span class=\"byline\"> <span class=\"author vcard\"><i aria-hidden=\"true\" class=\"flaticon-user\"><\/i><a class=\"url fn n\" href=\"https:\/\/www.obeczubri.cz\/hasici\/author\/petra\/\">Petra Svobodov\u00e1<\/a><\/span><\/span><\/li>\r\n                                    <li><i class=\"flaticon-bubble-chat\"><\/i><span>Koment\u00e1\u0159e nejsou povolen\u00e9<span class=\"screen-reader-text\"> u textu s n\u00e1zvem CTIF star\u0161\u00ed<\/span><\/span><\/li>\r\n                                <\/ul>\r\n                                <h4><a href=\"https:\/\/www.obeczubri.cz\/hasici\/2011\/05\/03\/ctif-starsi\/\">CTIF star\u0161\u00ed<\/a><\/h4>\r\n                                <p>\r\n                                                                    <\/p>\r\n                                <a href=\"https:\/\/www.obeczubri.cz\/hasici\/2011\/05\/03\/ctif-starsi\/\" class=\"read-more\">\u010c\u00edst v\u00edce<\/a>\r\n                            <\/div>\r\n                        <\/div>\r\n                    <\/div>\r\n                                    <div class=\"col-xl-4 col-md-6\">\r\n                        <div class=\"blog-item\">\r\n                                                        <div class=\"blog-item__content\">\r\n                                <ul class=\"blog-meta\">\r\n                                    <li><span class=\"byline\"> <span class=\"author vcard\"><i aria-hidden=\"true\" class=\"flaticon-user\"><\/i><a class=\"url fn n\" href=\"https:\/\/www.obeczubri.cz\/hasici\/author\/petra\/\">Petra Svobodov\u00e1<\/a><\/span><\/span><\/li>\r\n                                    <li><i class=\"flaticon-bubble-chat\"><\/i><span>Koment\u00e1\u0159e nejsou povolen\u00e9<span class=\"screen-reader-text\"> u textu s n\u00e1zvem CTIF mlad\u0161\u00ed<\/span><\/span><\/li>\r\n                                <\/ul>\r\n                                <h4><a href=\"https:\/\/www.obeczubri.cz\/hasici\/2011\/05\/03\/ctif-mladsi\/\">CTIF mlad\u0161\u00ed<\/a><\/h4>\r\n                                <p>\r\n                                                                    <\/p>\r\n                                <a href=\"https:\/\/www.obeczubri.cz\/hasici\/2011\/05\/03\/ctif-mladsi\/\" class=\"read-more\">\u010c\u00edst v\u00edce<\/a>\r\n                            <\/div>\r\n                        <\/div>\r\n                    <\/div>\r\n                                    <div class=\"col-xl-4 col-md-6\">\r\n                        <div class=\"blog-item\">\r\n                                                        <div class=\"blog-item__content\">\r\n                                <ul class=\"blog-meta\">\r\n                                    <li><span class=\"byline\"> <span class=\"author vcard\"><i aria-hidden=\"true\" class=\"flaticon-user\"><\/i><a class=\"url fn n\" href=\"https:\/\/www.obeczubri.cz\/hasici\/author\/petra\/\">Petra Svobodov\u00e1<\/a><\/span><\/span><\/li>\r\n                                    <li><i class=\"flaticon-bubble-chat\"><\/i><span>Koment\u00e1\u0159e nejsou povolen\u00e9<span class=\"screen-reader-text\"> u textu s n\u00e1zvem MH star\u0161\u00ed \u00fatok<\/span><\/span><\/li>\r\n                                <\/ul>\r\n                                <h4><a href=\"https:\/\/www.obeczubri.cz\/hasici\/2011\/05\/01\/mh-starsi-utok\/\">MH star\u0161\u00ed \u00fatok<\/a><\/h4>\r\n                                <p>\r\n                                                                    <\/p>\r\n                                <a href=\"https:\/\/www.obeczubri.cz\/hasici\/2011\/05\/01\/mh-starsi-utok\/\" class=\"read-more\">\u010c\u00edst v\u00edce<\/a>\r\n                            <\/div>\r\n                        <\/div>\r\n                    <\/div>\r\n                                    <div class=\"col-xl-4 col-md-6\">\r\n                        <div class=\"blog-item\">\r\n                                                        <div class=\"blog-item__content\">\r\n                                <ul class=\"blog-meta\">\r\n                                    <li><span class=\"byline\"> <span class=\"author vcard\"><i aria-hidden=\"true\" class=\"flaticon-user\"><\/i><a class=\"url fn n\" href=\"https:\/\/www.obeczubri.cz\/hasici\/author\/petra\/\">Petra Svobodov\u00e1<\/a><\/span><\/span><\/li>\r\n                                    <li><i class=\"flaticon-bubble-chat\"><\/i><span>Koment\u00e1\u0159e nejsou povolen\u00e9<span class=\"screen-reader-text\"> u textu s n\u00e1zvem MH mlad\u0161\u00ed \u00fatok<\/span><\/span><\/li>\r\n                                <\/ul>\r\n                                <h4><a href=\"https:\/\/www.obeczubri.cz\/hasici\/2011\/05\/01\/mh-mladsi-utok\/\">MH mlad\u0161\u00ed \u00fatok<\/a><\/h4>\r\n                                <p>\r\n                                                                    <\/p>\r\n                                <a href=\"https:\/\/www.obeczubri.cz\/hasici\/2011\/05\/01\/mh-mladsi-utok\/\" class=\"read-more\">\u010c\u00edst v\u00edce<\/a>\r\n                            <\/div>\r\n                        <\/div>\r\n                    <\/div>\r\n                                \r\n            <\/div>\r\n                            <div class=\"pagination pt-20\">\r\n                    <span class=\"page-numbers current\">1<\/span>\n<a class=\"page-numbers\" href=\"https:\/\/www.obeczubri.cz\/hasici\/wp-json\/wp\/v2\/pages\/4618\/page\/2\/\">2<\/a>\n<a class=\"next page-numbers\" href=\"https:\/\/www.obeczubri.cz\/hasici\/wp-json\/wp\/v2\/pages\/4618\/page\/2\/\"><i class=\"fa fa-angle-right\"><\/i><\/a>                <\/div>\r\n                    <\/div>\r\n            <\/div>\r\n\t\t\t\t<\/div>\n\t\t\t\t<\/div>\n\t\t\t\t\t<\/div>\n\t\t<\/div>\n\t\t\t\t\t<\/div>\n\t\t<\/section>\n\t\t\t\t<\/div>\n\t\t","protected":false},"excerpt":{"rendered":"<p>Petra Svobodov\u00e1 Koment\u00e1\u0159e nejsou povolen\u00e9 u textu s n\u00e1zvem p\u0159edkolo Hry Plamen 2012 p\u0159edkolo Hry Plamen 2012 \u010c\u00edst v\u00edce Petra Svobodov\u00e1 Koment\u00e1\u0159e nejsou povolen\u00e9 u textu s n\u00e1zvem PS-8 Zub\u0159\u00ed u Trhov\u00e9 Kamenice 2012 PS-8 Zub\u0159\u00ed u Trhov\u00e9 Kamenice 2012 \u010c\u00edst v\u00edce Petra Svobodov\u00e1 Koment\u00e1\u0159e nejsou povolen\u00e9 u textu s n\u00e1zvem Rozlou\u010den\u00ed 2011 Rozlou\u010den\u00ed 2011 [&hellip;]<\/p>\n","protected":false},"author":1,"featured_media":0,"parent":0,"menu_order":0,"comment_status":"closed","ping_status":"closed","template":"elementor_header_footer","meta":{"footnotes":""},"class_list":["post-4618","page","type-page","status-publish","hentry"],"jetpack_sharing_enabled":true,"jetpack_shortlink":"https:\/\/wp.me\/P91NNl-1cu","_links":{"self":[{"href":"https:\/\/www.obeczubri.cz\/hasici\/wp-json\/wp\/v2\/pages\/4618","targetHints":{"allow":["GET"]}}],"collection":[{"href":"https:\/\/www.obeczubri.cz\/hasici\/wp-json\/wp\/v2\/pages"}],"about":[{"href":"https:\/\/www.obeczubri.cz\/hasici\/wp-json\/wp\/v2\/types\/page"}],"author":[{"embeddable":true,"href":"https:\/\/www.obeczubri.cz\/hasici\/wp-json\/wp\/v2\/users\/1"}],"replies":[{"embeddable":true,"href":"https:\/\/www.obeczubri.cz\/hasici\/wp-json\/wp\/v2\/comments?post=4618"}],"version-history":[{"count":4,"href":"https:\/\/www.obeczubri.cz\/hasici\/wp-json\/wp\/v2\/pages\/4618\/revisions"}],"predecessor-version":[{"id":4622,"href":"https:\/\/www.obeczubri.cz\/hasici\/wp-json\/wp\/v2\/pages\/4618\/revisions\/4622"}],"wp:attachment":[{"href":"https:\/\/www.obeczubri.cz\/hasici\/wp-json\/wp\/v2\/media?parent=4618"}],"curies":[{"name":"wp","href":"https:\/\/api.w.org\/{rel}","templated":true}]}}