{"id":4550,"date":"2026-05-06T19:55:48","date_gmt":"2026-05-06T17:55:48","guid":{"rendered":"https:\/\/www.obeczubri.cz\/hasici\/?page_id=4550"},"modified":"2026-05-06T19:57:03","modified_gmt":"2026-05-06T17:57:03","slug":"ucime-se","status":"publish","type":"page","link":"https:\/\/www.obeczubri.cz\/hasici\/ucime-se\/","title":{"rendered":"U\u010d\u00edme se"},"content":{"rendered":"\t\t<div data-elementor-type=\"wp-page\" data-elementor-id=\"4550\" class=\"elementor elementor-4550\">\n\t\t\t\t\t\t<section class=\"elementor-section elementor-top-section elementor-element elementor-element-d37d340 portfolio-details-area elementor-section-boxed elementor-section-height-default elementor-section-height-default\" data-id=\"d37d340\" data-element_type=\"section\" data-e-type=\"section\">\n\t\t\t\t\t\t<div class=\"elementor-container elementor-column-gap-default\">\n\t\t\t\t\t<div class=\"elementor-column elementor-col-100 elementor-top-column elementor-element elementor-element-2ddf4255 portfolio-details-content\" data-id=\"2ddf4255\" data-element_type=\"column\" data-e-type=\"column\">\n\t\t\t<div class=\"elementor-widget-wrap elementor-element-populated\">\n\t\t\t\t\t\t<div class=\"elementor-element elementor-element-c273d89 elementor-widget elementor-widget-charite-blog-widget\" data-id=\"c273d89\" data-element_type=\"widget\" data-e-type=\"widget\" data-widget_type=\"charite-blog-widget.default\">\n\t\t\t\t<div class=\"elementor-widget-container\">\n\t\t\t\t\t\r\n    <div class=\"blog-area pt-120 pb-90 rel z-1\">\r\n        <div class=\"container\">\r\n                            <div class=\"row justify-content-center\">\r\n                    <div class=\"col-xl-x col-lg-8 col-md-10\">\r\n                        <div class=\"section-title text-center mb-60\">\r\n                                                                                                            <\/div>\r\n                    <\/div>\r\n                <\/div>\r\n                        <div class=\"row justify-content-center\">\r\n                                                    <div class=\"col-xl-4 col-md-6\">\r\n                        <div class=\"blog-item\">\r\n                                                        <div class=\"blog-item__content\">\r\n                                <ul class=\"blog-meta\">\r\n                                    <li><span class=\"byline\"> <span class=\"author vcard\"><i aria-hidden=\"true\" class=\"flaticon-user\"><\/i><a class=\"url fn n\" href=\"https:\/\/www.obeczubri.cz\/hasici\/author\/petra\/\">Petra Svobodov\u00e1<\/a><\/span><\/span><\/li>\r\n                                    <li><i class=\"flaticon-bubble-chat\"><\/i><span>Koment\u00e1\u0159e nejsou povolen\u00e9<span class=\"screen-reader-text\"> u textu s n\u00e1zvem Co d\u011blat p\u0159i prolomen\u00ed ledu<\/span><\/span><\/li>\r\n                                <\/ul>\r\n                                <h4><a href=\"https:\/\/www.obeczubri.cz\/hasici\/2011\/11\/20\/co-delat-pri-prolomeni-ledu\/\">Co d\u011blat p\u0159i prolomen\u00ed ledu<\/a><\/h4>\r\n                                <p>\r\n                                                                    <\/p>\r\n                                <a href=\"https:\/\/www.obeczubri.cz\/hasici\/2011\/11\/20\/co-delat-pri-prolomeni-ledu\/\" class=\"read-more\">\u010c\u00edst v\u00edce<\/a>\r\n                            <\/div>\r\n                        <\/div>\r\n                    <\/div>\r\n                                    <div class=\"col-xl-4 col-md-6\">\r\n                        <div class=\"blog-item\">\r\n                                                        <div class=\"blog-item__content\">\r\n                                <ul class=\"blog-meta\">\r\n                                    <li><span class=\"byline\"> <span class=\"author vcard\"><i aria-hidden=\"true\" class=\"flaticon-user\"><\/i><a class=\"url fn n\" href=\"https:\/\/www.obeczubri.cz\/hasici\/author\/petra\/\">Petra Svobodov\u00e1<\/a><\/span><\/span><\/li>\r\n                                    <li><i class=\"flaticon-bubble-chat\"><\/i><span>Koment\u00e1\u0159e nejsou povolen\u00e9<span class=\"screen-reader-text\"> u textu s n\u00e1zvem Z\u00e1chrana tonouc\u00edho<\/span><\/span><\/li>\r\n                                <\/ul>\r\n                                <h4><a href=\"https:\/\/www.obeczubri.cz\/hasici\/2011\/11\/20\/zachrana-tonouciho\/\">Z\u00e1chrana tonouc\u00edho<\/a><\/h4>\r\n                                <p>\r\n                                                                    <\/p>\r\n                                <a href=\"https:\/\/www.obeczubri.cz\/hasici\/2011\/11\/20\/zachrana-tonouciho\/\" class=\"read-more\">\u010c\u00edst v\u00edce<\/a>\r\n                            <\/div>\r\n                        <\/div>\r\n                    <\/div>\r\n                                    <div class=\"col-xl-4 col-md-6\">\r\n                        <div class=\"blog-item\">\r\n                                                        <div class=\"blog-item__content\">\r\n                                <ul class=\"blog-meta\">\r\n                                    <li><span class=\"byline\"> <span class=\"author vcard\"><i aria-hidden=\"true\" class=\"flaticon-user\"><\/i><a class=\"url fn n\" href=\"https:\/\/www.obeczubri.cz\/hasici\/author\/petra\/\">Petra Svobodov\u00e1<\/a><\/span><\/span><\/li>\r\n                                    <li><i class=\"flaticon-bubble-chat\"><\/i><span>Koment\u00e1\u0159e nejsou povolen\u00e9<span class=\"screen-reader-text\"> u textu s n\u00e1zvem V\u00e1z\u00e1n\u00ed z\u00e1kladn\u00edch uzl\u016f + roz\u0161\u00ed\u0159en\u00ed<\/span><\/span><\/li>\r\n                                <\/ul>\r\n                                <h4><a href=\"https:\/\/www.obeczubri.cz\/hasici\/2011\/10\/28\/vazani-zakladnich-uzlu-rozsireni\/\">V\u00e1z\u00e1n\u00ed z\u00e1kladn\u00edch uzl\u016f + roz\u0161\u00ed\u0159en\u00ed<\/a><\/h4>\r\n                                <p>\r\n                                                                    <\/p>\r\n                                <a href=\"https:\/\/www.obeczubri.cz\/hasici\/2011\/10\/28\/vazani-zakladnich-uzlu-rozsireni\/\" class=\"read-more\">\u010c\u00edst v\u00edce<\/a>\r\n                            <\/div>\r\n                        <\/div>\r\n                    <\/div>\r\n                                    <div class=\"col-xl-4 col-md-6\">\r\n                        <div class=\"blog-item\">\r\n                                                        <div class=\"blog-item__content\">\r\n                                <ul class=\"blog-meta\">\r\n                                    <li><span class=\"byline\"> <span class=\"author vcard\"><i aria-hidden=\"true\" class=\"flaticon-user\"><\/i><a class=\"url fn n\" href=\"https:\/\/www.obeczubri.cz\/hasici\/author\/petra\/\">Petra Svobodov\u00e1<\/a><\/span><\/span><\/li>\r\n                                    <li><i class=\"flaticon-bubble-chat\"><\/i><span>Koment\u00e1\u0159e nejsou povolen\u00e9<span class=\"screen-reader-text\"> u textu s n\u00e1zvem Co d\u011blat kdy\u017e zazn\u00ed sir\u00e9na?<\/span><\/span><\/li>\r\n                                <\/ul>\r\n                                <h4><a href=\"https:\/\/www.obeczubri.cz\/hasici\/2011\/09\/25\/co-delat-kdyz-zazni-sirena\/\">Co d\u011blat kdy\u017e zazn\u00ed sir\u00e9na?<\/a><\/h4>\r\n                                <p>\r\n                                                                    <\/p>\r\n                                <a href=\"https:\/\/www.obeczubri.cz\/hasici\/2011\/09\/25\/co-delat-kdyz-zazni-sirena\/\" class=\"read-more\">\u010c\u00edst v\u00edce<\/a>\r\n                            <\/div>\r\n                        <\/div>\r\n                    <\/div>\r\n                                    <div class=\"col-xl-4 col-md-6\">\r\n                        <div class=\"blog-item\">\r\n                                                        <div class=\"blog-item__content\">\r\n                                <ul class=\"blog-meta\">\r\n                                    <li><span class=\"byline\"> <span class=\"author vcard\"><i aria-hidden=\"true\" class=\"flaticon-user\"><\/i><a class=\"url fn n\" href=\"https:\/\/www.obeczubri.cz\/hasici\/author\/petra\/\">Petra Svobodov\u00e1<\/a><\/span><\/span><\/li>\r\n                                    <li><i class=\"flaticon-bubble-chat\"><\/i><span>Koment\u00e1\u0159e nejsou povolen\u00e9<span class=\"screen-reader-text\"> u textu s n\u00e1zvem Jak se chovat p\u0159i?<\/span><\/span><\/li>\r\n                                <\/ul>\r\n                                <h4><a href=\"https:\/\/www.obeczubri.cz\/hasici\/2011\/09\/25\/jak-se-chovat-pri\/\">Jak se chovat p\u0159i?<\/a><\/h4>\r\n                                <p>\r\n                                                                    <\/p>\r\n                                <a href=\"https:\/\/www.obeczubri.cz\/hasici\/2011\/09\/25\/jak-se-chovat-pri\/\" class=\"read-more\">\u010c\u00edst v\u00edce<\/a>\r\n                            <\/div>\r\n                        <\/div>\r\n                    <\/div>\r\n                                    <div class=\"col-xl-4 col-md-6\">\r\n                        <div class=\"blog-item\">\r\n                                                        <div class=\"blog-item__content\">\r\n                                <ul class=\"blog-meta\">\r\n                                    <li><span class=\"byline\"> <span class=\"author vcard\"><i aria-hidden=\"true\" class=\"flaticon-user\"><\/i><a class=\"url fn n\" href=\"https:\/\/www.obeczubri.cz\/hasici\/author\/petra\/\">Petra Svobodov\u00e1<\/a><\/span><\/span><\/li>\r\n                                    <li><i class=\"flaticon-bubble-chat\"><\/i><span>Koment\u00e1\u0159e nejsou povolen\u00e9<span class=\"screen-reader-text\"> u textu s n\u00e1zvem Po\u017e\u00e1rn\u00ed zna\u010dky dorost<\/span><\/span><\/li>\r\n                                <\/ul>\r\n                                <h4><a href=\"https:\/\/www.obeczubri.cz\/hasici\/2011\/06\/16\/pozarni-znacky-dorost\/\">Po\u017e\u00e1rn\u00ed zna\u010dky dorost<\/a><\/h4>\r\n                                <p>\r\n                                                                    <\/p>\r\n                                <a href=\"https:\/\/www.obeczubri.cz\/hasici\/2011\/06\/16\/pozarni-znacky-dorost\/\" class=\"read-more\">\u010c\u00edst v\u00edce<\/a>\r\n                            <\/div>\r\n                        <\/div>\r\n                    <\/div>\r\n                                    <div class=\"col-xl-4 col-md-6\">\r\n                        <div class=\"blog-item\">\r\n                                                        <div class=\"blog-item__content\">\r\n                                <ul class=\"blog-meta\">\r\n                                    <li><span class=\"byline\"> <span class=\"author vcard\"><i aria-hidden=\"true\" class=\"flaticon-user\"><\/i><a class=\"url fn n\" href=\"https:\/\/www.obeczubri.cz\/hasici\/author\/petra\/\">Petra Svobodov\u00e1<\/a><\/span><\/span><\/li>\r\n                                    <li><i class=\"flaticon-bubble-chat\"><\/i><span>Koment\u00e1\u0159e nejsou povolen\u00e9<span class=\"screen-reader-text\"> u textu s n\u00e1zvem Z\u00e1kladn\u00ed pravidla prvn\u00ed pomoci<\/span><\/span><\/li>\r\n                                <\/ul>\r\n                                <h4><a href=\"https:\/\/www.obeczubri.cz\/hasici\/2011\/05\/08\/zakladni-pravidla-prvni-pomoci\/\">Z\u00e1kladn\u00ed pravidla prvn\u00ed pomoci<\/a><\/h4>\r\n                                <p>\r\n                                                                    <\/p>\r\n                                <a href=\"https:\/\/www.obeczubri.cz\/hasici\/2011\/05\/08\/zakladni-pravidla-prvni-pomoci\/\" class=\"read-more\">\u010c\u00edst v\u00edce<\/a>\r\n                            <\/div>\r\n                        <\/div>\r\n                    <\/div>\r\n                                    <div class=\"col-xl-4 col-md-6\">\r\n                        <div class=\"blog-item\">\r\n                                                        <div class=\"blog-item__content\">\r\n                                <ul class=\"blog-meta\">\r\n                                    <li><span class=\"byline\"> <span class=\"author vcard\"><i aria-hidden=\"true\" class=\"flaticon-user\"><\/i><a class=\"url fn n\" href=\"https:\/\/www.obeczubri.cz\/hasici\/author\/petra\/\">Petra Svobodov\u00e1<\/a><\/span><\/span><\/li>\r\n                                    <li><i class=\"flaticon-bubble-chat\"><\/i><span>Koment\u00e1\u0159e nejsou povolen\u00e9<span class=\"screen-reader-text\"> u textu s n\u00e1zvem Osobn\u00ed v\u00fdbava hasi\u010de<\/span><\/span><\/li>\r\n                                <\/ul>\r\n                                <h4><a href=\"https:\/\/www.obeczubri.cz\/hasici\/2011\/02\/15\/osobni-vybava-hasice\/\">Osobn\u00ed v\u00fdbava hasi\u010de<\/a><\/h4>\r\n                                <p>\r\n                                                                    <\/p>\r\n                                <a href=\"https:\/\/www.obeczubri.cz\/hasici\/2011\/02\/15\/osobni-vybava-hasice\/\" class=\"read-more\">\u010c\u00edst v\u00edce<\/a>\r\n                            <\/div>\r\n                        <\/div>\r\n                    <\/div>\r\n                                    <div class=\"col-xl-4 col-md-6\">\r\n                        <div class=\"blog-item\">\r\n                                                        <div class=\"blog-item__content\">\r\n                                <ul class=\"blog-meta\">\r\n                                    <li><span class=\"byline\"> <span class=\"author vcard\"><i aria-hidden=\"true\" class=\"flaticon-user\"><\/i><a class=\"url fn n\" href=\"https:\/\/www.obeczubri.cz\/hasici\/author\/petra\/\">Petra Svobodov\u00e1<\/a><\/span><\/span><\/li>\r\n                                    <li><i class=\"flaticon-bubble-chat\"><\/i><span>Koment\u00e1\u0159e nejsou povolen\u00e9<span class=\"screen-reader-text\"> u textu s n\u00e1zvem Ozna\u010dov\u00e1n\u00ed nebezpe\u010dn\u00fdch l\u00e1tek p\u0159i p\u0159eprav\u011b<\/span><\/span><\/li>\r\n                                <\/ul>\r\n                                <h4><a href=\"https:\/\/www.obeczubri.cz\/hasici\/2010\/11\/05\/oznacovani-nebezpecnych-latek-pri-preprave\/\">Ozna\u010dov\u00e1n\u00ed nebezpe\u010dn\u00fdch l\u00e1tek p\u0159i p\u0159eprav\u011b<\/a><\/h4>\r\n                                <p>\r\n                                                                    <\/p>\r\n                                <a href=\"https:\/\/www.obeczubri.cz\/hasici\/2010\/11\/05\/oznacovani-nebezpecnych-latek-pri-preprave\/\" class=\"read-more\">\u010c\u00edst v\u00edce<\/a>\r\n                            <\/div>\r\n                        <\/div>\r\n                    <\/div>\r\n                                    <div class=\"col-xl-4 col-md-6\">\r\n                        <div class=\"blog-item\">\r\n                                                        <div class=\"blog-item__content\">\r\n                                <ul class=\"blog-meta\">\r\n                                    <li><span class=\"byline\"> <span class=\"author vcard\"><i aria-hidden=\"true\" class=\"flaticon-user\"><\/i><a class=\"url fn n\" href=\"https:\/\/www.obeczubri.cz\/hasici\/author\/petra\/\">Petra Svobodov\u00e1<\/a><\/span><\/span><\/li>\r\n                                    <li><i class=\"flaticon-bubble-chat\"><\/i><span>Koment\u00e1\u0159e nejsou povolen\u00e9<span class=\"screen-reader-text\"> u textu s n\u00e1zvem Buzola a jej\u00ed vyu\u017eit\u00ed + azimuty<\/span><\/span><\/li>\r\n                                <\/ul>\r\n                                <h4><a href=\"https:\/\/www.obeczubri.cz\/hasici\/2010\/10\/31\/buzola-a-jeji-vyuziti-azimuty\/\">Buzola a jej\u00ed vyu\u017eit\u00ed + azimuty<\/a><\/h4>\r\n                                <p>\r\n                                                                    <\/p>\r\n                                <a href=\"https:\/\/www.obeczubri.cz\/hasici\/2010\/10\/31\/buzola-a-jeji-vyuziti-azimuty\/\" class=\"read-more\">\u010c\u00edst v\u00edce<\/a>\r\n                            <\/div>\r\n                        <\/div>\r\n                    <\/div>\r\n                                    <div class=\"col-xl-4 col-md-6\">\r\n                        <div class=\"blog-item\">\r\n                                                        <div class=\"blog-item__content\">\r\n                                <ul class=\"blog-meta\">\r\n                                    <li><span class=\"byline\"> <span class=\"author vcard\"><i aria-hidden=\"true\" class=\"flaticon-user\"><\/i><a class=\"url fn n\" href=\"https:\/\/www.obeczubri.cz\/hasici\/author\/petra\/\">Petra Svobodov\u00e1<\/a><\/span><\/span><\/li>\r\n                                    <li><i class=\"flaticon-bubble-chat\"><\/i><span>Koment\u00e1\u0159e nejsou povolen\u00e9<span class=\"screen-reader-text\"> u textu s n\u00e1zvem Orientace v ter\u00e9nu<\/span><\/span><\/li>\r\n                                <\/ul>\r\n                                <h4><a href=\"https:\/\/www.obeczubri.cz\/hasici\/2010\/10\/30\/orientace-v-terenu\/\">Orientace v ter\u00e9nu<\/a><\/h4>\r\n                                <p>\r\n                                                                    <\/p>\r\n                                <a href=\"https:\/\/www.obeczubri.cz\/hasici\/2010\/10\/30\/orientace-v-terenu\/\" class=\"read-more\">\u010c\u00edst v\u00edce<\/a>\r\n                            <\/div>\r\n                        <\/div>\r\n                    <\/div>\r\n                                    <div class=\"col-xl-4 col-md-6\">\r\n                        <div class=\"blog-item\">\r\n                                                        <div class=\"blog-item__content\">\r\n                                <ul class=\"blog-meta\">\r\n                                    <li><span class=\"byline\"> <span class=\"author vcard\"><i aria-hidden=\"true\" class=\"flaticon-user\"><\/i><a class=\"url fn n\" href=\"https:\/\/www.obeczubri.cz\/hasici\/author\/petra\/\">Petra Svobodov\u00e1<\/a><\/span><\/span><\/li>\r\n                                    <li><i class=\"flaticon-bubble-chat\"><\/i><span>Koment\u00e1\u0159e nejsou povolen\u00e9<span class=\"screen-reader-text\"> u textu s n\u00e1zvem Po\u017e\u00e1rn\u00ed zna\u010dky<\/span><\/span><\/li>\r\n                                <\/ul>\r\n                                <h4><a href=\"https:\/\/www.obeczubri.cz\/hasici\/2010\/10\/05\/pozarni-znacky\/\">Po\u017e\u00e1rn\u00ed zna\u010dky<\/a><\/h4>\r\n                                <p>\r\n                                                                    <\/p>\r\n                                <a href=\"https:\/\/www.obeczubri.cz\/hasici\/2010\/10\/05\/pozarni-znacky\/\" class=\"read-more\">\u010c\u00edst v\u00edce<\/a>\r\n                            <\/div>\r\n                        <\/div>\r\n                    <\/div>\r\n                                    <div class=\"col-xl-4 col-md-6\">\r\n                        <div class=\"blog-item\">\r\n                                                        <div class=\"blog-item__content\">\r\n                                <ul class=\"blog-meta\">\r\n                                    <li><span class=\"byline\"> <span class=\"author vcard\"><i aria-hidden=\"true\" class=\"flaticon-user\"><\/i><a class=\"url fn n\" href=\"https:\/\/www.obeczubri.cz\/hasici\/author\/petra\/\">Petra Svobodov\u00e1<\/a><\/span><\/span><\/li>\r\n                                    <li><i class=\"flaticon-bubble-chat\"><\/i><span>Koment\u00e1\u0159e nejsou povolen\u00e9<span class=\"screen-reader-text\"> u textu s n\u00e1zvem Has\u00edc\u00ed p\u0159\u00edstroje<\/span><\/span><\/li>\r\n                                <\/ul>\r\n                                <h4><a href=\"https:\/\/www.obeczubri.cz\/hasici\/2010\/10\/05\/hasici-pristroje\/\">Has\u00edc\u00ed p\u0159\u00edstroje<\/a><\/h4>\r\n                                <p>\r\n                                                                    <\/p>\r\n                                <a href=\"https:\/\/www.obeczubri.cz\/hasici\/2010\/10\/05\/hasici-pristroje\/\" class=\"read-more\">\u010c\u00edst v\u00edce<\/a>\r\n                            <\/div>\r\n                        <\/div>\r\n                    <\/div>\r\n                                    <div class=\"col-xl-4 col-md-6\">\r\n                        <div class=\"blog-item\">\r\n                                                        <div class=\"blog-item__content\">\r\n                                <ul class=\"blog-meta\">\r\n                                    <li><span class=\"byline\"> <span class=\"author vcard\"><i aria-hidden=\"true\" class=\"flaticon-user\"><\/i><a class=\"url fn n\" href=\"https:\/\/www.obeczubri.cz\/hasici\/author\/petra\/\">Petra Svobodov\u00e1<\/a><\/span><\/span><\/li>\r\n                                    <li><i class=\"flaticon-bubble-chat\"><\/i><span>Koment\u00e1\u0159e nejsou povolen\u00e9<span class=\"screen-reader-text\"> u textu s n\u00e1zvem Co \u010d\u00edm hasit &#8211; sypk\u00e9 l\u00e1tky<\/span><\/span><\/li>\r\n                                <\/ul>\r\n                                <h4><a href=\"https:\/\/www.obeczubri.cz\/hasici\/2010\/09\/30\/co-cim-hasit-sypke-latky\/\">Co \u010d\u00edm hasit &#8211; sypk\u00e9 l\u00e1tky<\/a><\/h4>\r\n                                <p>\r\n                                                                    <\/p>\r\n                                <a href=\"https:\/\/www.obeczubri.cz\/hasici\/2010\/09\/30\/co-cim-hasit-sypke-latky\/\" class=\"read-more\">\u010c\u00edst v\u00edce<\/a>\r\n                            <\/div>\r\n                        <\/div>\r\n                    <\/div>\r\n                                    <div class=\"col-xl-4 col-md-6\">\r\n                        <div class=\"blog-item\">\r\n                                                        <div class=\"blog-item__content\">\r\n                                <ul class=\"blog-meta\">\r\n                                    <li><span class=\"byline\"> <span class=\"author vcard\"><i aria-hidden=\"true\" class=\"flaticon-user\"><\/i><a class=\"url fn n\" href=\"https:\/\/www.obeczubri.cz\/hasici\/author\/petra\/\">Petra Svobodov\u00e1<\/a><\/span><\/span><\/li>\r\n                                    <li><i class=\"flaticon-bubble-chat\"><\/i><span>Koment\u00e1\u0159e nejsou povolen\u00e9<span class=\"screen-reader-text\"> u textu s n\u00e1zvem Co \u010d\u00edm hasit &#8211; knihovna-jemn\u00e1 mechanika<\/span><\/span><\/li>\r\n                                <\/ul>\r\n                                <h4><a href=\"https:\/\/www.obeczubri.cz\/hasici\/2010\/09\/30\/co-cim-hasit-knihovna-jemna-mechanika\/\">Co \u010d\u00edm hasit &#8211; knihovna-jemn\u00e1 mechanika<\/a><\/h4>\r\n                                <p>\r\n                                                                    <\/p>\r\n                                <a href=\"https:\/\/www.obeczubri.cz\/hasici\/2010\/09\/30\/co-cim-hasit-knihovna-jemna-mechanika\/\" class=\"read-more\">\u010c\u00edst v\u00edce<\/a>\r\n                            <\/div>\r\n                        <\/div>\r\n                    <\/div>\r\n                                \r\n            <\/div>\r\n                            <div class=\"pagination pt-20\">\r\n                    <span class=\"page-numbers current\">1<\/span>\n<a class=\"page-numbers\" href=\"https:\/\/www.obeczubri.cz\/hasici\/wp-json\/wp\/v2\/pages\/4550\/page\/2\/\">2<\/a>\n<a class=\"next page-numbers\" href=\"https:\/\/www.obeczubri.cz\/hasici\/wp-json\/wp\/v2\/pages\/4550\/page\/2\/\"><i class=\"fa fa-angle-right\"><\/i><\/a>                <\/div>\r\n                    <\/div>\r\n            <\/div>\r\n\t\t\t\t<\/div>\n\t\t\t\t<\/div>\n\t\t\t\t\t<\/div>\n\t\t<\/div>\n\t\t\t\t\t<\/div>\n\t\t<\/section>\n\t\t\t\t<\/div>\n\t\t","protected":false},"excerpt":{"rendered":"<p>Petra Svobodov\u00e1 Koment\u00e1\u0159e nejsou povolen\u00e9 u textu s n\u00e1zvem Co d\u011blat p\u0159i prolomen\u00ed ledu Co d\u011blat p\u0159i prolomen\u00ed ledu \u010c\u00edst v\u00edce Petra Svobodov\u00e1 Koment\u00e1\u0159e nejsou povolen\u00e9 u textu s n\u00e1zvem Z\u00e1chrana tonouc\u00edho Z\u00e1chrana tonouc\u00edho \u010c\u00edst v\u00edce Petra Svobodov\u00e1 Koment\u00e1\u0159e nejsou povolen\u00e9 u textu s n\u00e1zvem V\u00e1z\u00e1n\u00ed z\u00e1kladn\u00edch uzl\u016f + roz\u0161\u00ed\u0159en\u00ed V\u00e1z\u00e1n\u00ed z\u00e1kladn\u00edch uzl\u016f + roz\u0161\u00ed\u0159en\u00ed [&hellip;]<\/p>\n","protected":false},"author":1,"featured_media":0,"parent":0,"menu_order":0,"comment_status":"closed","ping_status":"closed","template":"elementor_header_footer","meta":{"footnotes":""},"class_list":["post-4550","page","type-page","status-publish","hentry"],"jetpack_sharing_enabled":true,"jetpack_shortlink":"https:\/\/wp.me\/P91NNl-1bo","_links":{"self":[{"href":"https:\/\/www.obeczubri.cz\/hasici\/wp-json\/wp\/v2\/pages\/4550","targetHints":{"allow":["GET"]}}],"collection":[{"href":"https:\/\/www.obeczubri.cz\/hasici\/wp-json\/wp\/v2\/pages"}],"about":[{"href":"https:\/\/www.obeczubri.cz\/hasici\/wp-json\/wp\/v2\/types\/page"}],"author":[{"embeddable":true,"href":"https:\/\/www.obeczubri.cz\/hasici\/wp-json\/wp\/v2\/users\/1"}],"replies":[{"embeddable":true,"href":"https:\/\/www.obeczubri.cz\/hasici\/wp-json\/wp\/v2\/comments?post=4550"}],"version-history":[{"count":4,"href":"https:\/\/www.obeczubri.cz\/hasici\/wp-json\/wp\/v2\/pages\/4550\/revisions"}],"predecessor-version":[{"id":4554,"href":"https:\/\/www.obeczubri.cz\/hasici\/wp-json\/wp\/v2\/pages\/4550\/revisions\/4554"}],"wp:attachment":[{"href":"https:\/\/www.obeczubri.cz\/hasici\/wp-json\/wp\/v2\/media?parent=4550"}],"curies":[{"name":"wp","href":"https:\/\/api.w.org\/{rel}","templated":true}]}}