{"id":4544,"date":"2026-05-06T19:50:59","date_gmt":"2026-05-06T17:50:59","guid":{"rendered":"https:\/\/www.obeczubri.cz\/hasici\/?page_id=4544"},"modified":"2026-05-06T19:52:12","modified_gmt":"2026-05-06T17:52:12","slug":"vite-ze","status":"publish","type":"page","link":"https:\/\/www.obeczubri.cz\/hasici\/vite-ze\/","title":{"rendered":"V\u00edte \u017ee"},"content":{"rendered":"\t\t<div data-elementor-type=\"wp-page\" data-elementor-id=\"4544\" class=\"elementor elementor-4544\">\n\t\t\t\t\t\t<section class=\"elementor-section elementor-top-section elementor-element elementor-element-35f4ec87 portfolio-details-area elementor-section-boxed elementor-section-height-default elementor-section-height-default\" data-id=\"35f4ec87\" data-element_type=\"section\" data-e-type=\"section\">\n\t\t\t\t\t\t<div class=\"elementor-container elementor-column-gap-default\">\n\t\t\t\t\t<div class=\"elementor-column elementor-col-100 elementor-top-column elementor-element elementor-element-457717a3 portfolio-details-content\" data-id=\"457717a3\" data-element_type=\"column\" data-e-type=\"column\">\n\t\t\t<div class=\"elementor-widget-wrap elementor-element-populated\">\n\t\t\t\t\t\t<div class=\"elementor-element elementor-element-5a3e88f elementor-widget elementor-widget-charite-blog-widget\" data-id=\"5a3e88f\" data-element_type=\"widget\" data-e-type=\"widget\" data-widget_type=\"charite-blog-widget.default\">\n\t\t\t\t<div class=\"elementor-widget-container\">\n\t\t\t\t\t\r\n    <div class=\"blog-area pt-120 pb-90 rel z-1\">\r\n        <div class=\"container\">\r\n                            <div class=\"row justify-content-center\">\r\n                    <div class=\"col-xl-x col-lg-8 col-md-10\">\r\n                        <div class=\"section-title text-center mb-60\">\r\n                                                                                                            <\/div>\r\n                    <\/div>\r\n                <\/div>\r\n                        <div class=\"row justify-content-center\">\r\n                                                    <div class=\"col-xl-4 col-md-6\">\r\n                        <div class=\"blog-item\">\r\n                                                        <div class=\"blog-item__content\">\r\n                                <ul class=\"blog-meta\">\r\n                                    <li><span class=\"byline\"> <span class=\"author vcard\"><i aria-hidden=\"true\" class=\"flaticon-user\"><\/i><a class=\"url fn n\" href=\"https:\/\/www.obeczubri.cz\/hasici\/author\/petra\/\">Petra Svobodov\u00e1<\/a><\/span><\/span><\/li>\r\n                                    <li><i class=\"flaticon-bubble-chat\"><\/i><span>Koment\u00e1\u0159e nejsou povolen\u00e9<span class=\"screen-reader-text\"> u textu s n\u00e1zvem Rozd\u011blen\u00ed po\u017e\u00e1rn\u00edch hadic<\/span><\/span><\/li>\r\n                                <\/ul>\r\n                                <h4><a href=\"https:\/\/www.obeczubri.cz\/hasici\/2013\/04\/09\/rozdeleni-pozarnich-hadic\/\">Rozd\u011blen\u00ed po\u017e\u00e1rn\u00edch hadic<\/a><\/h4>\r\n                                <p>\r\n                                    Po\u017e\u00e1rn\u00ed hadice jsou hadice ur\u010den\u00e9 k doprav\u011b vody zejm\u00e9na p\u0159i zdol\u00e1v\u00e1n\u00ed po\u017e\u00e1r\u016f, od\u010derp\u00e1v\u00e1n\u00ed vody ze                                <\/p>\r\n                                <a href=\"https:\/\/www.obeczubri.cz\/hasici\/2013\/04\/09\/rozdeleni-pozarnich-hadic\/\" class=\"read-more\">\u010c\u00edst v\u00edce<\/a>\r\n                            <\/div>\r\n                        <\/div>\r\n                    <\/div>\r\n                                    <div class=\"col-xl-4 col-md-6\">\r\n                        <div class=\"blog-item\">\r\n                                                        <div class=\"blog-item__content\">\r\n                                <ul class=\"blog-meta\">\r\n                                    <li><span class=\"byline\"> <span class=\"author vcard\"><i aria-hidden=\"true\" class=\"flaticon-user\"><\/i><a class=\"url fn n\" href=\"https:\/\/www.obeczubri.cz\/hasici\/author\/petra\/\">Petra Svobodov\u00e1<\/a><\/span><\/span><\/li>\r\n                                    <li><i class=\"flaticon-bubble-chat\"><\/i><span>Koment\u00e1\u0159e nejsou povolen\u00e9<span class=\"screen-reader-text\"> u textu s n\u00e1zvem V\u00edte jak\u00e9 jsou principy ha\u0161en\u00ed po\u017e\u00e1r\u016f?<\/span><\/span><\/li>\r\n                                <\/ul>\r\n                                <h4><a href=\"https:\/\/www.obeczubri.cz\/hasici\/2012\/05\/07\/vite-jake-jsou-principy-haseni-pozaru\/\">V\u00edte jak\u00e9 jsou principy ha\u0161en\u00ed po\u017e\u00e1r\u016f?<\/a><\/h4>\r\n                                <p>\r\n                                    Ha\u0161en\u00ed po\u017e\u00e1r\u016f prov\u00e1d\u00edme na z\u00e1klad\u011b znalosti princip\u016f ha\u0161en\u00ed. Je to \u010dinnost zam\u011b\u0159en\u00e1 na p\u0159eru\u0161en\u00ed chemicko                                <\/p>\r\n                                <a href=\"https:\/\/www.obeczubri.cz\/hasici\/2012\/05\/07\/vite-jake-jsou-principy-haseni-pozaru\/\" class=\"read-more\">\u010c\u00edst v\u00edce<\/a>\r\n                            <\/div>\r\n                        <\/div>\r\n                    <\/div>\r\n                                    <div class=\"col-xl-4 col-md-6\">\r\n                        <div class=\"blog-item\">\r\n                                                        <div class=\"blog-item__content\">\r\n                                <ul class=\"blog-meta\">\r\n                                    <li><span class=\"byline\"> <span class=\"author vcard\"><i aria-hidden=\"true\" class=\"flaticon-user\"><\/i><a class=\"url fn n\" href=\"https:\/\/www.obeczubri.cz\/hasici\/author\/petra\/\">Petra Svobodov\u00e1<\/a><\/span><\/span><\/li>\r\n                                    <li><i class=\"flaticon-bubble-chat\"><\/i><span>Koment\u00e1\u0159e nejsou povolen\u00e9<span class=\"screen-reader-text\"> u textu s n\u00e1zvem V\u00edte n\u011bco m\u00e1lo o ohni ??<\/span><\/span><\/li>\r\n                                <\/ul>\r\n                                <h4><a href=\"https:\/\/www.obeczubri.cz\/hasici\/2011\/11\/20\/vite-neco-malo-o-ohni\/\">V\u00edte n\u011bco m\u00e1lo o ohni ??<\/a><\/h4>\r\n                                <p>\r\n                                    Je to jednoduch\u00e9 \u2013 t\u0159\u00edsky na podpal m\u00e1me p\u0159ipraveny, d\u011bti p\u0159inesly z d\u0159evn\u00edku z\u00e1sobu b\u0159ezov\u00fdch                                <\/p>\r\n                                <a href=\"https:\/\/www.obeczubri.cz\/hasici\/2011\/11\/20\/vite-neco-malo-o-ohni\/\" class=\"read-more\">\u010c\u00edst v\u00edce<\/a>\r\n                            <\/div>\r\n                        <\/div>\r\n                    <\/div>\r\n                                    <div class=\"col-xl-4 col-md-6\">\r\n                        <div class=\"blog-item\">\r\n                                                        <div class=\"blog-item__content\">\r\n                                <ul class=\"blog-meta\">\r\n                                    <li><span class=\"byline\"> <span class=\"author vcard\"><i aria-hidden=\"true\" class=\"flaticon-user\"><\/i><a class=\"url fn n\" href=\"https:\/\/www.obeczubri.cz\/hasici\/author\/petra\/\">Petra Svobodov\u00e1<\/a><\/span><\/span><\/li>\r\n                                    <li><i class=\"flaticon-bubble-chat\"><\/i><span>Koment\u00e1\u0159e nejsou povolen\u00e9<span class=\"screen-reader-text\"> u textu s n\u00e1zvem V\u00edte \u017ee hasi\u010di maj\u00ed modlitbu<\/span><\/span><\/li>\r\n                                <\/ul>\r\n                                <h4><a href=\"https:\/\/www.obeczubri.cz\/hasici\/2011\/11\/03\/vite-ze-hasici-maji-modlitbu\/\">V\u00edte \u017ee hasi\u010di maj\u00ed modlitbu<\/a><\/h4>\r\n                                <p>\r\n                                    Modlitba\u00a0 hasi\u010de ,,Nech\u0165 kdekoli ohe\u0148 vzplane,j\u00e1 spln\u00edm svoji povinnost. Pro z\u00e1chranu \u017eivota Pane,dodej mi s\u00edly                                <\/p>\r\n                                <a href=\"https:\/\/www.obeczubri.cz\/hasici\/2011\/11\/03\/vite-ze-hasici-maji-modlitbu\/\" class=\"read-more\">\u010c\u00edst v\u00edce<\/a>\r\n                            <\/div>\r\n                        <\/div>\r\n                    <\/div>\r\n                                    <div class=\"col-xl-4 col-md-6\">\r\n                        <div class=\"blog-item\">\r\n                                                        <div class=\"blog-item__content\">\r\n                                <ul class=\"blog-meta\">\r\n                                    <li><span class=\"byline\"> <span class=\"author vcard\"><i aria-hidden=\"true\" class=\"flaticon-user\"><\/i><a class=\"url fn n\" href=\"https:\/\/www.obeczubri.cz\/hasici\/author\/petra\/\">Petra Svobodov\u00e1<\/a><\/span><\/span><\/li>\r\n                                    <li><i class=\"flaticon-bubble-chat\"><\/i><span>Koment\u00e1\u0159e nejsou povolen\u00e9<span class=\"screen-reader-text\"> u textu s n\u00e1zvem Hodnostn\u00ed ozna\u010den\u00ed SDH<\/span><\/span><\/li>\r\n                                <\/ul>\r\n                                <h4><a href=\"https:\/\/www.obeczubri.cz\/hasici\/2011\/04\/17\/hodnostni-oznaceni-sdh\/\">Hodnostn\u00ed ozna\u010den\u00ed SDH<\/a><\/h4>\r\n                                <p>\r\n                                    Z\u00e1sahov\u00e1 jednotka SDH obce: Ozna\u010den\u00ed \u010dlen\u016f SDH &#8211; Mlad\u00ed hasi\u010di Funkcion\u00e1\u0159i SDH a okrsku Funkcion\u00e1\u0159i                                <\/p>\r\n                                <a href=\"https:\/\/www.obeczubri.cz\/hasici\/2011\/04\/17\/hodnostni-oznaceni-sdh\/\" class=\"read-more\">\u010c\u00edst v\u00edce<\/a>\r\n                            <\/div>\r\n                        <\/div>\r\n                    <\/div>\r\n                                    <div class=\"col-xl-4 col-md-6\">\r\n                        <div class=\"blog-item\">\r\n                                                        <div class=\"blog-item__content\">\r\n                                <ul class=\"blog-meta\">\r\n                                    <li><span class=\"byline\"> <span class=\"author vcard\"><i aria-hidden=\"true\" class=\"flaticon-user\"><\/i><a class=\"url fn n\" href=\"https:\/\/www.obeczubri.cz\/hasici\/author\/petra\/\">Petra Svobodov\u00e1<\/a><\/span><\/span><\/li>\r\n                                    <li><i class=\"flaticon-bubble-chat\"><\/i><span>Koment\u00e1\u0159e nejsou povolen\u00e9<span class=\"screen-reader-text\"> u textu s n\u00e1zvem V\u00edte jak\u00e9 je osobn\u00ed vybaven\u00ed hasi\u010de?<\/span><\/span><\/li>\r\n                                <\/ul>\r\n                                <h4><a href=\"https:\/\/www.obeczubri.cz\/hasici\/2011\/02\/15\/vite-jake-je-osobni-vybaveni-hasice\/\">V\u00edte jak\u00e9 je osobn\u00ed vybaven\u00ed hasi\u010de?<\/a><\/h4>\r\n                                <p>\r\n                                    HELMA\u00a0\u00a0\u00a0\u00a0\u00a0\u00a0\u00a0\u00a0\u00a0\u00a0\u00a0\u00a0\u00a0\u00a0\u00a0\u00a0\u00a0\u00a0\u00a0\u00a0\u00a0\u00a0\u00a0\u00a0\u00a0\u00a0\u00a0\u00a0\u00a0\u00a0\u00a0\u00a0\u00a0\u00a0\u00a0\u00a0\u00a0\u00a0\u00a0\u00a0\u00a0\u00a0\u00a0\u00a0\u00a0\u00a0\u00a0\u00a0\u00a0\u00a0 10. REFLEXN\u00cd PRUHY PR\u016eZOR MASKY\u00a0\u00a0\u00a0\u00a0\u00a0\u00a0\u00a0\u00a0\u00a0\u00a0\u00a0\u00a0\u00a0\u00a0\u00a0\u00a0\u00a0\u00a0\u00a0\u00a0\u00a0\u00a0\u00a0\u00a0\u00a0\u00a0\u00a0\u00a0\u00a0\u00a0\u00a0 \u00a0\u00a0\u00a0 \u00a0 11. Z\u00c1SAHOV\u00c9 KALHOTY \u2013(kevlar na kolenou) AUTOMATIKA                                <\/p>\r\n                                <a href=\"https:\/\/www.obeczubri.cz\/hasici\/2011\/02\/15\/vite-jake-je-osobni-vybaveni-hasice\/\" class=\"read-more\">\u010c\u00edst v\u00edce<\/a>\r\n                            <\/div>\r\n                        <\/div>\r\n                    <\/div>\r\n                                    <div class=\"col-xl-4 col-md-6\">\r\n                        <div class=\"blog-item\">\r\n                                                        <div class=\"blog-item__content\">\r\n                                <ul class=\"blog-meta\">\r\n                                    <li><span class=\"byline\"> <span class=\"author vcard\"><i aria-hidden=\"true\" class=\"flaticon-user\"><\/i><a class=\"url fn n\" href=\"https:\/\/www.obeczubri.cz\/hasici\/author\/petra\/\">Petra Svobodov\u00e1<\/a><\/span><\/span><\/li>\r\n                                    <li><i class=\"flaticon-bubble-chat\"><\/i><span>Koment\u00e1\u0159e nejsou povolen\u00e9<span class=\"screen-reader-text\"> u textu s n\u00e1zvem V\u00edte jak\u00e9 jsou nejroz\u0161\u00ed\u0159en\u011bj\u0161\u00ed nebezpe\u010dn\u00e9 l\u00e1tky?<\/span><\/span><\/li>\r\n                                <\/ul>\r\n                                <h4><a href=\"https:\/\/www.obeczubri.cz\/hasici\/2010\/12\/02\/vite-jake-jsou-nejrozsirenejsi-nebezpecne-latky\/\">V\u00edte jak\u00e9 jsou nejroz\u0161\u00ed\u0159en\u011bj\u0161\u00ed nebezpe\u010dn\u00e9 l\u00e1tky?<\/a><\/h4>\r\n                                <p>\r\n                                    V\u00edte jak\u00e9 jsou nejroz\u0161\u00ed\u0159en\u011bj\u0161\u00ed nebezpe\u010dn\u00e9 l\u00e1tky ? (vlastnosti, p\u0159\u00edznaky zasa\u017een\u00ed a prvn\u00ed pomoc) CHL\u00d3R &#8211;                                <\/p>\r\n                                <a href=\"https:\/\/www.obeczubri.cz\/hasici\/2010\/12\/02\/vite-jake-jsou-nejrozsirenejsi-nebezpecne-latky\/\" class=\"read-more\">\u010c\u00edst v\u00edce<\/a>\r\n                            <\/div>\r\n                        <\/div>\r\n                    <\/div>\r\n                                    <div class=\"col-xl-4 col-md-6\">\r\n                        <div class=\"blog-item\">\r\n                                                            <div class=\"blog-item__img\">\r\n                                    <img fetchpriority=\"high\" decoding=\"async\" width=\"202\" height=\"267\" src=\"https:\/\/www.obeczubri.cz\/hasici\/wp-content\/uploads\/2015\/08\/sv_florian.jpg\" class=\"attachment-charite_blog__416X267 size-charite_blog__416X267 wp-post-image\" alt=\"\" srcset=\"https:\/\/www.obeczubri.cz\/hasici\/wp-content\/uploads\/2015\/08\/sv_florian.jpg 755w, https:\/\/www.obeczubri.cz\/hasici\/wp-content\/uploads\/2015\/08\/sv_florian-227x300.jpg 227w, https:\/\/www.obeczubri.cz\/hasici\/wp-content\/uploads\/2015\/08\/sv_florian-113x150.jpg 113w, https:\/\/www.obeczubri.cz\/hasici\/wp-content\/uploads\/2015\/08\/sv_florian-280x371.jpg 280w, https:\/\/www.obeczubri.cz\/hasici\/wp-content\/uploads\/2015\/08\/sv_florian-300x397.jpg 300w\" sizes=\"(max-width: 202px) 100vw, 202px\" \/>                                    <div class=\"post-date\">\r\n                                        <b>12<\/b>\r\n                                        <span>Lis<\/span>\r\n                                    <\/div>\r\n                                <\/div>\r\n                                                        <div class=\"blog-item__content\">\r\n                                <ul class=\"blog-meta\">\r\n                                    <li><span class=\"byline\"> <span class=\"author vcard\"><i aria-hidden=\"true\" class=\"flaticon-user\"><\/i><a class=\"url fn n\" href=\"https:\/\/www.obeczubri.cz\/hasici\/author\/petra\/\">Petra Svobodov\u00e1<\/a><\/span><\/span><\/li>\r\n                                    <li><i class=\"flaticon-bubble-chat\"><\/i><span>Koment\u00e1\u0159e nejsou povolen\u00e9<span class=\"screen-reader-text\"> u textu s n\u00e1zvem Patron hasi\u010d\u016f svat\u00fd Flori\u00e1n<\/span><\/span><\/li>\r\n                                <\/ul>\r\n                                <h4><a href=\"https:\/\/www.obeczubri.cz\/hasici\/2010\/11\/12\/patron-hasicu-svaty-florian\/\">Patron hasi\u010d\u016f svat\u00fd Flori\u00e1n<\/a><\/h4>\r\n                                <p>\r\n                                    Flori\u00e1n\u016fv \u017eivot Datum narozen\u00ed Flori\u00e1na se nepoda\u0159ilo zjistit. Byl pok\u0159t\u011bn a vychov\u00e1n k\u0159es\u0165ansky. Po n\u011bkolika                                <\/p>\r\n                                <a href=\"https:\/\/www.obeczubri.cz\/hasici\/2010\/11\/12\/patron-hasicu-svaty-florian\/\" class=\"read-more\">\u010c\u00edst v\u00edce<\/a>\r\n                            <\/div>\r\n                        <\/div>\r\n                    <\/div>\r\n                                    <div class=\"col-xl-4 col-md-6\">\r\n                        <div class=\"blog-item\">\r\n                                                        <div class=\"blog-item__content\">\r\n                                <ul class=\"blog-meta\">\r\n                                    <li><span class=\"byline\"> <span class=\"author vcard\"><i aria-hidden=\"true\" class=\"flaticon-user\"><\/i><a class=\"url fn n\" href=\"https:\/\/www.obeczubri.cz\/hasici\/author\/petra\/\">Petra Svobodov\u00e1<\/a><\/span><\/span><\/li>\r\n                                    <li><i class=\"flaticon-bubble-chat\"><\/i><span>Koment\u00e1\u0159e nejsou povolen\u00e9<span class=\"screen-reader-text\"> u textu s n\u00e1zvem Po\u017e\u00e1ry<\/span><\/span><\/li>\r\n                                <\/ul>\r\n                                <h4><a href=\"https:\/\/www.obeczubri.cz\/hasici\/2010\/11\/12\/pozary\/\">Po\u017e\u00e1ry<\/a><\/h4>\r\n                                <p>\r\n                                    V\u00edte \u017ee? Za po\u017e\u00e1r se pova\u017euje ka\u017ed\u00e9 ne\u017e\u00e1douc\u00ed ho\u0159en\u00ed, kdy dojde alespo\u0148 k ohro\u017een\u00ed \u017eivota,                                <\/p>\r\n                                <a href=\"https:\/\/www.obeczubri.cz\/hasici\/2010\/11\/12\/pozary\/\" class=\"read-more\">\u010c\u00edst v\u00edce<\/a>\r\n                            <\/div>\r\n                        <\/div>\r\n                    <\/div>\r\n                                    <div class=\"col-xl-4 col-md-6\">\r\n                        <div class=\"blog-item\">\r\n                                                        <div class=\"blog-item__content\">\r\n                                <ul class=\"blog-meta\">\r\n                                    <li><span class=\"byline\"> <span class=\"author vcard\"><i aria-hidden=\"true\" class=\"flaticon-user\"><\/i><a class=\"url fn n\" href=\"https:\/\/www.obeczubri.cz\/hasici\/author\/petra\/\">Petra Svobodov\u00e1<\/a><\/span><\/span><\/li>\r\n                                    <li><i class=\"flaticon-bubble-chat\"><\/i><span>Koment\u00e1\u0159e nejsou povolen\u00e9<span class=\"screen-reader-text\"> u textu s n\u00e1zvem Ozna\u010dov\u00e1n\u00ed nebezpe\u010dn\u00fdch l\u00e1tek p\u0159i p\u0159eprav\u011b<\/span><\/span><\/li>\r\n                                <\/ul>\r\n                                <h4><a href=\"https:\/\/www.obeczubri.cz\/hasici\/2010\/11\/12\/oznacovani-nebezpecnych-latek-pri-preprave-2\/\">Ozna\u010dov\u00e1n\u00ed nebezpe\u010dn\u00fdch l\u00e1tek p\u0159i p\u0159eprav\u011b<\/a><\/h4>\r\n                                <p>\r\n                                    V\u00a0silni\u010dn\u00ed, \u017eelezni\u010dn\u00ed a ve vnitrozemsk\u00e9 vodn\u00ed doprav\u011b se p\u0159epravovan\u00e9 nebezpe\u010dn\u00e9 v\u011bci\u00a0ozna\u010duj\u00ed.Toto ozna\u010den\u00ed pom\u00e1h\u00e1 zasahuj\u00edc\u00edm slo\u017ek\u00e1m                                <\/p>\r\n                                <a href=\"https:\/\/www.obeczubri.cz\/hasici\/2010\/11\/12\/oznacovani-nebezpecnych-latek-pri-preprave-2\/\" class=\"read-more\">\u010c\u00edst v\u00edce<\/a>\r\n                            <\/div>\r\n                        <\/div>\r\n                    <\/div>\r\n                                \r\n            <\/div>\r\n                            <div class=\"pagination pt-20\">\r\n                                    <\/div>\r\n                    <\/div>\r\n            <\/div>\r\n\t\t\t\t<\/div>\n\t\t\t\t<\/div>\n\t\t\t\t\t<\/div>\n\t\t<\/div>\n\t\t\t\t\t<\/div>\n\t\t<\/section>\n\t\t\t\t<\/div>\n\t\t","protected":false},"excerpt":{"rendered":"<p>Petra Svobodov\u00e1 Koment\u00e1\u0159e nejsou povolen\u00e9 u textu s n\u00e1zvem Rozd\u011blen\u00ed po\u017e\u00e1rn\u00edch hadic Rozd\u011blen\u00ed po\u017e\u00e1rn\u00edch hadic Po\u017e\u00e1rn\u00ed hadice jsou hadice ur\u010den\u00e9 k doprav\u011b vody zejm\u00e9na p\u0159i zdol\u00e1v\u00e1n\u00ed po\u017e\u00e1r\u016f, od\u010derp\u00e1v\u00e1n\u00ed vody ze \u010c\u00edst v\u00edce Petra Svobodov\u00e1 Koment\u00e1\u0159e nejsou povolen\u00e9 u textu s n\u00e1zvem V\u00edte jak\u00e9 jsou principy ha\u0161en\u00ed po\u017e\u00e1r\u016f? V\u00edte jak\u00e9 jsou principy ha\u0161en\u00ed po\u017e\u00e1r\u016f? Ha\u0161en\u00ed po\u017e\u00e1r\u016f [&hellip;]<\/p>\n","protected":false},"author":1,"featured_media":0,"parent":0,"menu_order":0,"comment_status":"closed","ping_status":"closed","template":"elementor_header_footer","meta":{"footnotes":""},"class_list":["post-4544","page","type-page","status-publish","hentry"],"jetpack_sharing_enabled":true,"jetpack_shortlink":"https:\/\/wp.me\/P91NNl-1bi","_links":{"self":[{"href":"https:\/\/www.obeczubri.cz\/hasici\/wp-json\/wp\/v2\/pages\/4544","targetHints":{"allow":["GET"]}}],"collection":[{"href":"https:\/\/www.obeczubri.cz\/hasici\/wp-json\/wp\/v2\/pages"}],"about":[{"href":"https:\/\/www.obeczubri.cz\/hasici\/wp-json\/wp\/v2\/types\/page"}],"author":[{"embeddable":true,"href":"https:\/\/www.obeczubri.cz\/hasici\/wp-json\/wp\/v2\/users\/1"}],"replies":[{"embeddable":true,"href":"https:\/\/www.obeczubri.cz\/hasici\/wp-json\/wp\/v2\/comments?post=4544"}],"version-history":[{"count":4,"href":"https:\/\/www.obeczubri.cz\/hasici\/wp-json\/wp\/v2\/pages\/4544\/revisions"}],"predecessor-version":[{"id":4548,"href":"https:\/\/www.obeczubri.cz\/hasici\/wp-json\/wp\/v2\/pages\/4544\/revisions\/4548"}],"wp:attachment":[{"href":"https:\/\/www.obeczubri.cz\/hasici\/wp-json\/wp\/v2\/media?parent=4544"}],"curies":[{"name":"wp","href":"https:\/\/api.w.org\/{rel}","templated":true}]}}