{"id":4511,"date":"2026-05-06T12:34:05","date_gmt":"2026-05-06T10:34:05","guid":{"rendered":"https:\/\/www.obeczubri.cz\/hasici\/?page_id=4511"},"modified":"2026-05-07T11:17:20","modified_gmt":"2026-05-07T09:17:20","slug":"videogalerie-sdh","status":"publish","type":"page","link":"https:\/\/www.obeczubri.cz\/hasici\/videogalerie-sdh\/","title":{"rendered":"Videogalerie SDH"},"content":{"rendered":"\t\t<div data-elementor-type=\"wp-page\" data-elementor-id=\"4511\" class=\"elementor elementor-4511\">\n\t\t\t\t\t\t<section class=\"elementor-section elementor-top-section elementor-element elementor-element-1f18116c portfolio-details-area elementor-section-boxed elementor-section-height-default elementor-section-height-default\" data-id=\"1f18116c\" data-element_type=\"section\" data-e-type=\"section\">\n\t\t\t\t\t\t<div class=\"elementor-container elementor-column-gap-default\">\n\t\t\t\t\t<div class=\"elementor-column elementor-col-100 elementor-top-column elementor-element elementor-element-b39833b portfolio-details-content\" data-id=\"b39833b\" data-element_type=\"column\" data-e-type=\"column\">\n\t\t\t<div class=\"elementor-widget-wrap elementor-element-populated\">\n\t\t\t\t\t\t<div class=\"elementor-element elementor-element-9c35739 elementor-widget elementor-widget-charite-blog-widget\" data-id=\"9c35739\" data-element_type=\"widget\" data-e-type=\"widget\" data-widget_type=\"charite-blog-widget.default\">\n\t\t\t\t<div class=\"elementor-widget-container\">\n\t\t\t\t\t\r\n    <div class=\"blog-area pt-120 pb-90 rel z-1\">\r\n        <div class=\"container\">\r\n                            <div class=\"row justify-content-center\">\r\n                    <div class=\"col-xl-x col-lg-8 col-md-10\">\r\n                        <div class=\"section-title text-center mb-60\">\r\n                                                                                                            <\/div>\r\n                    <\/div>\r\n                <\/div>\r\n                        <div class=\"row justify-content-center\">\r\n                                                    <div class=\"col-xl-4 col-md-6\">\r\n                        <div class=\"blog-item\">\r\n                                                        <div class=\"blog-item__content\">\r\n                                <ul class=\"blog-meta\">\r\n                                    <li><span class=\"byline\"> <span class=\"author vcard\"><i aria-hidden=\"true\" class=\"flaticon-user\"><\/i><a class=\"url fn n\" href=\"https:\/\/www.obeczubri.cz\/hasici\/author\/kostecky\/\">Martin Kosteck\u00fd<\/a><\/span><\/span><\/li>\r\n                                    <li><i class=\"flaticon-bubble-chat\"><\/i><span>Koment\u00e1\u0159e nejsou povolen\u00e9<span class=\"screen-reader-text\"> u textu s n\u00e1zvem SDH Zub\u0159\u00ed &#8211; 2016<\/span><\/span><\/li>\r\n                                <\/ul>\r\n                                <h4><a href=\"https:\/\/www.obeczubri.cz\/hasici\/2020\/03\/05\/sdh-zubri-2016\/\">SDH Zub\u0159\u00ed &#8211; 2016<\/a><\/h4>\r\n                                <p>\r\n                                                                    <\/p>\r\n                                <a href=\"https:\/\/www.obeczubri.cz\/hasici\/2020\/03\/05\/sdh-zubri-2016\/\" class=\"read-more\">\u010c\u00edst v\u00edce<\/a>\r\n                            <\/div>\r\n                        <\/div>\r\n                    <\/div>\r\n                                    <div class=\"col-xl-4 col-md-6\">\r\n                        <div class=\"blog-item\">\r\n                                                        <div class=\"blog-item__content\">\r\n                                <ul class=\"blog-meta\">\r\n                                    <li><span class=\"byline\"> <span class=\"author vcard\"><i aria-hidden=\"true\" class=\"flaticon-user\"><\/i><a class=\"url fn n\" href=\"https:\/\/www.obeczubri.cz\/hasici\/author\/kostecky\/\">Martin Kosteck\u00fd<\/a><\/span><\/span><\/li>\r\n                                    <li><i class=\"flaticon-bubble-chat\"><\/i><span>Koment\u00e1\u0159e nejsou povolen\u00e9<span class=\"screen-reader-text\"> u textu s n\u00e1zvem SDH Zub\u0159\u00ed &#8211; Sez\u00f3na 2015<\/span><\/span><\/li>\r\n                                <\/ul>\r\n                                <h4><a href=\"https:\/\/www.obeczubri.cz\/hasici\/2020\/03\/05\/sdh-zubri-sezona-2015\/\">SDH Zub\u0159\u00ed &#8211; Sez\u00f3na 2015<\/a><\/h4>\r\n                                <p>\r\n                                                                    <\/p>\r\n                                <a href=\"https:\/\/www.obeczubri.cz\/hasici\/2020\/03\/05\/sdh-zubri-sezona-2015\/\" class=\"read-more\">\u010c\u00edst v\u00edce<\/a>\r\n                            <\/div>\r\n                        <\/div>\r\n                    <\/div>\r\n                                    <div class=\"col-xl-4 col-md-6\">\r\n                        <div class=\"blog-item\">\r\n                                                        <div class=\"blog-item__content\">\r\n                                <ul class=\"blog-meta\">\r\n                                    <li><span class=\"byline\"> <span class=\"author vcard\"><i aria-hidden=\"true\" class=\"flaticon-user\"><\/i><a class=\"url fn n\" href=\"https:\/\/www.obeczubri.cz\/hasici\/author\/admin\/\">Michal Jur\u00e1nek<\/a><\/span><\/span><\/li>\r\n                                    <li><i class=\"flaticon-bubble-chat\"><\/i><span>Koment\u00e1\u0159e nejsou povolen\u00e9<span class=\"screen-reader-text\"> u textu s n\u00e1zvem Sokol\u00ed\u010dek 2012<\/span><\/span><\/li>\r\n                                <\/ul>\r\n                                <h4><a href=\"https:\/\/www.obeczubri.cz\/hasici\/2012\/09\/03\/sokolicek-2012\/\">Sokol\u00ed\u010dek 2012<\/a><\/h4>\r\n                                <p>\r\n                                                                    <\/p>\r\n                                <a href=\"https:\/\/www.obeczubri.cz\/hasici\/2012\/09\/03\/sokolicek-2012\/\" class=\"read-more\">\u010c\u00edst v\u00edce<\/a>\r\n                            <\/div>\r\n                        <\/div>\r\n                    <\/div>\r\n                                    <div class=\"col-xl-4 col-md-6\">\r\n                        <div class=\"blog-item\">\r\n                                                        <div class=\"blog-item__content\">\r\n                                <ul class=\"blog-meta\">\r\n                                    <li><span class=\"byline\"> <span class=\"author vcard\"><i aria-hidden=\"true\" class=\"flaticon-user\"><\/i><a class=\"url fn n\" href=\"https:\/\/www.obeczubri.cz\/hasici\/author\/admin\/\">Michal Jur\u00e1nek<\/a><\/span><\/span><\/li>\r\n                                    <li><i class=\"flaticon-bubble-chat\"><\/i><span>Koment\u00e1\u0159e nejsou povolen\u00e9<span class=\"screen-reader-text\"> u textu s n\u00e1zvem Memori\u00e1l J. Sokol\u00ed\u010dka 29.8.2010<\/span><\/span><\/li>\r\n                                <\/ul>\r\n                                <h4><a href=\"https:\/\/www.obeczubri.cz\/hasici\/2010\/08\/31\/memorial-j-sokolicka-29-8-2010\/\">Memori\u00e1l J. Sokol\u00ed\u010dka 29.8.2010<\/a><\/h4>\r\n                                <p>\r\n                                                                    <\/p>\r\n                                <a href=\"https:\/\/www.obeczubri.cz\/hasici\/2010\/08\/31\/memorial-j-sokolicka-29-8-2010\/\" class=\"read-more\">\u010c\u00edst v\u00edce<\/a>\r\n                            <\/div>\r\n                        <\/div>\r\n                    <\/div>\r\n                                    <div class=\"col-xl-4 col-md-6\">\r\n                        <div class=\"blog-item\">\r\n                                                        <div class=\"blog-item__content\">\r\n                                <ul class=\"blog-meta\">\r\n                                    <li><span class=\"byline\"> <span class=\"author vcard\"><i aria-hidden=\"true\" class=\"flaticon-user\"><\/i><a class=\"url fn n\" href=\"https:\/\/www.obeczubri.cz\/hasici\/author\/admin\/\">Michal Jur\u00e1nek<\/a><\/span><\/span><\/li>\r\n                                    <li><i class=\"flaticon-bubble-chat\"><\/i><span>Koment\u00e1\u0159e nejsou povolen\u00e9<span class=\"screen-reader-text\"> u textu s n\u00e1zvem N\u00e1cvik po\u017e\u00e1rn\u00edho \u00fatoku \u017eeny-mu\u017ei<\/span><\/span><\/li>\r\n                                <\/ul>\r\n                                <h4><a href=\"https:\/\/www.obeczubri.cz\/hasici\/2009\/08\/23\/nacvik-pozarniho-utoku-zeny-muzi\/\">N\u00e1cvik po\u017e\u00e1rn\u00edho \u00fatoku \u017eeny-mu\u017ei<\/a><\/h4>\r\n                                <p>\r\n                                                                    <\/p>\r\n                                <a href=\"https:\/\/www.obeczubri.cz\/hasici\/2009\/08\/23\/nacvik-pozarniho-utoku-zeny-muzi\/\" class=\"read-more\">\u010c\u00edst v\u00edce<\/a>\r\n                            <\/div>\r\n                        <\/div>\r\n                    <\/div>\r\n                                    <div class=\"col-xl-4 col-md-6\">\r\n                        <div class=\"blog-item\">\r\n                                                        <div class=\"blog-item__content\">\r\n                                <ul class=\"blog-meta\">\r\n                                    <li><span class=\"byline\"> <span class=\"author vcard\"><i aria-hidden=\"true\" class=\"flaticon-user\"><\/i><a class=\"url fn n\" href=\"https:\/\/www.obeczubri.cz\/hasici\/author\/admin\/\">Michal Jur\u00e1nek<\/a><\/span><\/span><\/li>\r\n                                    <li><i class=\"flaticon-bubble-chat\"><\/i><span>Koment\u00e1\u0159e nejsou povolen\u00e9<span class=\"screen-reader-text\"> u textu s n\u00e1zvem Recesn\u00ed \u00fatok Zuber\u00e1k\u016f se Zuber\u00e1ky ze Zub\u0159\u00ed u Trhov\u00e9 Kamenice<\/span><\/span><\/li>\r\n                                <\/ul>\r\n                                <h4><a href=\"https:\/\/www.obeczubri.cz\/hasici\/2009\/07\/20\/recesni-utok-zuberaku-se-zuberaky-ze-zubri-u-trhove-kamenice\/\">Recesn\u00ed \u00fatok Zuber\u00e1k\u016f se Zuber\u00e1ky ze Zub\u0159\u00ed u Trhov\u00e9 Kamenice<\/a><\/h4>\r\n                                <p>\r\n                                                                    <\/p>\r\n                                <a href=\"https:\/\/www.obeczubri.cz\/hasici\/2009\/07\/20\/recesni-utok-zuberaku-se-zuberaky-ze-zubri-u-trhove-kamenice\/\" class=\"read-more\">\u010c\u00edst v\u00edce<\/a>\r\n                            <\/div>\r\n                        <\/div>\r\n                    <\/div>\r\n                                    <div class=\"col-xl-4 col-md-6\">\r\n                        <div class=\"blog-item\">\r\n                                                        <div class=\"blog-item__content\">\r\n                                <ul class=\"blog-meta\">\r\n                                    <li><span class=\"byline\"> <span class=\"author vcard\"><i aria-hidden=\"true\" class=\"flaticon-user\"><\/i><a class=\"url fn n\" href=\"https:\/\/www.obeczubri.cz\/hasici\/author\/admin\/\">Michal Jur\u00e1nek<\/a><\/span><\/span><\/li>\r\n                                    <li><i class=\"flaticon-bubble-chat\"><\/i><span>Koment\u00e1\u0159e nejsou povolen\u00e9<span class=\"screen-reader-text\"> u textu s n\u00e1zvem 115. v\u00fdro\u010d\u00ed &#8211; zp\u011bv<\/span><\/span><\/li>\r\n                                <\/ul>\r\n                                <h4><a href=\"https:\/\/www.obeczubri.cz\/hasici\/2008\/10\/21\/115-vyroci-zpev\/\">115. v\u00fdro\u010d\u00ed &#8211; zp\u011bv<\/a><\/h4>\r\n                                <p>\r\n                                                                    <\/p>\r\n                                <a href=\"https:\/\/www.obeczubri.cz\/hasici\/2008\/10\/21\/115-vyroci-zpev\/\" class=\"read-more\">\u010c\u00edst v\u00edce<\/a>\r\n                            <\/div>\r\n                        <\/div>\r\n                    <\/div>\r\n                                    <div class=\"col-xl-4 col-md-6\">\r\n                        <div class=\"blog-item\">\r\n                                                        <div class=\"blog-item__content\">\r\n                                <ul class=\"blog-meta\">\r\n                                    <li><span class=\"byline\"> <span class=\"author vcard\"><i aria-hidden=\"true\" class=\"flaticon-user\"><\/i><a class=\"url fn n\" href=\"https:\/\/www.obeczubri.cz\/hasici\/author\/admin\/\">Michal Jur\u00e1nek<\/a><\/span><\/span><\/li>\r\n                                    <li><i class=\"flaticon-bubble-chat\"><\/i><span>Koment\u00e1\u0159e nejsou povolen\u00e9<span class=\"screen-reader-text\"> u textu s n\u00e1zvem 115. v\u00fdro\u010d\u00ed &#8211; pe\u010den\u00ed pras\u00e1tka<\/span><\/span><\/li>\r\n                                <\/ul>\r\n                                <h4><a href=\"https:\/\/www.obeczubri.cz\/hasici\/2008\/10\/20\/115-vyroci-peceni-prasatka\/\">115. v\u00fdro\u010d\u00ed &#8211; pe\u010den\u00ed pras\u00e1tka<\/a><\/h4>\r\n                                <p>\r\n                                                                    <\/p>\r\n                                <a href=\"https:\/\/www.obeczubri.cz\/hasici\/2008\/10\/20\/115-vyroci-peceni-prasatka\/\" class=\"read-more\">\u010c\u00edst v\u00edce<\/a>\r\n                            <\/div>\r\n                        <\/div>\r\n                    <\/div>\r\n                                    <div class=\"col-xl-4 col-md-6\">\r\n                        <div class=\"blog-item\">\r\n                                                        <div class=\"blog-item__content\">\r\n                                <ul class=\"blog-meta\">\r\n                                    <li><span class=\"byline\"> <span class=\"author vcard\"><i aria-hidden=\"true\" class=\"flaticon-user\"><\/i><a class=\"url fn n\" href=\"https:\/\/www.obeczubri.cz\/hasici\/author\/admin\/\">Michal Jur\u00e1nek<\/a><\/span><\/span><\/li>\r\n                                    <li><i class=\"flaticon-bubble-chat\"><\/i><span>Koment\u00e1\u0159e nejsou povolen\u00e9<span class=\"screen-reader-text\"> u textu s n\u00e1zvem 115. v\u00fdro\u010d\u00ed &#8211; po\u017e\u00e1rn\u00ed \u00fatok<\/span><\/span><\/li>\r\n                                <\/ul>\r\n                                <h4><a href=\"https:\/\/www.obeczubri.cz\/hasici\/2008\/10\/20\/115-vyroci-pozarni-utok\/\">115. v\u00fdro\u010d\u00ed &#8211; po\u017e\u00e1rn\u00ed \u00fatok<\/a><\/h4>\r\n                                <p>\r\n                                                                    <\/p>\r\n                                <a href=\"https:\/\/www.obeczubri.cz\/hasici\/2008\/10\/20\/115-vyroci-pozarni-utok\/\" class=\"read-more\">\u010c\u00edst v\u00edce<\/a>\r\n                            <\/div>\r\n                        <\/div>\r\n                    <\/div>\r\n                                    <div class=\"col-xl-4 col-md-6\">\r\n                        <div class=\"blog-item\">\r\n                                                        <div class=\"blog-item__content\">\r\n                                <ul class=\"blog-meta\">\r\n                                    <li><span class=\"byline\"> <span class=\"author vcard\"><i aria-hidden=\"true\" class=\"flaticon-user\"><\/i><a class=\"url fn n\" href=\"https:\/\/www.obeczubri.cz\/hasici\/author\/admin\/\">Michal Jur\u00e1nek<\/a><\/span><\/span><\/li>\r\n                                    <li><i class=\"flaticon-bubble-chat\"><\/i><span>Koment\u00e1\u0159e nejsou povolen\u00e9<span class=\"screen-reader-text\"> u textu s n\u00e1zvem 115. v\u00fdro\u010d\u00ed &#8211; \u010di\u0161t\u011bn\u00ed hasi\u010dsk\u00e9 n\u00e1dr\u017ee<\/span><\/span><\/li>\r\n                                <\/ul>\r\n                                <h4><a href=\"https:\/\/www.obeczubri.cz\/hasici\/2008\/10\/20\/115-vyroci-cisteni-hasicske-nadrze\/\">115. v\u00fdro\u010d\u00ed &#8211; \u010di\u0161t\u011bn\u00ed hasi\u010dsk\u00e9 n\u00e1dr\u017ee<\/a><\/h4>\r\n                                <p>\r\n                                                                    <\/p>\r\n                                <a href=\"https:\/\/www.obeczubri.cz\/hasici\/2008\/10\/20\/115-vyroci-cisteni-hasicske-nadrze\/\" class=\"read-more\">\u010c\u00edst v\u00edce<\/a>\r\n                            <\/div>\r\n                        <\/div>\r\n                    <\/div>\r\n                                    <div class=\"col-xl-4 col-md-6\">\r\n                        <div class=\"blog-item\">\r\n                                                        <div class=\"blog-item__content\">\r\n                                <ul class=\"blog-meta\">\r\n                                    <li><span class=\"byline\"> <span class=\"author vcard\"><i aria-hidden=\"true\" class=\"flaticon-user\"><\/i><a class=\"url fn n\" href=\"https:\/\/www.obeczubri.cz\/hasici\/author\/admin\/\">Michal Jur\u00e1nek<\/a><\/span><\/span><\/li>\r\n                                    <li><i class=\"flaticon-bubble-chat\"><\/i><span>Koment\u00e1\u0159e nejsou povolen\u00e9<span class=\"screen-reader-text\"> u textu s n\u00e1zvem 115. v\u00fdro\u010d\u00ed &#8211; \u00faklid hadic<\/span><\/span><\/li>\r\n                                <\/ul>\r\n                                <h4><a href=\"https:\/\/www.obeczubri.cz\/hasici\/2008\/10\/20\/115-vyroci-uklid-hadic\/\">115. v\u00fdro\u010d\u00ed &#8211; \u00faklid hadic<\/a><\/h4>\r\n                                <p>\r\n                                                                    <\/p>\r\n                                <a href=\"https:\/\/www.obeczubri.cz\/hasici\/2008\/10\/20\/115-vyroci-uklid-hadic\/\" class=\"read-more\">\u010c\u00edst v\u00edce<\/a>\r\n                            <\/div>\r\n                        <\/div>\r\n                    <\/div>\r\n                                    <div class=\"col-xl-4 col-md-6\">\r\n                        <div class=\"blog-item\">\r\n                                                        <div class=\"blog-item__content\">\r\n                                <ul class=\"blog-meta\">\r\n                                    <li><span class=\"byline\"> <span class=\"author vcard\"><i aria-hidden=\"true\" class=\"flaticon-user\"><\/i><a class=\"url fn n\" href=\"https:\/\/www.obeczubri.cz\/hasici\/author\/admin\/\">Michal Jur\u00e1nek<\/a><\/span><\/span><\/li>\r\n                                    <li><i class=\"flaticon-bubble-chat\"><\/i><span>Koment\u00e1\u0159e nejsou povolen\u00e9<span class=\"screen-reader-text\"> u textu s n\u00e1zvem 115. v\u00fdro\u010d\u00ed &#8211; koz\u00e1\u010dek Ani\u010dka a Zden\u011bk<\/span><\/span><\/li>\r\n                                <\/ul>\r\n                                <h4><a href=\"https:\/\/www.obeczubri.cz\/hasici\/2008\/10\/20\/115-vyroci-kozacek-anicka-a-zdenek\/\">115. v\u00fdro\u010d\u00ed &#8211; koz\u00e1\u010dek Ani\u010dka a Zden\u011bk<\/a><\/h4>\r\n                                <p>\r\n                                                                    <\/p>\r\n                                <a href=\"https:\/\/www.obeczubri.cz\/hasici\/2008\/10\/20\/115-vyroci-kozacek-anicka-a-zdenek\/\" class=\"read-more\">\u010c\u00edst v\u00edce<\/a>\r\n                            <\/div>\r\n                        <\/div>\r\n                    <\/div>\r\n                                    <div class=\"col-xl-4 col-md-6\">\r\n                        <div class=\"blog-item\">\r\n                                                        <div class=\"blog-item__content\">\r\n                                <ul class=\"blog-meta\">\r\n                                    <li><span class=\"byline\"> <span class=\"author vcard\"><i aria-hidden=\"true\" class=\"flaticon-user\"><\/i><a class=\"url fn n\" href=\"https:\/\/www.obeczubri.cz\/hasici\/author\/admin\/\">Michal Jur\u00e1nek<\/a><\/span><\/span><\/li>\r\n                                    <li><i class=\"flaticon-bubble-chat\"><\/i><span>Koment\u00e1\u0159e nejsou povolen\u00e9<span class=\"screen-reader-text\"> u textu s n\u00e1zvem SDH na v\u00fdro\u010d\u00ed v Petrovic\u00edch<\/span><\/span><\/li>\r\n                                <\/ul>\r\n                                <h4><a href=\"https:\/\/www.obeczubri.cz\/hasici\/2008\/09\/02\/sdh-na-vyroci-v-petrovicich\/\">SDH na v\u00fdro\u010d\u00ed v Petrovic\u00edch<\/a><\/h4>\r\n                                <p>\r\n                                                                    <\/p>\r\n                                <a href=\"https:\/\/www.obeczubri.cz\/hasici\/2008\/09\/02\/sdh-na-vyroci-v-petrovicich\/\" class=\"read-more\">\u010c\u00edst v\u00edce<\/a>\r\n                            <\/div>\r\n                        <\/div>\r\n                    <\/div>\r\n                                    <div class=\"col-xl-4 col-md-6\">\r\n                        <div class=\"blog-item\">\r\n                                                        <div class=\"blog-item__content\">\r\n                                <ul class=\"blog-meta\">\r\n                                    <li><span class=\"byline\"> <span class=\"author vcard\"><i aria-hidden=\"true\" class=\"flaticon-user\"><\/i><a class=\"url fn n\" href=\"https:\/\/www.obeczubri.cz\/hasici\/author\/admin\/\">Michal Jur\u00e1nek<\/a><\/span><\/span><\/li>\r\n                                    <li><i class=\"flaticon-bubble-chat\"><\/i><span>Koment\u00e1\u0159e nejsou povolen\u00e9<span class=\"screen-reader-text\"> u textu s n\u00e1zvem Na hasi\u010dsk\u00e9 sout\u011b\u017ei &#8211; n\u00e1stup<\/span><\/span><\/li>\r\n                                <\/ul>\r\n                                <h4><a href=\"https:\/\/www.obeczubri.cz\/hasici\/2008\/09\/02\/na-hasicske-soutezi-nastup\/\">Na hasi\u010dsk\u00e9 sout\u011b\u017ei &#8211; n\u00e1stup<\/a><\/h4>\r\n                                <p>\r\n                                                                    <\/p>\r\n                                <a href=\"https:\/\/www.obeczubri.cz\/hasici\/2008\/09\/02\/na-hasicske-soutezi-nastup\/\" class=\"read-more\">\u010c\u00edst v\u00edce<\/a>\r\n                            <\/div>\r\n                        <\/div>\r\n                    <\/div>\r\n                                    <div class=\"col-xl-4 col-md-6\">\r\n                        <div class=\"blog-item\">\r\n                                                        <div class=\"blog-item__content\">\r\n                                <ul class=\"blog-meta\">\r\n                                    <li><span class=\"byline\"> <span class=\"author vcard\"><i aria-hidden=\"true\" class=\"flaticon-user\"><\/i><a class=\"url fn n\" href=\"https:\/\/www.obeczubri.cz\/hasici\/author\/admin\/\">Michal Jur\u00e1nek<\/a><\/span><\/span><\/li>\r\n                                    <li><i class=\"flaticon-bubble-chat\"><\/i><span>Koment\u00e1\u0159e nejsou povolen\u00e9<span class=\"screen-reader-text\"> u textu s n\u00e1zvem Na hasi\u010dsk\u00e9 sout\u011b\u017ei &#8211; \u0161tafeta<\/span><\/span><\/li>\r\n                                <\/ul>\r\n                                <h4><a href=\"https:\/\/www.obeczubri.cz\/hasici\/2008\/09\/02\/na-hasicske-soutezi-stafeta\/\">Na hasi\u010dsk\u00e9 sout\u011b\u017ei &#8211; \u0161tafeta<\/a><\/h4>\r\n                                <p>\r\n                                                                    <\/p>\r\n                                <a href=\"https:\/\/www.obeczubri.cz\/hasici\/2008\/09\/02\/na-hasicske-soutezi-stafeta\/\" class=\"read-more\">\u010c\u00edst v\u00edce<\/a>\r\n                            <\/div>\r\n                        <\/div>\r\n                    <\/div>\r\n                                \r\n            <\/div>\r\n                            <div class=\"pagination pt-20\">\r\n                    <span class=\"page-numbers current\">1<\/span>\n<a class=\"page-numbers\" href=\"https:\/\/www.obeczubri.cz\/hasici\/wp-json\/wp\/v2\/pages\/4511\/page\/2\/\">2<\/a>\n<a class=\"next page-numbers\" href=\"https:\/\/www.obeczubri.cz\/hasici\/wp-json\/wp\/v2\/pages\/4511\/page\/2\/\"><i class=\"fa fa-angle-right\"><\/i><\/a>                <\/div>\r\n                    <\/div>\r\n            <\/div>\r\n\t\t\t\t<\/div>\n\t\t\t\t<\/div>\n\t\t\t\t\t<\/div>\n\t\t<\/div>\n\t\t\t\t\t<\/div>\n\t\t<\/section>\n\t\t\t\t<\/div>\n\t\t","protected":false},"excerpt":{"rendered":"<p>Martin Kosteck\u00fd Koment\u00e1\u0159e nejsou povolen\u00e9 u textu s n\u00e1zvem SDH Zub\u0159\u00ed \u2013 2016 SDH Zub\u0159\u00ed \u2013 2016 \u010c\u00edst v\u00edce Martin Kosteck\u00fd Koment\u00e1\u0159e nejsou povolen\u00e9 u textu s n\u00e1zvem SDH Zub\u0159\u00ed \u2013 Sez\u00f3na 2015 SDH Zub\u0159\u00ed \u2013 Sez\u00f3na 2015 \u010c\u00edst v\u00edce Michal Jur\u00e1nek Koment\u00e1\u0159e nejsou povolen\u00e9 u textu s n\u00e1zvem Sokol\u00ed\u010dek 2012 Sokol\u00ed\u010dek 2012 \u010c\u00edst v\u00edce [&hellip;]<\/p>\n","protected":false},"author":1,"featured_media":0,"parent":0,"menu_order":0,"comment_status":"closed","ping_status":"closed","template":"elementor_header_footer","meta":{"footnotes":""},"class_list":["post-4511","page","type-page","status-publish","hentry"],"jetpack_sharing_enabled":true,"jetpack_shortlink":"https:\/\/wp.me\/P91NNl-1aL","_links":{"self":[{"href":"https:\/\/www.obeczubri.cz\/hasici\/wp-json\/wp\/v2\/pages\/4511","targetHints":{"allow":["GET"]}}],"collection":[{"href":"https:\/\/www.obeczubri.cz\/hasici\/wp-json\/wp\/v2\/pages"}],"about":[{"href":"https:\/\/www.obeczubri.cz\/hasici\/wp-json\/wp\/v2\/types\/page"}],"author":[{"embeddable":true,"href":"https:\/\/www.obeczubri.cz\/hasici\/wp-json\/wp\/v2\/users\/1"}],"replies":[{"embeddable":true,"href":"https:\/\/www.obeczubri.cz\/hasici\/wp-json\/wp\/v2\/comments?post=4511"}],"version-history":[{"count":5,"href":"https:\/\/www.obeczubri.cz\/hasici\/wp-json\/wp\/v2\/pages\/4511\/revisions"}],"predecessor-version":[{"id":4602,"href":"https:\/\/www.obeczubri.cz\/hasici\/wp-json\/wp\/v2\/pages\/4511\/revisions\/4602"}],"wp:attachment":[{"href":"https:\/\/www.obeczubri.cz\/hasici\/wp-json\/wp\/v2\/media?parent=4511"}],"curies":[{"name":"wp","href":"https:\/\/api.w.org\/{rel}","templated":true}]}}