{"id":4280,"date":"2026-05-04T14:46:42","date_gmt":"2026-05-04T12:46:42","guid":{"rendered":"https:\/\/www.obeczubri.cz\/hasici\/?page_id=4280"},"modified":"2026-05-06T09:47:49","modified_gmt":"2026-05-06T07:47:49","slug":"nase-uspechy","status":"publish","type":"page","link":"https:\/\/www.obeczubri.cz\/hasici\/nase-uspechy\/","title":{"rendered":"Na\u0161e \u00fasp\u011bchy"},"content":{"rendered":"\t\t<div data-elementor-type=\"wp-page\" data-elementor-id=\"4280\" class=\"elementor elementor-4280\">\n\t\t\t\t\t\t<section class=\"elementor-section elementor-top-section elementor-element elementor-element-6a29c552 portfolio-details-area elementor-section-boxed elementor-section-height-default elementor-section-height-default\" data-id=\"6a29c552\" data-element_type=\"section\" data-e-type=\"section\">\n\t\t\t\t\t\t<div class=\"elementor-container elementor-column-gap-default\">\n\t\t\t\t\t<div class=\"elementor-column elementor-col-100 elementor-top-column elementor-element elementor-element-44f1c053 portfolio-details-content\" data-id=\"44f1c053\" data-element_type=\"column\" data-e-type=\"column\">\n\t\t\t<div class=\"elementor-widget-wrap elementor-element-populated\">\n\t\t\t\t\t\t<div class=\"elementor-element elementor-element-de7f7c7 elementor-widget elementor-widget-charite-blog-widget\" data-id=\"de7f7c7\" data-element_type=\"widget\" data-e-type=\"widget\" data-widget_type=\"charite-blog-widget.default\">\n\t\t\t\t<div class=\"elementor-widget-container\">\n\t\t\t\t\t\r\n    <div class=\"blog-area pt-120 pb-90 rel z-1\">\r\n        <div class=\"container\">\r\n                            <div class=\"row justify-content-center\">\r\n                    <div class=\"col-xl-x col-lg-8 col-md-10\">\r\n                        <div class=\"section-title text-center mb-60\">\r\n                                                                                                            <\/div>\r\n                    <\/div>\r\n                <\/div>\r\n                        <div class=\"row justify-content-center\">\r\n                                                    <div class=\"col-xl-4 col-md-6\">\r\n                        <div class=\"blog-item\">\r\n                                                            <div class=\"blog-item__img\">\r\n                                    <img fetchpriority=\"high\" decoding=\"async\" width=\"356\" height=\"267\" src=\"https:\/\/www.obeczubri.cz\/hasici\/wp-content\/uploads\/2015\/08\/z8sghlig2r6isrf.jpg\" class=\"attachment-charite_blog__416X267 size-charite_blog__416X267 wp-post-image\" alt=\"\" srcset=\"https:\/\/www.obeczubri.cz\/hasici\/wp-content\/uploads\/2015\/08\/z8sghlig2r6isrf.jpg 880w, https:\/\/www.obeczubri.cz\/hasici\/wp-content\/uploads\/2015\/08\/z8sghlig2r6isrf-300x225.jpg 300w, https:\/\/www.obeczubri.cz\/hasici\/wp-content\/uploads\/2015\/08\/z8sghlig2r6isrf-200x150.jpg 200w, https:\/\/www.obeczubri.cz\/hasici\/wp-content\/uploads\/2015\/08\/z8sghlig2r6isrf-150x113.jpg 150w, https:\/\/www.obeczubri.cz\/hasici\/wp-content\/uploads\/2015\/08\/z8sghlig2r6isrf-280x210.jpg 280w\" sizes=\"(max-width: 356px) 100vw, 356px\" \/>                                    <div class=\"post-date\">\r\n                                        <b>10<\/b>\r\n                                        <span>\u010cvc<\/span>\r\n                                    <\/div>\r\n                                <\/div>\r\n                                                        <div class=\"blog-item__content\">\r\n                                <ul class=\"blog-meta\">\r\n                                    <li><span class=\"byline\"> <span class=\"author vcard\"><i aria-hidden=\"true\" class=\"flaticon-user\"><\/i><a class=\"url fn n\" href=\"https:\/\/www.obeczubri.cz\/hasici\/author\/petra\/\">Petra Svobodov\u00e1<\/a><\/span><\/span><\/li>\r\n                                    <li><i class=\"flaticon-bubble-chat\"><\/i><span>Koment\u00e1\u0159e nejsou povolen\u00e9<span class=\"screen-reader-text\"> u textu s n\u00e1zvem PS 8 Vlachovice &#8211; 2 m\u00edsto<\/span><\/span><\/li>\r\n                                <\/ul>\r\n                                <h4><a href=\"https:\/\/www.obeczubri.cz\/hasici\/2012\/07\/10\/ps-8-vlachovice-2-misto\/\">PS 8 Vlachovice &#8211; 2 m\u00edsto<\/a><\/h4>\r\n                                <p>\r\n                                    30.6.2012 Jsme p\u0159ijali pozv\u00e1n\u00ed od SDH Vlachovice a z\u016f\u010dastnili jsme se sout\u011b\u017ee v\u00a0po\u017e\u00e1rn\u00edm \u00fatoku s\u00a0PS                                <\/p>\r\n                                <a href=\"https:\/\/www.obeczubri.cz\/hasici\/2012\/07\/10\/ps-8-vlachovice-2-misto\/\" class=\"read-more\">\u010c\u00edst v\u00edce<\/a>\r\n                            <\/div>\r\n                        <\/div>\r\n                    <\/div>\r\n                                    <div class=\"col-xl-4 col-md-6\">\r\n                        <div class=\"blog-item\">\r\n                                                            <div class=\"blog-item__img\">\r\n                                    <img decoding=\"async\" width=\"356\" height=\"267\" src=\"https:\/\/www.obeczubri.cz\/hasici\/wp-content\/uploads\/2015\/08\/rz1ogpo33obelau.jpg\" class=\"attachment-charite_blog__416X267 size-charite_blog__416X267 wp-post-image\" alt=\"\" srcset=\"https:\/\/www.obeczubri.cz\/hasici\/wp-content\/uploads\/2015\/08\/rz1ogpo33obelau.jpg 666w, https:\/\/www.obeczubri.cz\/hasici\/wp-content\/uploads\/2015\/08\/rz1ogpo33obelau-300x225.jpg 300w, https:\/\/www.obeczubri.cz\/hasici\/wp-content\/uploads\/2015\/08\/rz1ogpo33obelau-200x150.jpg 200w, https:\/\/www.obeczubri.cz\/hasici\/wp-content\/uploads\/2015\/08\/rz1ogpo33obelau-150x113.jpg 150w, https:\/\/www.obeczubri.cz\/hasici\/wp-content\/uploads\/2015\/08\/rz1ogpo33obelau-280x210.jpg 280w\" sizes=\"(max-width: 356px) 100vw, 356px\" \/>                                    <div class=\"post-date\">\r\n                                        <b>03<\/b>\r\n                                        <span>\u010cvn<\/span>\r\n                                    <\/div>\r\n                                <\/div>\r\n                                                        <div class=\"blog-item__content\">\r\n                                <ul class=\"blog-meta\">\r\n                                    <li><span class=\"byline\"> <span class=\"author vcard\"><i aria-hidden=\"true\" class=\"flaticon-user\"><\/i><a class=\"url fn n\" href=\"https:\/\/www.obeczubri.cz\/hasici\/author\/petra\/\">Petra Svobodov\u00e1<\/a><\/span><\/span><\/li>\r\n                                    <li><i class=\"flaticon-bubble-chat\"><\/i><span>Koment\u00e1\u0159e nejsou povolen\u00e9<span class=\"screen-reader-text\"> u textu s n\u00e1zvem Novom\u011bstsk\u00fd Sopt\u00edk &#8211; K\u0159\u00eddla<\/span><\/span><\/li>\r\n                                <\/ul>\r\n                                <h4><a href=\"https:\/\/www.obeczubri.cz\/hasici\/2012\/06\/03\/novomestsky-soptik-kridla\/\">Novom\u011bstsk\u00fd Sopt\u00edk &#8211; K\u0159\u00eddla<\/a><\/h4>\r\n                                <p>\r\n                                    Dne 3.6. 2012 se na\u0161e dru\u017estva mlad\u00fdch hasi\u010d\u016f z\u00fa\u010dastnila 1. ro\u010dn\u00edku Novom\u011bstsk\u00e9ho Sopt\u00edka a do                                <\/p>\r\n                                <a href=\"https:\/\/www.obeczubri.cz\/hasici\/2012\/06\/03\/novomestsky-soptik-kridla\/\" class=\"read-more\">\u010c\u00edst v\u00edce<\/a>\r\n                            <\/div>\r\n                        <\/div>\r\n                    <\/div>\r\n                                    <div class=\"col-xl-4 col-md-6\">\r\n                        <div class=\"blog-item\">\r\n                                                            <div class=\"blog-item__img\">\r\n                                    <img decoding=\"async\" width=\"356\" height=\"267\" src=\"https:\/\/www.obeczubri.cz\/hasici\/wp-content\/uploads\/2015\/08\/gkxyw5nyfjwzye9.jpg\" class=\"attachment-charite_blog__416X267 size-charite_blog__416X267 wp-post-image\" alt=\"\" srcset=\"https:\/\/www.obeczubri.cz\/hasici\/wp-content\/uploads\/2015\/08\/gkxyw5nyfjwzye9.jpg 687w, https:\/\/www.obeczubri.cz\/hasici\/wp-content\/uploads\/2015\/08\/gkxyw5nyfjwzye9-300x225.jpg 300w, https:\/\/www.obeczubri.cz\/hasici\/wp-content\/uploads\/2015\/08\/gkxyw5nyfjwzye9-200x150.jpg 200w, https:\/\/www.obeczubri.cz\/hasici\/wp-content\/uploads\/2015\/08\/gkxyw5nyfjwzye9-150x112.jpg 150w, https:\/\/www.obeczubri.cz\/hasici\/wp-content\/uploads\/2015\/08\/gkxyw5nyfjwzye9-280x210.jpg 280w\" sizes=\"(max-width: 356px) 100vw, 356px\" \/>                                    <div class=\"post-date\">\r\n                                        <b>19<\/b>\r\n                                        <span>\u010cvn<\/span>\r\n                                    <\/div>\r\n                                <\/div>\r\n                                                        <div class=\"blog-item__content\">\r\n                                <ul class=\"blog-meta\">\r\n                                    <li><span class=\"byline\"> <span class=\"author vcard\"><i aria-hidden=\"true\" class=\"flaticon-user\"><\/i><a class=\"url fn n\" href=\"https:\/\/www.obeczubri.cz\/hasici\/author\/petra\/\">Petra Svobodov\u00e1<\/a><\/span><\/span><\/li>\r\n                                    <li><i class=\"flaticon-bubble-chat\"><\/i><span>Koment\u00e1\u0159e nejsou povolen\u00e9<span class=\"screen-reader-text\"> u textu s n\u00e1zvem PS 8<\/span><\/span><\/li>\r\n                                <\/ul>\r\n                                <h4><a href=\"https:\/\/www.obeczubri.cz\/hasici\/2011\/06\/19\/ps-8-2\/\">PS 8<\/a><\/h4>\r\n                                <p>\r\n                                    Dne 18.6.2001 se z\u00fa\u010dastnilo sm\u00ed\u0161en\u00e9 dru\u017estvo SDH Zub\u0159\u00ed netradi\u010dn\u00edho kl\u00e1n\u00ed v po\u017e\u00e1rn\u00edm \u00fatoku s PS\u00a08                                <\/p>\r\n                                <a href=\"https:\/\/www.obeczubri.cz\/hasici\/2011\/06\/19\/ps-8-2\/\" class=\"read-more\">\u010c\u00edst v\u00edce<\/a>\r\n                            <\/div>\r\n                        <\/div>\r\n                    <\/div>\r\n                                    <div class=\"col-xl-4 col-md-6\">\r\n                        <div class=\"blog-item\">\r\n                                                            <div class=\"blog-item__img\">\r\n                                    <img loading=\"lazy\" decoding=\"async\" width=\"356\" height=\"267\" src=\"https:\/\/www.obeczubri.cz\/hasici\/wp-content\/uploads\/2015\/08\/110530123744-Petrovice.jpg\" class=\"attachment-charite_blog__416X267 size-charite_blog__416X267 wp-post-image\" alt=\"\" srcset=\"https:\/\/www.obeczubri.cz\/hasici\/wp-content\/uploads\/2015\/08\/110530123744-Petrovice.jpg 656w, https:\/\/www.obeczubri.cz\/hasici\/wp-content\/uploads\/2015\/08\/110530123744-Petrovice-300x225.jpg 300w, https:\/\/www.obeczubri.cz\/hasici\/wp-content\/uploads\/2015\/08\/110530123744-Petrovice-200x150.jpg 200w, https:\/\/www.obeczubri.cz\/hasici\/wp-content\/uploads\/2015\/08\/110530123744-Petrovice-150x113.jpg 150w, https:\/\/www.obeczubri.cz\/hasici\/wp-content\/uploads\/2015\/08\/110530123744-Petrovice-280x210.jpg 280w\" sizes=\"(max-width: 356px) 100vw, 356px\" \/>                                    <div class=\"post-date\">\r\n                                        <b>30<\/b>\r\n                                        <span>Kv\u011b<\/span>\r\n                                    <\/div>\r\n                                <\/div>\r\n                                                        <div class=\"blog-item__content\">\r\n                                <ul class=\"blog-meta\">\r\n                                    <li><span class=\"byline\"> <span class=\"author vcard\"><i aria-hidden=\"true\" class=\"flaticon-user\"><\/i><a class=\"url fn n\" href=\"https:\/\/www.obeczubri.cz\/hasici\/author\/lukes\/\">Jan Luke\u0161<\/a><\/span><\/span><\/li>\r\n                                    <li><i class=\"flaticon-bubble-chat\"><\/i><span>Koment\u00e1\u0159e nejsou povolen\u00e9<span class=\"screen-reader-text\"> u textu s n\u00e1zvem Okrskov\u00e1 sout\u011b\u017e v po\u017e\u00e1rn\u00edm sportu<\/span><\/span><\/li>\r\n                                <\/ul>\r\n                                <h4><a href=\"https:\/\/www.obeczubri.cz\/hasici\/2011\/05\/30\/okrskova-soutez-v-pozarnim-sportu\/\">Okrskov\u00e1 sout\u011b\u017e v po\u017e\u00e1rn\u00edm sportu<\/a><\/h4>\r\n                                <p>\r\n                                    Na\u0161e dru\u017estva mu\u017e\u016f a \u017een obsadila shodn\u011b druh\u00e1 m\u00edsta v z\u00e1kladn\u00edm kole okrskov\u00e9 sout\u011b\u017ee v                                <\/p>\r\n                                <a href=\"https:\/\/www.obeczubri.cz\/hasici\/2011\/05\/30\/okrskova-soutez-v-pozarnim-sportu\/\" class=\"read-more\">\u010c\u00edst v\u00edce<\/a>\r\n                            <\/div>\r\n                        <\/div>\r\n                    <\/div>\r\n                                    <div class=\"col-xl-4 col-md-6\">\r\n                        <div class=\"blog-item\">\r\n                                                            <div class=\"blog-item__img\">\r\n                                    <img loading=\"lazy\" decoding=\"async\" width=\"416\" height=\"249\" src=\"https:\/\/www.obeczubri.cz\/hasici\/wp-content\/uploads\/2015\/08\/t6u3nwstx3g9f1t.jpg\" class=\"attachment-charite_blog__416X267 size-charite_blog__416X267 wp-post-image\" alt=\"\" srcset=\"https:\/\/www.obeczubri.cz\/hasici\/wp-content\/uploads\/2015\/08\/t6u3nwstx3g9f1t.jpg 500w, https:\/\/www.obeczubri.cz\/hasici\/wp-content\/uploads\/2015\/08\/t6u3nwstx3g9f1t-300x179.jpg 300w, https:\/\/www.obeczubri.cz\/hasici\/wp-content\/uploads\/2015\/08\/t6u3nwstx3g9f1t-250x150.jpg 250w, https:\/\/www.obeczubri.cz\/hasici\/wp-content\/uploads\/2015\/08\/t6u3nwstx3g9f1t-150x90.jpg 150w, https:\/\/www.obeczubri.cz\/hasici\/wp-content\/uploads\/2015\/08\/t6u3nwstx3g9f1t-280x167.jpg 280w\" sizes=\"(max-width: 416px) 100vw, 416px\" \/>                                    <div class=\"post-date\">\r\n                                        <b>24<\/b>\r\n                                        <span>\u0158\u00edj<\/span>\r\n                                    <\/div>\r\n                                <\/div>\r\n                                                        <div class=\"blog-item__content\">\r\n                                <ul class=\"blog-meta\">\r\n                                    <li><span class=\"byline\"> <span class=\"author vcard\"><i aria-hidden=\"true\" class=\"flaticon-user\"><\/i><a class=\"url fn n\" href=\"https:\/\/www.obeczubri.cz\/hasici\/author\/petra\/\">Petra Svobodov\u00e1<\/a><\/span><\/span><\/li>\r\n                                    <li><i class=\"flaticon-bubble-chat\"><\/i><span>Koment\u00e1\u0159e nejsou povolen\u00e9<span class=\"screen-reader-text\"> u textu s n\u00e1zvem My<\/span><\/span><\/li>\r\n                                <\/ul>\r\n                                <h4><a href=\"https:\/\/www.obeczubri.cz\/hasici\/2010\/10\/24\/my\/\">My<\/a><\/h4>\r\n                                <p>\r\n                                    Dne \u00a020.10.2010 se se\u0161li na\u0161i mlad\u00ed hasi\u010di p\u0159ed m\u00edstn\u00edm obecn\u00edm \u00fa\u0159adem v\u00a0Zub\u0159\u00ed. Zde se rozd\u011blili                                <\/p>\r\n                                <a href=\"https:\/\/www.obeczubri.cz\/hasici\/2010\/10\/24\/my\/\" class=\"read-more\">\u010c\u00edst v\u00edce<\/a>\r\n                            <\/div>\r\n                        <\/div>\r\n                    <\/div>\r\n                                    <div class=\"col-xl-4 col-md-6\">\r\n                        <div class=\"blog-item\">\r\n                                                            <div class=\"blog-item__img\">\r\n                                    <img loading=\"lazy\" decoding=\"async\" width=\"329\" height=\"267\" src=\"https:\/\/www.obeczubri.cz\/hasici\/wp-content\/uploads\/2015\/08\/100916194112-memori\u00c3\u00a1l.jpg\" class=\"attachment-charite_blog__416X267 size-charite_blog__416X267 wp-post-image\" alt=\"\" srcset=\"https:\/\/www.obeczubri.cz\/hasici\/wp-content\/uploads\/2015\/08\/100916194112-memori\u00c3\u00a1l.jpg 480w, https:\/\/www.obeczubri.cz\/hasici\/wp-content\/uploads\/2015\/08\/100916194112-memori\u00c3\u00a1l-300x244.jpg 300w, https:\/\/www.obeczubri.cz\/hasici\/wp-content\/uploads\/2015\/08\/100916194112-memori\u00c3\u00a1l-185x150.jpg 185w, https:\/\/www.obeczubri.cz\/hasici\/wp-content\/uploads\/2015\/08\/100916194112-memori\u00c3\u00a1l-150x122.jpg 150w, https:\/\/www.obeczubri.cz\/hasici\/wp-content\/uploads\/2015\/08\/100916194112-memori\u00c3\u00a1l-280x228.jpg 280w\" sizes=\"(max-width: 329px) 100vw, 329px\" \/>                                    <div class=\"post-date\">\r\n                                        <b>16<\/b>\r\n                                        <span>Z\u00e1\u0159<\/span>\r\n                                    <\/div>\r\n                                <\/div>\r\n                                                        <div class=\"blog-item__content\">\r\n                                <ul class=\"blog-meta\">\r\n                                    <li><span class=\"byline\"> <span class=\"author vcard\"><i aria-hidden=\"true\" class=\"flaticon-user\"><\/i><a class=\"url fn n\" href=\"https:\/\/www.obeczubri.cz\/hasici\/author\/petra\/\">Petra Svobodov\u00e1<\/a><\/span><\/span><\/li>\r\n                                    <li><i class=\"flaticon-bubble-chat\"><\/i><span>Koment\u00e1\u0159e nejsou povolen\u00e9<span class=\"screen-reader-text\"> u textu s n\u00e1zvem N\u00e1\u0161 prvn\u00ed velk\u00fd \u00fasp\u011bch v po\u017e\u00e1rn\u00edm sportu<\/span><\/span><\/li>\r\n                                <\/ul>\r\n                                <h4><a href=\"https:\/\/www.obeczubri.cz\/hasici\/2010\/09\/16\/nas-prvni-velky-uspech-v-pozarnim-sportu\/\">N\u00e1\u0161 prvn\u00ed velk\u00fd \u00fasp\u011bch v po\u017e\u00e1rn\u00edm sportu<\/a><\/h4>\r\n                                <p>\r\n                                    Dne 28.9.2010 jsme dos\u00e1hli t\u011bchto \u00fasp\u011bch\u016f v po\u017e\u00e1rn\u00edm sportu &#8211; dru\u017estvo \u017een obsadilo 2. m\u00edsto\u00a0                                <\/p>\r\n                                <a href=\"https:\/\/www.obeczubri.cz\/hasici\/2010\/09\/16\/nas-prvni-velky-uspech-v-pozarnim-sportu\/\" class=\"read-more\">\u010c\u00edst v\u00edce<\/a>\r\n                            <\/div>\r\n                        <\/div>\r\n                    <\/div>\r\n                                \r\n            <\/div>\r\n                            <div class=\"pagination pt-20\">\r\n                                    <\/div>\r\n                    <\/div>\r\n            <\/div>\r\n\t\t\t\t<\/div>\n\t\t\t\t<\/div>\n\t\t\t\t\t<\/div>\n\t\t<\/div>\n\t\t\t\t\t<\/div>\n\t\t<\/section>\n\t\t\t\t<\/div>\n\t\t","protected":false},"excerpt":{"rendered":"<p>10 \u010cvc Petra Svobodov\u00e1 Koment\u00e1\u0159e nejsou povolen\u00e9 u textu s n\u00e1zvem PS 8 Vlachovice &#8211; 2 m\u00edsto PS 8 Vlachovice &#8211; 2 m\u00edsto 30.6.2012 Jsme p\u0159ijali pozv\u00e1n\u00ed od SDH Vlachovice a z\u016f\u010dastnili jsme se sout\u011b\u017ee v\u00a0po\u017e\u00e1rn\u00edm \u00fatoku s\u00a0PS \u010c\u00edst v\u00edce 03 \u010cvn Petra Svobodov\u00e1 Koment\u00e1\u0159e nejsou povolen\u00e9 u textu s n\u00e1zvem Novom\u011bstsk\u00fd Sopt\u00edk &#8211; K\u0159\u00eddla [&hellip;]<\/p>\n","protected":false},"author":1,"featured_media":0,"parent":0,"menu_order":0,"comment_status":"closed","ping_status":"closed","template":"elementor_header_footer","meta":{"jetpack_post_was_ever_published":false,"footnotes":""},"class_list":["post-4280","page","type-page","status-publish","hentry"],"jetpack_sharing_enabled":true,"jetpack_shortlink":"https:\/\/wp.me\/P91NNl-172","_links":{"self":[{"href":"https:\/\/www.obeczubri.cz\/hasici\/wp-json\/wp\/v2\/pages\/4280","targetHints":{"allow":["GET"]}}],"collection":[{"href":"https:\/\/www.obeczubri.cz\/hasici\/wp-json\/wp\/v2\/pages"}],"about":[{"href":"https:\/\/www.obeczubri.cz\/hasici\/wp-json\/wp\/v2\/types\/page"}],"author":[{"embeddable":true,"href":"https:\/\/www.obeczubri.cz\/hasici\/wp-json\/wp\/v2\/users\/1"}],"replies":[{"embeddable":true,"href":"https:\/\/www.obeczubri.cz\/hasici\/wp-json\/wp\/v2\/comments?post=4280"}],"version-history":[{"count":23,"href":"https:\/\/www.obeczubri.cz\/hasici\/wp-json\/wp\/v2\/pages\/4280\/revisions"}],"predecessor-version":[{"id":4418,"href":"https:\/\/www.obeczubri.cz\/hasici\/wp-json\/wp\/v2\/pages\/4280\/revisions\/4418"}],"wp:attachment":[{"href":"https:\/\/www.obeczubri.cz\/hasici\/wp-json\/wp\/v2\/media?parent=4280"}],"curies":[{"name":"wp","href":"https:\/\/api.w.org\/{rel}","templated":true}]}}