{"id":3428,"date":"2023-07-26T16:04:52","date_gmt":"2023-07-26T16:04:52","guid":{"rendered":"https:\/\/charite.solverwp.com\/?page_id=45"},"modified":"2026-04-29T12:45:56","modified_gmt":"2026-04-29T10:45:56","slug":"kontakt","status":"publish","type":"page","link":"https:\/\/www.obeczubri.cz\/hasici\/kontakt\/","title":{"rendered":"Kontakt"},"content":{"rendered":"\t\t<div data-elementor-type=\"wp-page\" data-elementor-id=\"3428\" class=\"elementor elementor-3428\">\n\t\t\t\t\t\t<section class=\"elementor-section elementor-top-section elementor-element elementor-element-5aa6d40 elementor-section-full_width elementor-section-height-default elementor-section-height-default\" data-id=\"5aa6d40\" data-element_type=\"section\" data-e-type=\"section\">\n\t\t\t\t\t\t<div class=\"elementor-container elementor-column-gap-no\">\n\t\t\t\t\t<div class=\"elementor-column elementor-col-100 elementor-top-column elementor-element elementor-element-669431f\" data-id=\"669431f\" data-element_type=\"column\" data-e-type=\"column\">\n\t\t\t<div class=\"elementor-widget-wrap elementor-element-populated\">\n\t\t\t\t\t\t<div class=\"elementor-element elementor-element-14983c0 elementor-widget elementor-widget-charite-volunteer-widget\" data-id=\"14983c0\" data-element_type=\"widget\" data-e-type=\"widget\" data-widget_type=\"charite-volunteer-widget.default\">\n\t\t\t\t<div class=\"elementor-widget-container\">\n\t\t\t\t\t\r\n    <!-- Volunteer area start -->\r\n    <div class=\"volunteer-area-two pt-120 pb-90 rel z-1\">\r\n        <div class=\"container\">\r\n            <div class=\"row justify-content-center\">\r\n                <div class=\"col-xl-6 col-lg-8 col-md-10\">\r\n                    <div class=\"section-title text-center mb-60\">\r\n                                                    <span class=\"section-title__subtitle mb-10\">Kontaktn\u00ed osoby<\/span>\r\n                                                                            <h3>\n<\/h3>\r\n                                                                    <\/div>\r\n                <\/div>\r\n            <\/div>\r\n            <div class=\"row justify-content-center\">\r\n                                        <div class=\"col-xl-3 col-sm-6\">\r\n                            <div class=\"valunteer-two-item\">\r\n                                <div class=\"valunteer-two-item__img\">\r\n                                    <img fetchpriority=\"high\" decoding=\"async\" width=\"306\" height=\"353\" src=\"https:\/\/www.obeczubri.cz\/hasici\/wp-content\/uploads\/2015\/08\/IMG_5828-Milan-Starha-306x353.jpg\" class=\"attachment-charite_volunteer__306X353 size-charite_volunteer__306X353 wp-post-image\" alt=\"\" \/>                                <\/div>\r\n                                <div class=\"valunteer-two-item__des valunteer-two-item__des--1\">\r\n                                    <h5>\u0160tarha Milan<\/h5>\r\n                                    <span>Starosta<\/span>\r\n                                <\/div>\r\n                            <\/div>\r\n                        <\/div>\r\n                                        <div class=\"col-xl-3 col-sm-6\">\r\n                            <div class=\"valunteer-two-item\">\r\n                                <div class=\"valunteer-two-item__img\">\r\n                                    <img decoding=\"async\" width=\"306\" height=\"353\" src=\"https:\/\/www.obeczubri.cz\/hasici\/wp-content\/uploads\/2015\/08\/IMG_5483-Jan-Lukes-306x353.jpg\" class=\"attachment-charite_volunteer__306X353 size-charite_volunteer__306X353 wp-post-image\" alt=\"\" \/>                                <\/div>\r\n                                <div class=\"valunteer-two-item__des valunteer-two-item__des--2\">\r\n                                    <h5>Luke\u0161 Jan<\/h5>\r\n                                    <span>Velitel<\/span>\r\n                                <\/div>\r\n                            <\/div>\r\n                        <\/div>\r\n                                        <div class=\"col-xl-3 col-sm-6\">\r\n                            <div class=\"valunteer-two-item\">\r\n                                <div class=\"valunteer-two-item__img\">\r\n                                    <img decoding=\"async\" width=\"306\" height=\"353\" src=\"https:\/\/www.obeczubri.cz\/hasici\/wp-content\/uploads\/2015\/08\/IMG_5779-Marta-Jurankova-306x353.jpg\" class=\"attachment-charite_volunteer__306X353 size-charite_volunteer__306X353 wp-post-image\" alt=\"\" \/>                                <\/div>\r\n                                <div class=\"valunteer-two-item__des valunteer-two-item__des--3\">\r\n                                    <h5>Jur\u00e1nkov\u00e1 Marta<\/h5>\r\n                                    <span>Jednatelka<\/span>\r\n                                <\/div>\r\n                            <\/div>\r\n                        <\/div>\r\n                            <\/div>\r\n        <\/div>\r\n    <\/div>\r\n    <!-- Volunteer area end -->\r\n\r\n\t\t\t\t<\/div>\n\t\t\t\t<\/div>\n\t\t\t\t\t<\/div>\n\t\t<\/div>\n\t\t\t\t\t<\/div>\n\t\t<\/section>\n\t\t\t\t<section class=\"elementor-section elementor-top-section elementor-element elementor-element-1665d99 elementor-section-full_width elementor-section-height-default elementor-section-height-default\" data-id=\"1665d99\" data-element_type=\"section\" data-e-type=\"section\">\n\t\t\t\t\t\t<div class=\"elementor-container elementor-column-gap-no\">\n\t\t\t\t\t<div class=\"elementor-column elementor-col-100 elementor-top-column elementor-element elementor-element-f66c419\" data-id=\"f66c419\" data-element_type=\"column\" data-e-type=\"column\">\n\t\t\t<div class=\"elementor-widget-wrap elementor-element-populated\">\n\t\t\t\t\t\t<div class=\"elementor-element elementor-element-8183de1 elementor-widget elementor-widget-charite-call-to-action-widget\" data-id=\"8183de1\" data-element_type=\"widget\" data-e-type=\"widget\" data-widget_type=\"charite-call-to-action-widget.default\">\n\t\t\t\t<div class=\"elementor-widget-container\">\n\t\t\t\t\t    <!-- Contact Info area start -->\r\n    <div class=\"contact-info-area pb-85\">\r\n        <div class=\"container\">\r\n                            <div class=\"row justify-content-center\">\r\n                                            <div class=\"col-md-4 col-sm-6\">\r\n                            <div class=\"contact-info-item contact-info-item--1\">\r\n                                <div class=\"contact-info__icon\"><i class=\"flaticon-phone-call\"><\/i><\/div>\r\n                                                                    <h5>Telefonn\u00ed \u010d\u00edsla<\/h5>\r\n                                                                <div class=\"contact-info__text\">\r\n                                                                           <p class=\"mb-0 pb-0\">\r\n                                            Starosta: <a href=\"+420734254181\">+ 420 734 254 181<\/a><br \/>\nVelitel: <a href=\"+420775434227\">+420 775 434 227<\/a>                                        <\/p>\r\n                                                                                                               <p class=\"mb-0 pb-0\"> Jednatelka: <a href=\"+420737973483\">+420 737 973 483<\/a><\/p>\r\n                                                                    <\/div>\r\n                            <\/div>\r\n                        <\/div>\r\n                                            <div class=\"col-md-4 col-sm-6\">\r\n                            <div class=\"contact-info-item contact-info-item--2\">\r\n                                <div class=\"contact-info__icon\"><i class=\"fas fa-paper-plane\"><\/i><\/div>\r\n                                                                    <h5>Emailov\u00e9 adresy<\/h5>\r\n                                                                <div class=\"contact-info__text\">\r\n                                                                           <p class=\"mb-0 pb-0\">\r\n                                            Starosta: <a href=\"mailto:starhamilan@gmail.com\">starhamilan@gmail.com<\/a><br \/>\nVelitel: <a href=\"mailto:lukes-jan@seznam.cz\">lukes-jan@seznam.cz<\/a>                                        <\/p>\r\n                                                                                                               <p class=\"mb-0 pb-0\"> Jednatelka: <a href=\"mailto:martulka7@centrum.cz\">martulka7@centrum.cz\n<\/a><\/p>\r\n                                                                    <\/div>\r\n                            <\/div>\r\n                        <\/div>\r\n                                            <div class=\"col-md-4 col-sm-6\">\r\n                            <div class=\"contact-info-item contact-info-item--3\">\r\n                                <div class=\"contact-info__icon\"><i class=\" flaticon-pin\"><\/i><\/div>\r\n                                                                    <h5>Kontaktn\u00ed adresa<\/h5>\r\n                                                                <div class=\"contact-info__text\">\r\n                                                                           <p class=\"mb-0 pb-0\">\r\n                                            Zub\u0159\u00ed \u010dp 37\n<br \/>592 31 Nov\u00e9 M\u011bsto na Morav\u011b                                        <\/p>\r\n                                                                                                        <\/div>\r\n                            <\/div>\r\n                        <\/div>\r\n                                    <\/div>\r\n                    <\/div>\r\n    <\/div>\r\n    <!-- Contact Info area end -->\r\n\t\t\t\t<\/div>\n\t\t\t\t<\/div>\n\t\t\t\t\t<\/div>\n\t\t<\/div>\n\t\t\t\t\t<\/div>\n\t\t<\/section>\n\t\t\t\t<section class=\"elementor-section elementor-top-section elementor-element elementor-element-bad1bc7 elementor-section-full_width elementor-section-height-default elementor-section-height-default\" data-id=\"bad1bc7\" data-element_type=\"section\" data-e-type=\"section\">\n\t\t\t\t\t\t<div class=\"elementor-container elementor-column-gap-no\">\n\t\t\t\t\t<div class=\"elementor-column elementor-col-100 elementor-top-column elementor-element elementor-element-ab0061f\" data-id=\"ab0061f\" data-element_type=\"column\" data-e-type=\"column\">\n\t\t\t<div class=\"elementor-widget-wrap elementor-element-populated\">\n\t\t\t\t\t\t<div class=\"elementor-element elementor-element-ac6dc86 elementor-widget elementor-widget-charite-contact-widget\" data-id=\"ac6dc86\" data-element_type=\"widget\" data-e-type=\"widget\" data-widget_type=\"charite-contact-widget.default\">\n\t\t\t\t<div class=\"elementor-widget-container\">\n\t\t\t\t\t\r\n    <!-- Become Volunteer area start -->\r\n    <div class=\"become-volunteer-four py-120 rel z-1\">\r\n        <div class=\"container\">\r\n            <div class=\"row align-items-center\">\r\n                <div class=\"col-lg-6\">\r\n                                            <div class=\"volunteer-image rmb-65\">\r\n                            <img decoding=\"async\" src=\"http:\/\/www.obeczubri.cz\/hasici\/wp-content\/uploads\/2023\/08\/Zubr-bily-s-napisem.jpg\" alt=\"\">\r\n                        <\/div>\r\n                                    <\/div>\r\n                <div class=\"col-lg-6\">\r\n                    <div class=\"volunteer-content form-style-two\">\r\n                                                    <div class=\"section-title mb-45\">\r\n                                                                    <span class=\"section-title__subtitle mb-10\">Po\u0161lete n\u00e1m zpr\u00e1vu<\/span>\r\n                                                                                                    <h3>Vypl\u0148te formul\u00e1\u0159<\/h3>\r\n                                                                                                    <p>\n\n<\/p>\r\n                                                            <\/div>\r\n                        \r\n                                                    \n<div class=\"wpcf7 no-js\" id=\"wpcf7-f2848-o1\" lang=\"en-US\" dir=\"ltr\" data-wpcf7-id=\"2848\">\n<div class=\"screen-reader-response\"><p role=\"status\" aria-live=\"polite\" aria-atomic=\"true\"><\/p> <ul><\/ul><\/div>\n<form action=\"\/hasici\/wp-json\/wp\/v2\/pages\/3428#wpcf7-f2848-o1\" method=\"post\" class=\"wpcf7-form init\" aria-label=\"Contact form\" novalidate=\"novalidate\" data-status=\"init\">\n<fieldset class=\"hidden-fields-container\"><input type=\"hidden\" name=\"_wpcf7\" value=\"2848\" \/><input type=\"hidden\" name=\"_wpcf7_version\" value=\"6.1.5\" \/><input type=\"hidden\" name=\"_wpcf7_locale\" value=\"en_US\" \/><input type=\"hidden\" name=\"_wpcf7_unit_tag\" value=\"wpcf7-f2848-o1\" \/><input type=\"hidden\" name=\"_wpcf7_container_post\" value=\"0\" \/><input type=\"hidden\" name=\"_wpcf7_posted_data_hash\" value=\"\" \/>\n<\/fieldset>\n<div class=\"row\">\n\t<div class=\"col-sm-6\">\n\t\t<div class=\"form-group\">\n\t\t\t<p><label for=\"name\">Va\u0161e jm\u00e9no<\/label><br \/>\n<span class=\"wpcf7-form-control-wrap\" data-name=\"text-474\"><input size=\"40\" maxlength=\"400\" class=\"wpcf7-form-control wpcf7-text wpcf7-validates-as-required form-control\" id=\"name\" aria-required=\"true\" aria-invalid=\"false\" placeholder=\"Vypl\u0148te Va\u0161e jm\u00e9no\" value=\"\" type=\"text\" name=\"text-474\" \/><\/span>\n\t\t\t<\/p>\n\t\t<\/div>\n\t<\/div>\n\t<div class=\"col-sm-6\">\n\t\t<div class=\"form-group\">\n\t\t\t<p><label for=\"email\">V\u00e1\u0161 email<\/label><br \/>\n<span class=\"wpcf7-form-control-wrap\" data-name=\"email-870\"><input size=\"40\" maxlength=\"400\" class=\"wpcf7-form-control wpcf7-email wpcf7-validates-as-required wpcf7-text wpcf7-validates-as-email form-control\" id=\"email\" aria-required=\"true\" aria-invalid=\"false\" placeholder=\"Vypl\u0148te platnou emailovou adresu\" value=\"\" type=\"email\" name=\"email-870\" \/><\/span>\n\t\t\t<\/p>\n\t\t<\/div>\n\t<\/div>\n\t<div class=\"col-sm-12\">\n\t\t<div class=\"form-group\">\n\t\t\t<p><label for=\"predmet\">P\u0159edm\u011bt<\/label><br \/>\n<span class=\"wpcf7-form-control-wrap\" data-name=\"text-880\"><input size=\"40\" maxlength=\"400\" class=\"wpcf7-form-control wpcf7-text wpcf7-validates-as-required form-control\" id=\"predmet\" aria-required=\"true\" aria-invalid=\"false\" placeholder=\"Vypl\u0148te p\u0159edm\u011bt zpr\u00e1vy\" value=\"\" type=\"text\" name=\"text-880\" \/><\/span>\n\t\t\t<\/p>\n\t\t<\/div>\n\t<\/div>\n\t<div class=\"col-md-12\">\n\t\t<div class=\"form-group\">\n\t\t\t<p><label for=\"message\">Va\u0161e zpr\u00e1va<\/label><br \/>\n<span class=\"wpcf7-form-control-wrap\" data-name=\"textarea-531\"><textarea cols=\"40\" rows=\"10\" maxlength=\"2000\" class=\"wpcf7-form-control wpcf7-textarea wpcf7-validates-as-required form-control\" id=\"message\" aria-required=\"true\" aria-invalid=\"false\" placeholder=\"Napi\u0161te Va\u0161i zpr\u00e1vu\" name=\"textarea-531\"><\/textarea><\/span>\n\t\t\t<\/p>\n\t\t<\/div>\n\t<\/div>\n\t<div class=\"col-md-12\">\n\t\t<div class=\"form-group pt-10 mb-0\">\n\t\t\t<p><button type=\"submit\" class=\"btn ml-5\">Odeslat formul\u00e1\u0159<\/button>\n\t\t\t<\/p>\n\t\t<\/div>\n\t<\/div>\n<\/div><p style=\"display: none !important;\" class=\"akismet-fields-container\" data-prefix=\"_wpcf7_ak_\"><label>&#916;<textarea name=\"_wpcf7_ak_hp_textarea\" cols=\"45\" rows=\"8\" maxlength=\"100\"><\/textarea><\/label><input type=\"hidden\" id=\"ak_js_1\" name=\"_wpcf7_ak_js\" value=\"85\"\/><script type=\"text\/javascript\">\n\/* <![CDATA[ *\/\ndocument.getElementById( \"ak_js_1\" ).setAttribute( \"value\", ( new Date() ).getTime() );\n\/* ]]> *\/\n<\/script>\n<\/p><div class=\"wpcf7-response-output\" aria-hidden=\"true\"><\/div>\n<\/form>\n<\/div>\n                                            <\/div>\r\n                <\/div>\r\n            <\/div>\r\n        <\/div>\r\n    <\/div>\r\n    <!-- Become Volunteer area end -->\r\n\r\n\t\t\t\t<\/div>\n\t\t\t\t<\/div>\n\t\t\t\t\t<\/div>\n\t\t<\/div>\n\t\t\t\t\t<\/div>\n\t\t<\/section>\n\t\t\t\t<section class=\"elementor-section elementor-top-section elementor-element elementor-element-6f28fa8 elementor-section-full_width elementor-section-height-default elementor-section-height-default\" data-id=\"6f28fa8\" data-element_type=\"section\" data-e-type=\"section\">\n\t\t\t\t\t\t<div class=\"elementor-container elementor-column-gap-no\">\n\t\t\t\t\t<div class=\"elementor-column elementor-col-100 elementor-top-column elementor-element elementor-element-60faa42\" data-id=\"60faa42\" data-element_type=\"column\" data-e-type=\"column\">\n\t\t\t<div class=\"elementor-widget-wrap elementor-element-populated\">\n\t\t\t\t\t\t<div class=\"elementor-element elementor-element-39ebb6a elementor-widget elementor-widget-google_maps\" data-id=\"39ebb6a\" data-element_type=\"widget\" data-e-type=\"widget\" data-widget_type=\"google_maps.default\">\n\t\t\t\t\t\t\t<div class=\"elementor-custom-embed\">\n\t\t\t<iframe loading=\"lazy\"\n\t\t\t\t\tsrc=\"https:\/\/maps.google.com\/maps?q=Obecn%C3%AD%20%C3%BA%C5%99ad%20Zub%C5%99%C3%AD%20Nov%C3%A9%20M%C4%9Bsto%20na%20Morav%C4%9B&#038;t=m&#038;z=17&#038;output=embed&#038;iwloc=near\"\n\t\t\t\t\ttitle=\"Obecn\u00ed \u00fa\u0159ad Zub\u0159\u00ed Nov\u00e9 M\u011bsto na Morav\u011b\"\n\t\t\t\t\taria-label=\"Obecn\u00ed \u00fa\u0159ad Zub\u0159\u00ed Nov\u00e9 M\u011bsto na Morav\u011b\"\n\t\t\t><\/iframe>\n\t\t<\/div>\n\t\t\t\t\t\t<\/div>\n\t\t\t\t\t<\/div>\n\t\t<\/div>\n\t\t\t\t\t<\/div>\n\t\t<\/section>\n\t\t\t\t<\/div>\n\t\t","protected":false},"excerpt":{"rendered":"<p>Kontaktn\u00ed osoby \u0160tarha Milan Starosta Luke\u0161 Jan Starosta Jur\u00e1nkov\u00e1 Marta Jednatelka Telefonn\u00ed \u010d\u00edsla Starosta: + 420 734 254 181 Velitel: +420 775 434 227 Jednatelka: +420 737 973 483 Emailov\u00e9 adresy Starosta: starhamilan@gmail.com Velitel: lukes-jan@seznam.cz Jednatelka: martulka7@centrum.cz Kontaktn\u00ed adresa Zub\u0159\u00ed \u010dp 37 592 31 Nov\u00e9 M\u011bsto na Morav\u011b Po\u0161lete n\u00e1m zpr\u00e1vu Vypl\u0148te formul\u00e1\u0159 Va\u0161e jm\u00e9no [&hellip;]<\/p>\n","protected":false},"author":1,"featured_media":0,"parent":0,"menu_order":0,"comment_status":"closed","ping_status":"closed","template":"elementor_header_footer","meta":{"jetpack_post_was_ever_published":false,"footnotes":""},"class_list":["post-3428","page","type-page","status-publish","hentry"],"jetpack_sharing_enabled":true,"jetpack_shortlink":"https:\/\/wp.me\/P91NNl-Ti","_links":{"self":[{"href":"https:\/\/www.obeczubri.cz\/hasici\/wp-json\/wp\/v2\/pages\/3428","targetHints":{"allow":["GET"]}}],"collection":[{"href":"https:\/\/www.obeczubri.cz\/hasici\/wp-json\/wp\/v2\/pages"}],"about":[{"href":"https:\/\/www.obeczubri.cz\/hasici\/wp-json\/wp\/v2\/types\/page"}],"author":[{"embeddable":true,"href":"https:\/\/www.obeczubri.cz\/hasici\/wp-json\/wp\/v2\/users\/1"}],"replies":[{"embeddable":true,"href":"https:\/\/www.obeczubri.cz\/hasici\/wp-json\/wp\/v2\/comments?post=3428"}],"version-history":[{"count":50,"href":"https:\/\/www.obeczubri.cz\/hasici\/wp-json\/wp\/v2\/pages\/3428\/revisions"}],"predecessor-version":[{"id":4168,"href":"https:\/\/www.obeczubri.cz\/hasici\/wp-json\/wp\/v2\/pages\/3428\/revisions\/4168"}],"wp:attachment":[{"href":"https:\/\/www.obeczubri.cz\/hasici\/wp-json\/wp\/v2\/media?parent=3428"}],"curies":[{"name":"wp","href":"https:\/\/api.w.org\/{rel}","templated":true}]}}